{"id":311804,"date":"2022-10-01T10:27:03","date_gmt":"2024-02-06T19:37:38","guid":{"rendered":"https:\/\/www.moskito.cz\/produkt\/schiessmesser-microtech-exocet-geldscheinklammer-stonewashed-157-10-vi\/"},"modified":"2025-05-07T11:02:04","modified_gmt":"2025-05-07T10:02:04","slug":"schiessmesser-microtech-exocet-geldscheinklammer-stonewashed-157-10-vi","status":"publish","type":"product","link":"https:\/\/www.moskito.cz\/de\/produkt\/schiessmesser-microtech-exocet-geldscheinklammer-stonewashed-157-10-vi\/","title":{"rendered":"Schie\u00dfmesser Microtech Exocet Geldscheinklammer Stonewashed 157-10 VI"},"content":{"rendered":"<p>Schie\u00dfmesser Microtech Exocet Geldscheinklammer Stonewashed 157-10 VI.<\/p>\n<p>Als Star der Microtech-Reihe 2019 vereint der Exocet N\u00fctzlichkeit und Alltagstauglichkeit in einem einzigartigen Paket. Innovativ und das erste seiner Art: Dieses automatische OTF verf\u00fcgt \u00fcber eine weniger als 5 cm lange California-Klinge und dient gleichzeitig als Geldscheinklammer, was es ideal f\u00fcr den t\u00e4glichen Gebrauch macht. Sein Aussehen mag Sie \u00fcberraschen, wenn Sie es zum ersten Mal sehen, aber die Angstgef\u00fchle werden verschwinden, wenn Sie es zum ersten Mal ausf\u00fchren. Dieses Messer schie\u00dft schneller und einfacher als jedes andere OTF von Microtech und ist somit das perfekte Geschenk f\u00fcr Ihren Lebensgef\u00e4hrten oder sich selbst.<\/p>\n<p>Aluminiumgriff<br \/>\n Dolchklinge aus Stahl CTS-204P.<br \/>\n Ein-Daumen-Steuerung<br \/>\n Ein doppelseitiger Taschenclip, der als Geldclip fungiert.<\/p>\n<p>Klingenl\u00e4nge: 5 cm<br \/>\n Gesamtl\u00e4nge des Messers: 13,5 cm<br \/>\n Klingenst\u00e4rke: 0,15 cm<\/p>\n<p><iframe title=\"Microtech Combat Troodon Torture Test\" width=\"800\" height=\"450\" src=\"https:\/\/www.youtube.com\/embed\/xE9TeOFYEjg?feature=oembed\" frameborder=\"0\" allow=\"accelerometer; autoplay; clipboard-write; encrypted-media; gyroscope; picture-in-picture; web-share\" allowfullscreen><\/iframe><\/p>\n<p>&nbsp;<\/p>\n","protected":false},"excerpt":{"rendered":"<p>Im Laufe der Jahre hat <strong>Microtech\u00ae<\/strong> Knives Leidenschaft und K\u00f6nnen in die Herstellung von Messern einflie\u00dfen lassen und dabei beinahe Kunstwerke geschaffen, die den Gipfel der Funktionalit\u00e4t darstellen. Es verschiebt weiterhin die Grenzen und verbessert sie. Alle Teile werden in den USA hergestellt.<br \/>\n<strong>F\u00fcr alle Microtech-Messer gilt eine lebenslange Garantie.<\/strong><\/p>\n<p><strong>Kostenloser Versand.<\/strong><\/p>\n","protected":false},"featured_media":311810,"comment_status":"open","ping_status":"closed","template":"","meta":[],"pwb-brand":[3278],"product_brand":[],"product_cat":[3285,3343],"product_tag":[3669],"class_list":{"0":"post-311804","1":"product","2":"type-product","3":"status-publish","4":"has-post-thumbnail","6":"pwb-brand-microtech-de","7":"product_cat-messer","8":"product_cat-schiesmesser","9":"product_tag-b2b-de","11":"first","12":"outofstock","13":"taxable","14":"shipping-taxable","15":"purchasable","16":"product-type-simple"},"brands":[{"id":3278,"name":"Microtech","slug":"microtech-de"}],"_links":{"self":[{"href":"https:\/\/www.moskito.cz\/de\/wp-json\/wp\/v2\/product\/311804","targetHints":{"allow":["GET"]}}],"collection":[{"href":"https:\/\/www.moskito.cz\/de\/wp-json\/wp\/v2\/product"}],"about":[{"href":"https:\/\/www.moskito.cz\/de\/wp-json\/wp\/v2\/types\/product"}],"replies":[{"embeddable":true,"href":"https:\/\/www.moskito.cz\/de\/wp-json\/wp\/v2\/comments?post=311804"}],"wp:featuredmedia":[{"embeddable":true,"href":"https:\/\/www.moskito.cz\/de\/wp-json\/wp\/v2\/media\/311810"}],"wp:attachment":[{"href":"https:\/\/www.moskito.cz\/de\/wp-json\/wp\/v2\/media?parent=311804"}],"wp:term":[{"taxonomy":"pwb-brand","embeddable":true,"href":"https:\/\/www.moskito.cz\/de\/wp-json\/wp\/v2\/pwb-brand?post=311804"},{"taxonomy":"product_brand","embeddable":true,"href":"https:\/\/www.moskito.cz\/de\/wp-json\/wp\/v2\/product_brand?post=311804"},{"taxonomy":"product_cat","embeddable":true,"href":"https:\/\/www.moskito.cz\/de\/wp-json\/wp\/v2\/product_cat?post=311804"},{"taxonomy":"product_tag","embeddable":true,"href":"https:\/\/www.moskito.cz\/de\/wp-json\/wp\/v2\/product_tag?post=311804"}],"curies":[{"name":"wp","href":"https:\/\/api.w.org\/{rel}","templated":true}]}}