{"id":311852,"date":"2022-09-29T21:37:54","date_gmt":"2024-02-06T19:45:49","guid":{"rendered":"https:\/\/www.moskito.cz\/produkt\/schiessmesser-microtech-hera-d-e-violetter-griff-702-1vi\/"},"modified":"2025-05-07T11:02:05","modified_gmt":"2025-05-07T10:02:05","slug":"schiessmesser-microtech-hera-d-e-violetter-griff-702-1vi","status":"publish","type":"product","link":"https:\/\/www.moskito.cz\/de\/produkt\/schiessmesser-microtech-hera-d-e-violetter-griff-702-1vi\/","title":{"rendered":"Schie\u00dfmesser Microtech Hera D\/E Violetter Griff 702-1VI"},"content":{"rendered":"<p>Schie\u00dfmesser <strong>Microtech<\/strong> Hera D\/E Violetter Griff 702-1VI<\/p>\n<p>Microtech Hera D\/E Violetter Griff, schwarze Standardklinge 702-1VI<\/p>\n<p>Das Hera von Microtech Knives ist ein erstaunliches Double-Action-OTF-Messer. Es zeichnet sich durch eine symmetrische Griffform mit hervorragender Ergonomie aus. Bearbeitete Strukturbereiche mit Fragmentmuster am Ende beider Seiten des Rahmens erh\u00f6hen die Griffigkeit und verleihen dem Gesamtstil etwas Cooles. Dieses Messer ist stilvoll und hat die perfekte Gr\u00f6\u00dfe f\u00fcr den t\u00e4glichen Gebrauch. Sanfte und kraftvolle Aktion. Eine gro\u00dfe gefr\u00e4ste Kugelschnalle und zwei Klingen runden dieses Paket ab und machen es zu einem echten Hingucker im \u00fcberf\u00fcllten Feld an OTF-Angeboten!<\/p>\n<p>Dieses Modell verf\u00fcgt \u00fcber einen lila eloxierten 6061-T6-Aluminiumgriff mit dem Claw-Logo auf der Vorderseite. Zweischneidige Dolchklinge aus M390-Edelstahl mit schwarzer Spitze. Schwarz lackierte Hardware und gefr\u00e4ste Kugelschnalle. Auf der R\u00fcckseite des Griffs finden Sie Informationen zum Modell, zur Seriennummer und zum Herstellungsdatum.<\/p>\n<p>Spezifikationen<br \/>\nKlingenl\u00e4nge: 8 cm<br \/>\nGesamtl\u00e4nge: 19 cm<br \/>\nKlingenmaterial: M390 \u2013 Bitte beachten Sie, dass die Stahlklinge nicht angegeben werden kann, da sie je nach Verf\u00fcgbarkeit variieren kann (Informationen von Microtech).<br \/>\nKlingenstil: Doppelschneidiger Dolch<br \/>\nKlingenschliff: Flach<br \/>\nOberfl\u00e4chenbehandlung der Klinge: Stonewash<br \/>\nGriffmaterial: Schwarz eloxiertes Flugzeugaluminium<br \/>\nVerriegelungsmechanismus: Daumenschieber<br \/>\nTaschenclip: Titan (klappbar, rechts)<br \/>\nDesigner: Tony und Sean Marfione<br \/>\nHergestellt in den USA<\/p>\n<p><iframe title=\"Microtech Combat Troodon Torture Test\" width=\"800\" height=\"450\" src=\"https:\/\/www.youtube.com\/embed\/xE9TeOFYEjg?feature=oembed\" frameborder=\"0\" allow=\"accelerometer; autoplay; clipboard-write; encrypted-media; gyroscope; picture-in-picture; web-share\" allowfullscreen><\/iframe><\/p>\n<p>&nbsp;<\/p>\n","protected":false},"excerpt":{"rendered":"<p>Im Laufe der Jahre hat <strong>Microtech\u00ae<\/strong> Knives Messer mit Leidenschaft und K\u00f6nnen gef\u00fcllt, um nahezu Kunstwerke zu schaffen, die den Gipfel der Funktionalit\u00e4t darstellen. Alle Teile werden in den USA hergestellt.<br \/>\n<strong>Alle Microtech-Messer haben eine lebenslange Garantie (mindestens 80.000 Zyklen, \u00d6ffnen und Schlie\u00dfen).<\/strong><\/p>\n<p><strong>Kostenloser Transport.<\/strong><\/p>\n","protected":false},"featured_media":311854,"comment_status":"open","ping_status":"closed","template":"","meta":[],"pwb-brand":[3278],"product_brand":[],"product_cat":[3285,3343],"product_tag":[3669],"class_list":{"0":"post-311852","1":"product","2":"type-product","3":"status-publish","4":"has-post-thumbnail","6":"pwb-brand-microtech-de","7":"product_cat-messer","8":"product_cat-schiesmesser","9":"product_tag-b2b-de","11":"first","12":"instock","13":"taxable","14":"shipping-taxable","15":"purchasable","16":"product-type-simple"},"brands":[{"id":3278,"name":"Microtech","slug":"microtech-de"}],"_links":{"self":[{"href":"https:\/\/www.moskito.cz\/de\/wp-json\/wp\/v2\/product\/311852","targetHints":{"allow":["GET"]}}],"collection":[{"href":"https:\/\/www.moskito.cz\/de\/wp-json\/wp\/v2\/product"}],"about":[{"href":"https:\/\/www.moskito.cz\/de\/wp-json\/wp\/v2\/types\/product"}],"replies":[{"embeddable":true,"href":"https:\/\/www.moskito.cz\/de\/wp-json\/wp\/v2\/comments?post=311852"}],"wp:featuredmedia":[{"embeddable":true,"href":"https:\/\/www.moskito.cz\/de\/wp-json\/wp\/v2\/media\/311854"}],"wp:attachment":[{"href":"https:\/\/www.moskito.cz\/de\/wp-json\/wp\/v2\/media?parent=311852"}],"wp:term":[{"taxonomy":"pwb-brand","embeddable":true,"href":"https:\/\/www.moskito.cz\/de\/wp-json\/wp\/v2\/pwb-brand?post=311852"},{"taxonomy":"product_brand","embeddable":true,"href":"https:\/\/www.moskito.cz\/de\/wp-json\/wp\/v2\/product_brand?post=311852"},{"taxonomy":"product_cat","embeddable":true,"href":"https:\/\/www.moskito.cz\/de\/wp-json\/wp\/v2\/product_cat?post=311852"},{"taxonomy":"product_tag","embeddable":true,"href":"https:\/\/www.moskito.cz\/de\/wp-json\/wp\/v2\/product_tag?post=311852"}],"curies":[{"name":"wp","href":"https:\/\/api.w.org\/{rel}","templated":true}]}}