{"id":311868,"date":"2022-09-29T20:03:09","date_gmt":"2024-02-06T19:45:52","guid":{"rendered":"https:\/\/www.moskito.cz\/produkt\/microtech-combat-troodon-signature-series-142-3frocs-schiessmesser\/"},"modified":"2025-05-07T11:02:06","modified_gmt":"2025-05-07T10:02:06","slug":"microtech-combat-troodon-signature-series-142-3frocs-schiessmesser","status":"publish","type":"product","link":"https:\/\/www.moskito.cz\/de\/produkt\/microtech-combat-troodon-signature-series-142-3frocs-schiessmesser\/","title":{"rendered":"Microtech Combat Troodon Signature Series 142-3FROCS Schie\u00dfmesser"},"content":{"rendered":"<p><strong>Microtech<\/strong> Combat Troodon Signature Series 142-3FROCS Schie\u00dfmesser.<\/p>\n<p><strong>Microtech Combat Troodon<\/strong> D\/E Frag Olive Camo Full Serrated Grenade Lanyard Bead Bead Signature Series 142-3FROCS<\/p>\n<p>Das gr\u00f6\u00dfte OTF-Messer von Microtech Knives ist nach dem Troodon-Dinosaurier benannt. Combat Troodon ist eine wirklich gro\u00dfe Version des beliebten Troodon. Trotz seiner Gr\u00f6\u00dfe f\u00fchlt sich der Griff schlank und bequem an. Die Aktion ist nat\u00fcrlich von Microtech hervorragend, wie man es erwarten w\u00fcrde. Gro\u00df und b\u00f6se!<\/p>\n<p>Dieses Signature-Modell in limitierter Auflage verf\u00fcgt \u00fcber einen Griff aus eloxiertem Aluminium mit olivfarbenem Camo-Cerakote-Finish. Klinge aus rostfreiem M390-Stahl in olivgr\u00fcner Tarnung mit Cerakote-Doppelschneide und vollst\u00e4ndiger Verzahnung auf einer Seite. Schwarzes Design, doppelseitiger Taschenclip und Glasbrecher. Der Taschenclip ist mit der Seriennummer, dem Herstellungsdatum, dem Claw-Logo und dem Signature-Serienlogo gekennzeichnet. Diese Version enth\u00e4lt ein schwarzes Paracord-Lanyard und passende Cerakote-Perlen.<\/p>\n<p>Klingenl\u00e4nge: 9,5 cm<br \/>\nKlingenst\u00e4rke: 0,33 cm<br \/>\nKlingenmaterial: M390<br \/>\nKlingenstil: Drop Point<br \/>\nEins\u00e4tze: Flach<br \/>\nGriffl\u00e4nge: 13,3 cm<br \/>\nGriffst\u00e4rke: 1,4 cm<br \/>\nGriffmaterial: Aluminium<br \/>\nGewicht: 5,45 Unzen.<br \/>\nBenutzer: Rechte Hand<br \/>\nTaschenclip: Tip-Down<br \/>\nMessertyp: Automatisch<br \/>\n\u00d6ffner: Daumenschieber<br \/>\nMarke: Microtech<br \/>\nModell: Combat Troodon<br \/>\nHerkunftsland: USA<\/p>\n<p><iframe title=\"Microtech Combat Troodon Torture Test\" width=\"800\" height=\"450\" src=\"https:\/\/www.youtube.com\/embed\/xE9TeOFYEjg?feature=oembed\" frameborder=\"0\" allow=\"accelerometer; autoplay; clipboard-write; encrypted-media; gyroscope; picture-in-picture; web-share\" allowfullscreen><\/iframe><\/p>\n<p>&nbsp;<\/p>\n","protected":false},"excerpt":{"rendered":"<p>Im Laufe der Jahre hat <strong>Microtech\u00ae<\/strong> Knives Messer mit Leidenschaft und K\u00f6nnen gef\u00fcllt, um nahezu Kunstwerke zu schaffen, die den Gipfel der Funktionalit\u00e4t darstellen. Alle Teile werden in den USA hergestellt.<br \/>\n<strong>F\u00fcr alle Microtech-Messer gilt eine lebenslange Garantie.<\/strong><\/p>\n<p><strong>Kostenloser Transport.<\/strong><\/p>\n","protected":false},"featured_media":311872,"comment_status":"open","ping_status":"closed","template":"","meta":[],"pwb-brand":[3278],"product_brand":[],"product_cat":[3285,3343],"product_tag":[3669],"class_list":{"0":"post-311868","1":"product","2":"type-product","3":"status-publish","4":"has-post-thumbnail","6":"pwb-brand-microtech-de","7":"product_cat-messer","8":"product_cat-schiesmesser","9":"product_tag-b2b-de","11":"first","12":"instock","13":"taxable","14":"shipping-taxable","15":"purchasable","16":"product-type-simple"},"brands":[{"id":3278,"name":"Microtech","slug":"microtech-de"}],"_links":{"self":[{"href":"https:\/\/www.moskito.cz\/de\/wp-json\/wp\/v2\/product\/311868","targetHints":{"allow":["GET"]}}],"collection":[{"href":"https:\/\/www.moskito.cz\/de\/wp-json\/wp\/v2\/product"}],"about":[{"href":"https:\/\/www.moskito.cz\/de\/wp-json\/wp\/v2\/types\/product"}],"replies":[{"embeddable":true,"href":"https:\/\/www.moskito.cz\/de\/wp-json\/wp\/v2\/comments?post=311868"}],"wp:featuredmedia":[{"embeddable":true,"href":"https:\/\/www.moskito.cz\/de\/wp-json\/wp\/v2\/media\/311872"}],"wp:attachment":[{"href":"https:\/\/www.moskito.cz\/de\/wp-json\/wp\/v2\/media?parent=311868"}],"wp:term":[{"taxonomy":"pwb-brand","embeddable":true,"href":"https:\/\/www.moskito.cz\/de\/wp-json\/wp\/v2\/pwb-brand?post=311868"},{"taxonomy":"product_brand","embeddable":true,"href":"https:\/\/www.moskito.cz\/de\/wp-json\/wp\/v2\/product_brand?post=311868"},{"taxonomy":"product_cat","embeddable":true,"href":"https:\/\/www.moskito.cz\/de\/wp-json\/wp\/v2\/product_cat?post=311868"},{"taxonomy":"product_tag","embeddable":true,"href":"https:\/\/www.moskito.cz\/de\/wp-json\/wp\/v2\/product_tag?post=311868"}],"curies":[{"name":"wp","href":"https:\/\/api.w.org\/{rel}","templated":true}]}}