{"id":311958,"date":"2022-07-14T10:35:08","date_gmt":"2024-02-06T19:53:55","guid":{"rendered":"https:\/\/www.moskito.cz\/produkt\/feststehendes-messer-microtech-socom-alpha-114-12\/"},"modified":"2025-05-07T11:02:09","modified_gmt":"2025-05-07T10:02:09","slug":"feststehendes-messer-microtech-socom-alpha-114-12","status":"publish","type":"product","link":"https:\/\/www.moskito.cz\/de\/produkt\/feststehendes-messer-microtech-socom-alpha-114-12\/","title":{"rendered":"Feststehendes Messer Microtech Socom Alpha 114-12"},"content":{"rendered":"<p>Feststehendes Messer <strong>Microtech<\/strong> Socom Alpha 114-12<\/p>\n<p>Das Socom Alpha ist ein feststehendes Elitemesser, das auf dem beliebten Socom-Klappmesser basiert. Der Griff ist ungef\u00e4hr gleich gro\u00df, aber die massive Klinge des Socom Alpha hat eine etwas l\u00e4ngere Klinge, wodurch ein perfekt ausbalanciertes Messer entsteht. Es richtet sich an taktische Benutzer, Sammler und alle, die eine Klinge von h\u00f6chster Qualit\u00e4t sch\u00e4tzen.<\/p>\n<p>Dieses Allover-Design verf\u00fcgt \u00fcber Kanten rund um den Griff, um Ihnen die sicherste Handhabung dieser taktischen feststehenden Klinge zu erm\u00f6glichen. Die gefr\u00e4sten G10-Schalen haben eine konturierte Form f\u00fcr maximalen ergonomischen Halt und schaffen eine perfekte Harmonie zwischen Benutzer und Instrument. Die Tanto-Klinge ist flach mit abgerundetem R\u00fccken, dezentem Bauch und einer rauen apokalyptischen Oberfl\u00e4che. Das Socom Alpha strahlt als taktisches und praktisches feststehendes Messer die Aura eines erstklassigen Benutzers aus. Es wird mit absolut engen Toleranzen hergestellt, sodass Sie sicher sein k\u00f6nnen, dass es alles aush\u00e4lt, was Ihnen entgegengeworfen wird. Wird mit einem Carbonfaser-Kydex-Holster mit Blade-Tech MOLLE LOKs f\u00fcr mehrere Trageoptionen geliefert, die ihren spezifischen Vorlieben entsprechen.<\/p>\n<p>Spezifikationen<br \/>\nKlingenl\u00e4nge: 14 cm<br \/>\nGriffl\u00e4nge: 12 cm<br \/>\nGesamtl\u00e4nge: 26 cm<\/p>\n<p>Stahl: M390<br \/>\nKlingenstil: Tanto<br \/>\nKlingenschliff: Flach<br \/>\nOberfl\u00e4chenbehandlung der Klinge: Stonewash<br \/>\nGriffmaterial: schwarzes G10<br \/>\nMantelmaterial: Kydex mit Karbonfaser-Finish<br \/>\nGewicht: 8,4 Unzen.<br \/>\nGewicht mit Koffer: 12,6 Unzen.<br \/>\nDesigner: Tony Marfione<br \/>\nHergestellt in den USA<\/p>\n<p><iframe title=\"Microtech Combat Troodon Torture Test\" width=\"800\" height=\"450\" src=\"https:\/\/www.youtube.com\/embed\/xE9TeOFYEjg?feature=oembed\" frameborder=\"0\" allow=\"accelerometer; autoplay; clipboard-write; encrypted-media; gyroscope; picture-in-picture; web-share\" allowfullscreen><\/iframe><\/p>\n<p>&nbsp;<\/p>\n<p>&nbsp;<\/p>\n","protected":false},"excerpt":{"rendered":"<div class=\"elementor-element elementor-element-bbb542b elementor-widget elementor-widget-woocommerce-product-short-description\" data-id=\"bbb542b\" data-element_type=\"widget\" data-widget_type=\"woocommerce-product-short-description.default\">\n<div class=\"elementor-widget-container\">\n<div class=\"woocommerce-product-details__short-description\">\n<div class=\"elementor-element elementor-element-bbb542b elementor-widget elementor-widget-woocommerce-product-short-description\" data-id=\"bbb542b\" data-element_type=\"widget\" data-widget_type=\"woocommerce-product-short-description.default\">\n<div class=\"elementor-widget-container\">\n<div class=\"woocommerce-product-details__short-description\">\n<p>Im Laufe der Jahre hat <strong>Microtech\u00ae<\/strong> Knives Messer mit Leidenschaft und K\u00f6nnen gef\u00fcllt, um nahezu Kunstwerke zu schaffen, die den Gipfel der Funktionalit\u00e4t darstellen. Alle Teile werden in den USA hergestellt.<br \/>\n<strong>F\u00fcr alle Microtech-Messer gilt eine lebenslange Garantie.<\/strong><\/p>\n<p><strong>Kostenloser Transport.<\/strong><\/p>\n<\/div>\n<\/div>\n<\/div>\n<\/div>\n<\/div>\n<\/div>\n","protected":false},"featured_media":311972,"comment_status":"open","ping_status":"closed","template":"","meta":[],"pwb-brand":[3278],"product_brand":[],"product_cat":[3285,3287],"product_tag":[3669],"class_list":{"0":"post-311958","1":"product","2":"type-product","3":"status-publish","4":"has-post-thumbnail","6":"pwb-brand-microtech-de","7":"product_cat-messer","8":"product_cat-solide-messer","9":"product_tag-b2b-de","11":"first","12":"instock","13":"taxable","14":"shipping-taxable","15":"purchasable","16":"product-type-simple"},"brands":[{"id":3278,"name":"Microtech","slug":"microtech-de"}],"_links":{"self":[{"href":"https:\/\/www.moskito.cz\/de\/wp-json\/wp\/v2\/product\/311958","targetHints":{"allow":["GET"]}}],"collection":[{"href":"https:\/\/www.moskito.cz\/de\/wp-json\/wp\/v2\/product"}],"about":[{"href":"https:\/\/www.moskito.cz\/de\/wp-json\/wp\/v2\/types\/product"}],"replies":[{"embeddable":true,"href":"https:\/\/www.moskito.cz\/de\/wp-json\/wp\/v2\/comments?post=311958"}],"wp:featuredmedia":[{"embeddable":true,"href":"https:\/\/www.moskito.cz\/de\/wp-json\/wp\/v2\/media\/311972"}],"wp:attachment":[{"href":"https:\/\/www.moskito.cz\/de\/wp-json\/wp\/v2\/media?parent=311958"}],"wp:term":[{"taxonomy":"pwb-brand","embeddable":true,"href":"https:\/\/www.moskito.cz\/de\/wp-json\/wp\/v2\/pwb-brand?post=311958"},{"taxonomy":"product_brand","embeddable":true,"href":"https:\/\/www.moskito.cz\/de\/wp-json\/wp\/v2\/product_brand?post=311958"},{"taxonomy":"product_cat","embeddable":true,"href":"https:\/\/www.moskito.cz\/de\/wp-json\/wp\/v2\/product_cat?post=311958"},{"taxonomy":"product_tag","embeddable":true,"href":"https:\/\/www.moskito.cz\/de\/wp-json\/wp\/v2\/product_tag?post=311958"}],"curies":[{"name":"wp","href":"https:\/\/api.w.org\/{rel}","templated":true}]}}