{"id":311962,"date":"2022-06-09T21:04:47","date_gmt":"2024-02-06T19:53:55","guid":{"rendered":"https:\/\/www.moskito.cz\/produkt\/microtech-signature-series-utx-85-ii-231ii-1ts-schiessmesser\/"},"modified":"2025-05-07T11:02:09","modified_gmt":"2025-05-07T10:02:09","slug":"microtech-signature-series-utx-85-ii-231ii-1ts-schiessmesser","status":"publish","type":"product","link":"https:\/\/www.moskito.cz\/de\/produkt\/microtech-signature-series-utx-85-ii-231ii-1ts-schiessmesser\/","title":{"rendered":"Microtech Signature Series UTX-85 II 231II-1TS Schie\u00dfmesser"},"content":{"rendered":"<p><strong>Microtech<\/strong> Signature Series UTX-85 II 231II-1TS Schie\u00dfmesser.<\/p>\n<p>Das Microtech UTX-85 OTF-Messer ist die perfekte Kombination aus kompakter Gr\u00f6\u00dfe und gro\u00dfartiger Leistung. Der Microtech UTX-85 ist 85 % so gro\u00df wie der Ultratech und wird aus denselben Materialien, auf denselben Maschinen und mit demselben Einfallsreichtum wie sein Vorg\u00e4nger hergestellt. Das Microtech UTX-85 ist das perfekte Messer f\u00fcr alle Situationen \u2013 egal welche Aufgabe Sie schneiden; es wird sich nahtlos in Ihren Lebensstil einf\u00fcgen. Dank des schnellen \u00d6ffnens und Schlie\u00dfens mit einer Hand ist die Arbeit in Sekundenschnelle erledigt. Ausgestattet mit einem doppelseitigen Taschenclip und kompakter Gr\u00f6\u00dfe ist es die perfekte Wahl f\u00fcr den t\u00e4glichen Gebrauch und Transport.<\/p>\n<p>Spezifikationen<br \/>\nAktion: Doppelte Aktion \u2013 automatisches Ausl\u00f6sen\/automatischer R\u00fcckzug<br \/>\nDicke: 0,31 cm<br \/>\nKlingenl\u00e4nge: 7,5 cm<br \/>\n<strong>Bitte beachten Sie, dass der Klingenstahl nicht angegeben werden kann, da dieser je nach Verf\u00fcgbarkeit variieren kann (Informationen von Microtech).<\/strong><br \/>\nKlingenstil: Drop Point<br \/>\nChassis: 6061-T6 AL-Legierung, schwarze Mil-Spec-Hartbeschichtung eloxiert<br \/>\nGriffmaterial: Bearbeitetes Aluminium<br \/>\nL\u00e4nge geschlossen: 11 cm<br \/>\nGesamtl\u00e4nge: 18,45 cm<br \/>\nTaschenclip: Edelstahl 301<br \/>\nStandard-Obermaterial: 6061-T6 AL-Legierung<br \/>\nAbzug: Edelstahl 303<br \/>\nGewicht: 2,8 Unzen.<br \/>\nHergestellt in den USA<\/p>\n<p><iframe title=\"Microtech Combat Troodon Torture Test\" width=\"800\" height=\"450\" src=\"https:\/\/www.youtube.com\/embed\/xE9TeOFYEjg?feature=oembed\" frameborder=\"0\" allow=\"accelerometer; autoplay; clipboard-write; encrypted-media; gyroscope; picture-in-picture; web-share\" allowfullscreen><\/iframe><\/p>\n<p>&nbsp;<\/p>\n","protected":false},"excerpt":{"rendered":"<p>Im Laufe der Jahre hat Microtech\u00ae Knives Messer mit Leidenschaft und K\u00f6nnen gef\u00fcllt, um nahezu Kunstwerke zu schaffen, die den Gipfel der Funktionalit\u00e4t darstellen. Es verschiebt weiterhin die Grenzen und verbessert sie. Alle Teile werden in den USA hergestellt.<br \/>\n<strong>F\u00fcr alle Microtech-Messer gilt eine lebenslange Garantie.<\/strong><\/p>\n<p><strong>Kostenloser Transport.<\/strong><\/p>\n","protected":false},"featured_media":311971,"comment_status":"open","ping_status":"closed","template":"","meta":[],"pwb-brand":[3278],"product_brand":[],"product_cat":[3285,3343],"product_tag":[3669],"class_list":{"0":"post-311962","1":"product","2":"type-product","3":"status-publish","4":"has-post-thumbnail","6":"pwb-brand-microtech-de","7":"product_cat-messer","8":"product_cat-schiesmesser","9":"product_tag-b2b-de","11":"first","12":"instock","13":"taxable","14":"shipping-taxable","15":"purchasable","16":"product-type-simple"},"brands":[{"id":3278,"name":"Microtech","slug":"microtech-de"}],"_links":{"self":[{"href":"https:\/\/www.moskito.cz\/de\/wp-json\/wp\/v2\/product\/311962","targetHints":{"allow":["GET"]}}],"collection":[{"href":"https:\/\/www.moskito.cz\/de\/wp-json\/wp\/v2\/product"}],"about":[{"href":"https:\/\/www.moskito.cz\/de\/wp-json\/wp\/v2\/types\/product"}],"replies":[{"embeddable":true,"href":"https:\/\/www.moskito.cz\/de\/wp-json\/wp\/v2\/comments?post=311962"}],"wp:featuredmedia":[{"embeddable":true,"href":"https:\/\/www.moskito.cz\/de\/wp-json\/wp\/v2\/media\/311971"}],"wp:attachment":[{"href":"https:\/\/www.moskito.cz\/de\/wp-json\/wp\/v2\/media?parent=311962"}],"wp:term":[{"taxonomy":"pwb-brand","embeddable":true,"href":"https:\/\/www.moskito.cz\/de\/wp-json\/wp\/v2\/pwb-brand?post=311962"},{"taxonomy":"product_brand","embeddable":true,"href":"https:\/\/www.moskito.cz\/de\/wp-json\/wp\/v2\/product_brand?post=311962"},{"taxonomy":"product_cat","embeddable":true,"href":"https:\/\/www.moskito.cz\/de\/wp-json\/wp\/v2\/product_cat?post=311962"},{"taxonomy":"product_tag","embeddable":true,"href":"https:\/\/www.moskito.cz\/de\/wp-json\/wp\/v2\/product_tag?post=311962"}],"curies":[{"name":"wp","href":"https:\/\/api.w.org\/{rel}","templated":true}]}}