{"id":312061,"date":"2022-07-13T14:29:29","date_gmt":"2024-02-06T19:54:14","guid":{"rendered":"https:\/\/www.moskito.cz\/produkt\/schiessmesser-microtech-utx-85-apocalyptic-stonewash-231-10apod\/"},"modified":"2025-05-07T11:02:13","modified_gmt":"2025-05-07T10:02:13","slug":"schiessmesser-microtech-utx-85-apocalyptic-stonewash-231-10apod","status":"publish","type":"product","link":"https:\/\/www.moskito.cz\/de\/produkt\/schiessmesser-microtech-utx-85-apocalyptic-stonewash-231-10apod\/","title":{"rendered":"Schie\u00dfmesser Microtech UTX-85 Apocalyptic Stonewash 231-10APOD"},"content":{"rendered":"<p>Schie\u00dfmesser <strong>Microtech<\/strong> UTX-85 Apocalyptic Stonewash 231-10APOD<\/p>\n<p><strong>Das Microtech UTX-85-<\/strong> Messer wurde von vorne radikal neu gestaltet und verf\u00fcgt jetzt \u00fcber einen neuen konturierten Griff, aktualisierte dreieckige Hardware, einen neu gestalteten Daumenschieber und einen Glasbrecher, der jetzt \u00fcber ein geformtes Kugellager f\u00fcr komfortablere, aber dennoch funktionelle Benutzer verf\u00fcgt. Erfahrungen. Dieses fantastische Double-Action-Messer hat die perfekte Gr\u00f6\u00dfe und wie der Name schon sagt, ist das UTX-85 85 % so gro\u00df wie das Flaggschiff-Ultratech-Messer, bietet aber 100 % Leistungsf\u00e4higkeit. Dieses Modell, das 231-10APOD, verf\u00fcgt \u00fcber einen soliden olivgr\u00fcnen Griff mit Standard-Hardware und integrierter Glassplitterfunktion sowie eine Drop-Point-Klinge mit apokalyptischem Stonewash-Finish. Hergestellt in den USA.<\/p>\n<p>Gesamtl\u00e4nge: 18,75 cm<br \/>\nKlingenl\u00e4nge: 7,81 cm<br \/>\nSchnittkante: 7,17 cm<br \/>\nKlingenst\u00e4rke: 0,32 cm<br \/>\nKlingenmaterial: B\u00f6hler M390<br \/>\nEins\u00e4tze: Flach<br \/>\nGriffl\u00e4nge: 10,92 cm<br \/>\nGriffst\u00e4rke: 1,17 cm<br \/>\nGriffmaterial: Aluminium<br \/>\nGewicht: 3,06 Unzen.<br \/>\nBenutzer: Rechte Hand<br \/>\nTaschenclip: Tip-Down<br \/>\nMessertyp: Double-Action OTF Automatic<br \/>\n\u00d6ffner: Daumenschieber<br \/>\nMarke: Microtech<br \/>\nModell: UTX-85<br \/>\nHerkunftsland: USA<br \/>\nBeste Verwendung: Taktisch<\/p>\n<p><iframe title=\"Microtech Combat Troodon Torture Test\" width=\"800\" height=\"450\" src=\"https:\/\/www.youtube.com\/embed\/xE9TeOFYEjg?feature=oembed\" frameborder=\"0\" allow=\"accelerometer; autoplay; clipboard-write; encrypted-media; gyroscope; picture-in-picture; web-share\" allowfullscreen><\/iframe><\/p>\n<p>&nbsp;<\/p>\n","protected":false},"excerpt":{"rendered":"<div class=\"elementor-element elementor-element-bbb542b elementor-widget elementor-widget-woocommerce-product-short-description\" data-id=\"bbb542b\" data-element_type=\"widget\" data-widget_type=\"woocommerce-product-short-description.default\">\n<div class=\"elementor-widget-container\">\n<div class=\"woocommerce-product-details__short-description\">\n<p>Im Laufe der Jahre hat <strong>Microtech\u00ae Knives<\/strong> Messer mit Leidenschaft und K\u00f6nnen gef\u00fcllt, um nahezu Kunstwerke zu schaffen, die den Gipfel der Funktionalit\u00e4t darstellen. Alle Teile werden in den USA hergestellt.<br \/>\n<strong>F\u00fcr alle Microtech-Messer gilt eine lebenslange Garantie.<\/strong><\/p>\n<p><strong>Kostenloser Transport.<\/strong><\/p>\n<\/div>\n<\/div>\n<\/div>\n","protected":false},"featured_media":312076,"comment_status":"open","ping_status":"closed","template":"","meta":[],"pwb-brand":[3278],"product_brand":[],"product_cat":[3285,3343],"product_tag":[3669],"class_list":{"0":"post-312061","1":"product","2":"type-product","3":"status-publish","4":"has-post-thumbnail","6":"pwb-brand-microtech-de","7":"product_cat-messer","8":"product_cat-schiesmesser","9":"product_tag-b2b-de","11":"first","12":"instock","13":"taxable","14":"shipping-taxable","15":"purchasable","16":"product-type-simple"},"brands":[{"id":3278,"name":"Microtech","slug":"microtech-de"}],"_links":{"self":[{"href":"https:\/\/www.moskito.cz\/de\/wp-json\/wp\/v2\/product\/312061","targetHints":{"allow":["GET"]}}],"collection":[{"href":"https:\/\/www.moskito.cz\/de\/wp-json\/wp\/v2\/product"}],"about":[{"href":"https:\/\/www.moskito.cz\/de\/wp-json\/wp\/v2\/types\/product"}],"replies":[{"embeddable":true,"href":"https:\/\/www.moskito.cz\/de\/wp-json\/wp\/v2\/comments?post=312061"}],"wp:featuredmedia":[{"embeddable":true,"href":"https:\/\/www.moskito.cz\/de\/wp-json\/wp\/v2\/media\/312076"}],"wp:attachment":[{"href":"https:\/\/www.moskito.cz\/de\/wp-json\/wp\/v2\/media?parent=312061"}],"wp:term":[{"taxonomy":"pwb-brand","embeddable":true,"href":"https:\/\/www.moskito.cz\/de\/wp-json\/wp\/v2\/pwb-brand?post=312061"},{"taxonomy":"product_brand","embeddable":true,"href":"https:\/\/www.moskito.cz\/de\/wp-json\/wp\/v2\/product_brand?post=312061"},{"taxonomy":"product_cat","embeddable":true,"href":"https:\/\/www.moskito.cz\/de\/wp-json\/wp\/v2\/product_cat?post=312061"},{"taxonomy":"product_tag","embeddable":true,"href":"https:\/\/www.moskito.cz\/de\/wp-json\/wp\/v2\/product_tag?post=312061"}],"curies":[{"name":"wp","href":"https:\/\/api.w.org\/{rel}","templated":true}]}}