{"id":312069,"date":"2022-06-10T15:33:02","date_gmt":"2024-02-06T19:54:14","guid":{"rendered":"https:\/\/www.moskito.cz\/produkt\/schiessmesser-heretic-knives-manticore-e-otf-auto-messer-elmax-battleworn-zweifarbige-recurve-klinge-schwarze-aluminiumgriffe-h029-8a\/"},"modified":"2026-03-09T18:51:08","modified_gmt":"2026-03-09T17:51:08","slug":"schiessmesser-heretic-knives-manticore-e-otf-auto-messer-elmax-battleworn-zweifarbige-recurve-klinge-schwarze-aluminiumgriffe-h029-8a","status":"publish","type":"product","link":"https:\/\/www.moskito.cz\/de\/produkt\/schiessmesser-heretic-knives-manticore-e-otf-auto-messer-elmax-battleworn-zweifarbige-recurve-klinge-schwarze-aluminiumgriffe-h029-8a\/","title":{"rendered":"Schie\u00dfmesser Heretic Knives Manticore E OTF AUTO Messer Elmax Battleworn Zweifarbige Recurve-Klinge, schwarze Aluminiumgriffe \u2013 H029-8A"},"content":{"rendered":"<p>Schie\u00dfmesser <strong>Heretic Knives<\/strong> Manticore E OTF AUTO Messer Elmax Battleworn Zweifarbige Recurve-Klinge, schwarze Aluminiumgriffe \u2013 H029-8A<\/p>\n<p>Der Manticore E von Heretic Knives f\u00e4llt genau in die Manticore-Reihe und liegt in der Gr\u00f6\u00dfe genau zwischen den Modellen S und Dieses Messer wird zu 100 % in den USA hergestellt und zusammengebaut und verf\u00fcgt \u00fcber eine lebenslange Garantie, sodass Sie sicher sein k\u00f6nnen, dass dieses OTF lange h\u00e4lt. Es verf\u00fcgt \u00fcber eine seidenweiche, einh\u00e4ndige Passform und Zugkraft, die im gesamten Manticore-Sortiment Standard ist. Die E-Variante verf\u00fcgt \u00fcber eine ideale 3-Zoll-Klinge, eine integrierte Fangriemen\u00f6se, einen Glasbrecher aus geh\u00e4rtetem Stahl und eine tiefe Schnalle. Durch sein schlankes Profil und seine leichte Beschaffenheit l\u00e4sst es sich leicht in Reichweite tragen und ist jederzeit einsatzbereit. Die Action macht s\u00fcchtig, die Ergonomie stimmt und die Verarbeitungsqualit\u00e4t ist erstklassig.<strong>  Du wirst nicht entt\u00e4uscht sein!!<\/strong><br \/>\nSpezifikationen<\/p>\n<p>Klingenl\u00e4nge: <span id=\"cwos\" class=\"qv3Wpe\">7,62<\/span> cm<br \/>\nGesamtl\u00e4nge: <span id=\"cwos\" class=\"qv3Wpe\">19,37<\/span> cm<br \/>\nKlingenmaterial: Elmax-Edelstahl<br \/>\nKlingenstil: Recurve<br \/>\nKlingenschliff: Flach<br \/>\nKlingenfinish: Combat Two-Tone<br \/>\nGriffmaterial: schwarzes Aluminium<br \/>\nVerriegelungsmechanismus: Schiebend<br \/>\nTaschenclip: Deep Carry (nach unten klappen, rechts tragen)<br \/>\nGewicht: 3,3 Unzen.<br \/>\nDesigner: Tony Marfione Jr.<br \/>\nHergestellt in den USA<\/p>\n<p>&nbsp;<\/p>\n<p><iframe title=\"Microtech Combat Troodon Torture Test\" width=\"800\" height=\"450\" src=\"https:\/\/www.youtube.com\/embed\/xE9TeOFYEjg?feature=oembed\" frameborder=\"0\" allow=\"accelerometer; autoplay; clipboard-write; encrypted-media; gyroscope; picture-in-picture; web-share\" allowfullscreen><\/iframe><\/p>\n<p>&nbsp;<\/p>\n","protected":false},"excerpt":{"rendered":"<p>Alle unsere Messer werden in den USA hergestellt und das wird auch so bleiben. Wenn Sie eines unserer Messer kaufen, k\u00f6nnen Sie darauf vertrauen, dass Ihr Werkzeug von einem amerikanischen Unternehmen unterst\u00fctzt wird. Unsere Messer werden in kleinen Mengen hergestellt, um sicherzustellen, dass Sie ein Qualit\u00e4tsmesser erhalten, das die Aufmerksamkeit erh\u00e4lt, die andere massenproduzierte Messer nicht erhalten!!<\/p>\n","protected":false},"featured_media":312086,"comment_status":"open","ping_status":"closed","template":"","meta":[],"pwb-brand":[3665],"product_brand":[],"product_cat":[3285,3343],"product_tag":[3669],"class_list":{"0":"post-312069","1":"product","2":"type-product","3":"status-publish","4":"has-post-thumbnail","6":"pwb-brand-ketzermesser","7":"product_cat-messer","8":"product_cat-schiesmesser","9":"product_tag-b2b-de","11":"first","12":"outofstock","13":"taxable","14":"shipping-taxable","15":"purchasable","16":"product-type-simple"},"brands":[{"id":3665,"name":"Ketzermesser","slug":"ketzermesser"}],"_links":{"self":[{"href":"https:\/\/www.moskito.cz\/de\/wp-json\/wp\/v2\/product\/312069","targetHints":{"allow":["GET"]}}],"collection":[{"href":"https:\/\/www.moskito.cz\/de\/wp-json\/wp\/v2\/product"}],"about":[{"href":"https:\/\/www.moskito.cz\/de\/wp-json\/wp\/v2\/types\/product"}],"replies":[{"embeddable":true,"href":"https:\/\/www.moskito.cz\/de\/wp-json\/wp\/v2\/comments?post=312069"}],"wp:featuredmedia":[{"embeddable":true,"href":"https:\/\/www.moskito.cz\/de\/wp-json\/wp\/v2\/media\/312086"}],"wp:attachment":[{"href":"https:\/\/www.moskito.cz\/de\/wp-json\/wp\/v2\/media?parent=312069"}],"wp:term":[{"taxonomy":"pwb-brand","embeddable":true,"href":"https:\/\/www.moskito.cz\/de\/wp-json\/wp\/v2\/pwb-brand?post=312069"},{"taxonomy":"product_brand","embeddable":true,"href":"https:\/\/www.moskito.cz\/de\/wp-json\/wp\/v2\/product_brand?post=312069"},{"taxonomy":"product_cat","embeddable":true,"href":"https:\/\/www.moskito.cz\/de\/wp-json\/wp\/v2\/product_cat?post=312069"},{"taxonomy":"product_tag","embeddable":true,"href":"https:\/\/www.moskito.cz\/de\/wp-json\/wp\/v2\/product_tag?post=312069"}],"curies":[{"name":"wp","href":"https:\/\/api.w.org\/{rel}","templated":true}]}}