{"id":312097,"date":"2022-07-13T10:36:40","date_gmt":"2024-02-06T19:54:16","guid":{"rendered":"https:\/\/www.moskito.cz\/produkt\/schiessmesser-microtech-ultratech-ii-stonewashed-123ii-11s\/"},"modified":"2025-05-07T11:02:14","modified_gmt":"2025-05-07T10:02:14","slug":"schiessmesser-microtech-ultratech-ii-stonewashed-123ii-11s","status":"publish","type":"product","link":"https:\/\/www.moskito.cz\/de\/produkt\/schiessmesser-microtech-ultratech-ii-stonewashed-123ii-11s\/","title":{"rendered":"Schie\u00dfmesser Microtech Ultratech II Stonewashed 123II-11S"},"content":{"rendered":"<p>Schie\u00dfmesser <strong>Microtech<\/strong> Ultratech II Stonewashed 123II-11S<\/p>\n<p>Im Laufe der Jahre hat Microtech\u00ae Knives Leidenschaft und K\u00f6nnen in die Schaffung von Kunstwerken gesteckt, die in Funktion und Form auf h\u00f6chstem Niveau sind. Wir verschieben weiterhin die Grenzen und verbessern das, von dem wir bereits wissen, dass es funktioniert.<\/p>\n<p>Microtech Knives hat sich zu einer f\u00fchrenden Marke entwickelt, die sich st\u00e4ndig weiterentwickelt und vorantreibt, indem sie die neueste Technologie, alte Klingenprinzipien und maximale Feldtests nutzt, um sicherzustellen, dass wir das bestm\u00f6gliche Produkt liefern.<\/p>\n<p>Griff: Der Griff aus hart eloxiertem 6061-T6-Aluminium verf\u00fcgt \u00fcber abgeschr\u00e4gte Kanten f\u00fcr mehr Komfort sowie eine traktionsstarke Fr\u00e4sung und R\u00e4ndelung f\u00fcr sicheren Halt auch unter widrigen Bedingungen. Der unauff\u00e4llige Look wird durch taktische schwarze Beschl\u00e4ge sowie einen Clip und ein Glasbruchende vervollst\u00e4ndigt. Der Clip ist mit dem Herstellungsdatum und der Seriennummer gekennzeichnet.<\/p>\n<p>Es wird mit dem passenden Edelstahlclip getragen.<\/p>\n<p>Bohler M390: Bohler M390 (analog zu CPM-20CV und CTS-204P) ist ein Premium-Edelstahl aus der Pulvermetallurgie (PM) mit hohem Karbidgehalt f\u00fcr hervorragende Schnitthaltigkeit und Korrosionsbest\u00e4ndigkeit, w\u00e4hrend er relativ leicht zu sch\u00e4rfen ist. Eine beliebte Wahl f\u00fcr High-End-Produktions- und kundenspezifische Messer. Das relativ hohe Karbidvolumen und die grobe Mikrostruktur verleihen diesem Stahl eine geringere Z\u00e4higkeit.<\/p>\n<p>Gesamtl\u00e4nge: 22 cm<br \/>\nKlingenl\u00e4nge: 8,6 cm<br \/>\nKlingenmaterial: B\u00f6hler M390<br \/>\nEins\u00e4tze: Flach<br \/>\nGriffmaterial: Aluminium<br \/>\nGewicht: 3,60 Unzen.<br \/>\nBenutzer: Rechte Hand<br \/>\nTaschenclip: Tip-Down<br \/>\nMessertyp: Double-Action OTF Automatic<br \/>\n\u00d6ffner: Daumenschieber<br \/>\nMarke: Microtech<br \/>\nModell: Ultratech<br \/>\nHerkunftsland: USA<br \/>\nBeste Verwendung: T\u00e4glich<\/p>\n<p><iframe title=\"Microtech Combat Troodon Torture Test\" width=\"800\" height=\"450\" src=\"https:\/\/www.youtube.com\/embed\/xE9TeOFYEjg?feature=oembed\" frameborder=\"0\" allow=\"accelerometer; autoplay; clipboard-write; encrypted-media; gyroscope; picture-in-picture; web-share\" allowfullscreen><\/iframe><\/p>\n<p>&nbsp;<\/p>\n","protected":false},"excerpt":{"rendered":"<div class=\"elementor-element elementor-element-bbb542b elementor-widget elementor-widget-woocommerce-product-short-description\" data-id=\"bbb542b\" data-element_type=\"widget\" data-widget_type=\"woocommerce-product-short-description.default\">\n<div class=\"elementor-widget-container\">\n<div class=\"woocommerce-product-details__short-description\">\n<div class=\"elementor-element elementor-element-bbb542b elementor-widget elementor-widget-woocommerce-product-short-description\" data-id=\"bbb542b\" data-element_type=\"widget\" data-widget_type=\"woocommerce-product-short-description.default\">\n<div class=\"elementor-widget-container\">\n<div class=\"woocommerce-product-details__short-description\">\n<p>Im Laufe der Jahre hat <strong>Microtech\u00ae Knives<\/strong> Messer mit Leidenschaft und K\u00f6nnen gef\u00fcllt, um nahezu Kunstwerke zu schaffen, die den Gipfel der Funktionalit\u00e4t darstellen. Alle Teile werden in den USA hergestellt.<br \/>\n<strong>F\u00fcr alle Microtech-Messer gilt eine lebenslange Garantie.<\/strong><\/p>\n<p><strong>Kostenloser Transport.<\/strong><\/p>\n<\/div>\n<\/div>\n<\/div>\n<\/div>\n<\/div>\n<\/div>\n","protected":false},"featured_media":312105,"comment_status":"open","ping_status":"closed","template":"","meta":[],"pwb-brand":[3278],"product_brand":[],"product_cat":[3285,3343],"product_tag":[3669],"class_list":{"0":"post-312097","1":"product","2":"type-product","3":"status-publish","4":"has-post-thumbnail","6":"pwb-brand-microtech-de","7":"product_cat-messer","8":"product_cat-schiesmesser","9":"product_tag-b2b-de","11":"first","12":"instock","13":"taxable","14":"shipping-taxable","15":"purchasable","16":"product-type-simple"},"brands":[{"id":3278,"name":"Microtech","slug":"microtech-de"}],"_links":{"self":[{"href":"https:\/\/www.moskito.cz\/de\/wp-json\/wp\/v2\/product\/312097","targetHints":{"allow":["GET"]}}],"collection":[{"href":"https:\/\/www.moskito.cz\/de\/wp-json\/wp\/v2\/product"}],"about":[{"href":"https:\/\/www.moskito.cz\/de\/wp-json\/wp\/v2\/types\/product"}],"replies":[{"embeddable":true,"href":"https:\/\/www.moskito.cz\/de\/wp-json\/wp\/v2\/comments?post=312097"}],"wp:featuredmedia":[{"embeddable":true,"href":"https:\/\/www.moskito.cz\/de\/wp-json\/wp\/v2\/media\/312105"}],"wp:attachment":[{"href":"https:\/\/www.moskito.cz\/de\/wp-json\/wp\/v2\/media?parent=312097"}],"wp:term":[{"taxonomy":"pwb-brand","embeddable":true,"href":"https:\/\/www.moskito.cz\/de\/wp-json\/wp\/v2\/pwb-brand?post=312097"},{"taxonomy":"product_brand","embeddable":true,"href":"https:\/\/www.moskito.cz\/de\/wp-json\/wp\/v2\/product_brand?post=312097"},{"taxonomy":"product_cat","embeddable":true,"href":"https:\/\/www.moskito.cz\/de\/wp-json\/wp\/v2\/product_cat?post=312097"},{"taxonomy":"product_tag","embeddable":true,"href":"https:\/\/www.moskito.cz\/de\/wp-json\/wp\/v2\/product_tag?post=312097"}],"curies":[{"name":"wp","href":"https:\/\/api.w.org\/{rel}","templated":true}]}}