{"id":312235,"date":"2022-04-21T14:28:54","date_gmt":"2024-02-06T20:26:38","guid":{"rendered":"https:\/\/www.moskito.cz\/produkt\/schiessmesser-microtech-utx-70-satin-double-edge-147-4vi\/"},"modified":"2025-05-07T11:02:19","modified_gmt":"2025-05-07T10:02:19","slug":"schiessmesser-microtech-utx-70-satin-double-edge-147-4vi","status":"publish","type":"product","link":"https:\/\/www.moskito.cz\/de\/produkt\/schiessmesser-microtech-utx-70-satin-double-edge-147-4vi\/","title":{"rendered":"Schie\u00dfmesser Microtech UTX-70 Satin Double Edge 147-4VI"},"content":{"rendered":"<p>Schie\u00dfmesser <strong>Microtech<\/strong> UTX-70 Satin Double Edge 147-4VI<\/p>\n<p>Der UTX-70 ist die perfekte Kombination aus kompakter Gr\u00f6\u00dfe und gro\u00dfartiger Leistung. Mit einer Gr\u00f6\u00dfe von 70 % Ultratech wird der UTX-70 aus denselben Materialien, auf denselben Maschinen und mit demselben Einfallsreichtum wie sein Vorg\u00e4nger hergestellt. Das UTX-70 ist das perfekte Messer f\u00fcr alle Situationen, egal welche Schneidaufgabe Sie haben, es f\u00fcgt sich nahtlos in Ihren Lebensstil ein. Dank des schnellen \u00d6ffnens und Schlie\u00dfens mit einer Hand ist die Arbeit in Sekundenschnelle erledigt. F\u00fcr den UTX-70 stehen viele Optionen zur Verf\u00fcgung, wie z. B. einschneidige, zweischneidige oder Tanto-Klingenstile. Es sind auch eine Aluminium-Oberplatte, eine schwarze Karbonfaserplatte oder eine Platin-Kohlefaser-Oberplatte erh\u00e4ltlich. Ausgestattet mit einem doppelseitigen Taschenclip und kompakter Gr\u00f6\u00dfe ist es die perfekte Wahl f\u00fcr den t\u00e4glichen Gebrauch und Transport.<\/p>\n<p><strong>Bitte beachten Sie, dass der Klingenstahl nicht angegeben werden kann, da dieser je nach Verf\u00fcgbarkeit variieren kann (Informationen von Microtech).<\/strong><\/p>\n<p>Gesamtl\u00e4nge: 14,07 cm<br \/>\nKlingenl\u00e4nge: 6,02 cm<br \/>\nKlingenst\u00e4rke: 0,2 cm<br \/>\nKlingenmaterial: B\u00f6hler M390<br \/>\nH\u00e4rte: 59-60 \u00b0 RC<br \/>\nKlingenstil: Drop Point<br \/>\nEins\u00e4tze: Flach<br \/>\nGriffl\u00e4nge: 8,05 cm<br \/>\nGriffst\u00e4rke: 0,8 cm<\/p>\n<p><iframe title=\"Microtech Combat Troodon Torture Test\" width=\"800\" height=\"450\" src=\"https:\/\/www.youtube.com\/embed\/xE9TeOFYEjg?feature=oembed\" frameborder=\"0\" allow=\"accelerometer; autoplay; clipboard-write; encrypted-media; gyroscope; picture-in-picture; web-share\" allowfullscreen><\/iframe><\/p>\n<p>&nbsp;<\/p>\n<p>Der UTX-70 ist die perfekte Kombination aus kompakter Gr\u00f6\u00dfe und gro\u00dfer Leistung. Der UTX-70 ist 70 % so gro\u00df wie der Ultratech und wird mit demselben Material, auf denselben Maschinen und mit demselben Einfallsreichtum wie sein Vorg\u00e4nger hergestellt. Das UTX-70 ist das perfekte Messer f\u00fcr alle Situationen, egal welche Schneidaufgabe Sie haben, es f\u00fcgt sich nahtlos in Ihren Lebensstil ein. Durch das schnelle \u00d6ffnen und Schlie\u00dfen mit einer Hand ist die Arbeit in Sekundenschnelle erledigt. Der UTX-70 verf\u00fcgt \u00fcber viele verf\u00fcgbare Optionen, wie z. B. einschneidige, zweischneidige oder Tanto-Klingenstile. Ebenfalls erh\u00e4ltlich sind ein Aluminium-Oberteil, ein schwarzes Karbonfaser-Oberteil oder ein Platin-Kohlefaser-Oberteil. Ausgestattet mit einem beidh\u00e4ndigen Taschenclip und kompakter Gr\u00f6\u00dfe ist dies die perfekte Wahl f\u00fcr den t\u00e4glichen Gebrauch und Transport.<\/p>\n<p>Spezifikationen<\/p>\n<p>Aktion: Doppelte Aktion \u2013 automatisches Ausl\u00f6sen\/automatischer R\u00fcckzug<br \/>\nDicke: 0,08 Zoll<br \/>\nKlingenl\u00e4nge: 2,41 Zoll<br \/>\nKlingenstil: Dolch, Satin, Doppelschneide<br \/>\nChassis: 6061-T6 AL-Legierung, Mil-Spec-Hartbeschichtung, eloxiert<br \/>\nGriffst\u00e4rke: 0,31 Zoll<br \/>\nL\u00e4nge geschlossen: 3,22&#8243;<br \/>\nGesamtl\u00e4nge: 5,63<br \/>\nTaschenclip: Vollharter Edelstahl 301<br \/>\nStandardoberteil: 6061-T6 AL-Legierung<br \/>\nAbzug: Edelstahl 303<br \/>\nGewicht: 1,2 Unzen.<br \/>\nBitte beachten Sie, dass der Klingenstahl nicht angegeben werden kann, da er sich je nach Verf\u00fcgbarkeit \u00e4ndern kann (Informationen von Microtech).<br \/>\nHergestellt in den USA<\/p>\n<p>&nbsp;<\/p>\n","protected":false},"excerpt":{"rendered":"<div class=\"elementor-element elementor-element-bbb542b elementor-widget elementor-widget-woocommerce-product-short-description\" data-id=\"bbb542b\" data-element_type=\"widget\" data-widget_type=\"woocommerce-product-short-description.default\">\n<div class=\"elementor-widget-container\">\n<div class=\"woocommerce-product-details__short-description\">\n<div class=\"elementor-element elementor-element-bbb542b elementor-widget elementor-widget-woocommerce-product-short-description\" data-id=\"bbb542b\" data-element_type=\"widget\" data-widget_type=\"woocommerce-product-short-description.default\">\n<div class=\"elementor-widget-container\">\n<div class=\"woocommerce-product-details__short-description\">\n<p>Im Laufe der Jahre hat <strong>Microtech\u00ae<\/strong> Knives Messer mit Leidenschaft und K\u00f6nnen gef\u00fcllt, um nahezu Kunstwerke zu schaffen, die den Gipfel der Funktionalit\u00e4t darstellen. Alle Teile werden in den USA hergestellt.<br \/>\n<strong>F\u00fcr alle Microtech-Messer gilt eine lebenslange Garantie.<\/strong><\/p>\n<p><strong>Kostenloser Transport.<\/strong><\/p>\n<\/div>\n<\/div>\n<\/div>\n<\/div>\n<\/div>\n<\/div>\n","protected":false},"featured_media":312237,"comment_status":"open","ping_status":"closed","template":"","meta":[],"pwb-brand":[3278],"product_brand":[],"product_cat":[3285,3343],"product_tag":[3669],"class_list":{"0":"post-312235","1":"product","2":"type-product","3":"status-publish","4":"has-post-thumbnail","6":"pwb-brand-microtech-de","7":"product_cat-messer","8":"product_cat-schiesmesser","9":"product_tag-b2b-de","11":"first","12":"outofstock","13":"taxable","14":"shipping-taxable","15":"purchasable","16":"product-type-simple"},"brands":[{"id":3278,"name":"Microtech","slug":"microtech-de"}],"_links":{"self":[{"href":"https:\/\/www.moskito.cz\/de\/wp-json\/wp\/v2\/product\/312235","targetHints":{"allow":["GET"]}}],"collection":[{"href":"https:\/\/www.moskito.cz\/de\/wp-json\/wp\/v2\/product"}],"about":[{"href":"https:\/\/www.moskito.cz\/de\/wp-json\/wp\/v2\/types\/product"}],"replies":[{"embeddable":true,"href":"https:\/\/www.moskito.cz\/de\/wp-json\/wp\/v2\/comments?post=312235"}],"wp:featuredmedia":[{"embeddable":true,"href":"https:\/\/www.moskito.cz\/de\/wp-json\/wp\/v2\/media\/312237"}],"wp:attachment":[{"href":"https:\/\/www.moskito.cz\/de\/wp-json\/wp\/v2\/media?parent=312235"}],"wp:term":[{"taxonomy":"pwb-brand","embeddable":true,"href":"https:\/\/www.moskito.cz\/de\/wp-json\/wp\/v2\/pwb-brand?post=312235"},{"taxonomy":"product_brand","embeddable":true,"href":"https:\/\/www.moskito.cz\/de\/wp-json\/wp\/v2\/product_brand?post=312235"},{"taxonomy":"product_cat","embeddable":true,"href":"https:\/\/www.moskito.cz\/de\/wp-json\/wp\/v2\/product_cat?post=312235"},{"taxonomy":"product_tag","embeddable":true,"href":"https:\/\/www.moskito.cz\/de\/wp-json\/wp\/v2\/product_tag?post=312235"}],"curies":[{"name":"wp","href":"https:\/\/api.w.org\/{rel}","templated":true}]}}