{"id":312281,"date":"2022-04-03T18:10:40","date_gmt":"2024-02-06T20:28:45","guid":{"rendered":"https:\/\/www.moskito.cz\/produkt\/microtech-makora-stonewashed-signature-series-206-10s-schiessmesser\/"},"modified":"2025-05-07T11:02:23","modified_gmt":"2025-05-07T10:02:23","slug":"microtech-makora-stonewashed-signature-series-206-10s-schiessmesser","status":"publish","type":"product","link":"https:\/\/www.moskito.cz\/de\/produkt\/microtech-makora-stonewashed-signature-series-206-10s-schiessmesser\/","title":{"rendered":"Microtech Makora Stonewashed Signature Series 206-10S Schie\u00dfmesser"},"content":{"rendered":"<p><strong>Microtech<\/strong> Makora Stonewashed Signature Series 206-10S Schie\u00dfmesser<\/p>\n<p>Schwarze, doppelschneidige (D\/E) glatte Klinge der Makora Signature-Serie mit Stonewash-Finish. Out the Front (OTF) Double-Action-Messer. Schwarz eloxierter 6061-T6-Aluminiumgriff mit Bandeinlage und M390-Stahlklinge.<\/p>\n<p>Gesamtl\u00e4nge: 9,44 Zoll (239,7125 mm)<br \/>\nL\u00e4nge im geschlossenen Zustand: 6,19&#8243; (157,15 mm)<br \/>\nKlingenl\u00e4nge: 3,25&#8243; (82,55 mm)<br \/>\nKlingenst\u00e4rke: 0,125 Zoll (3,175 mm)<br \/>\nOberfl\u00e4chenbehandlung der Klinge: Stonewashed<br \/>\nRandstil: einfarbig<br \/>\nGriffmaterial: schwarzes Aluminium<br \/>\nTaschenclip: Tip-Down<br \/>\nGewicht: 3,4 oz (96,39 g)<\/p>\n<p><iframe title=\"Microtech Combat Troodon Torture Test\" width=\"800\" height=\"450\" src=\"https:\/\/www.youtube.com\/embed\/xE9TeOFYEjg?feature=oembed\" frameborder=\"0\" allow=\"accelerometer; autoplay; clipboard-write; encrypted-media; gyroscope; picture-in-picture; web-share\" allowfullscreen><\/iframe><\/p>\n<p>&nbsp;<\/p>\n<p>&nbsp;<\/p>\n<p>Schwarze Doppelschneide (D\/E) der Makora Signature-Serie mit einer glatten Klinge mit Stonewash-Finish. Double Action Out the Front (OTF) Messer. Schwarz eloxierter 6061-T6-Aluminiumgriff mit Griptape-Einsatz und M390-Stahlklinge.<\/p>\n<p>Microtech Makora \u2013 Double Edge \u2013 Schwarz mit Stonewash Plain Edge 206-10 S<br \/>\nModellnummer: 206-10 S<br \/>\nGesamtl\u00e4nge: 8 5\/8&#8243;<br \/>\nKlingenl\u00e4nge: 3,5 Zoll<br \/>\nGriffl\u00e4nge: 5 1\/8&#8243;<br \/>\nKlingenmaterial: M390<br \/>\nKlingenstil: Doppelschneide<br \/>\nFinish: Stonewash<br \/>\nFarbe: Schwarz<br \/>\nGewicht: 3,4 Unzen.<\/p>\n","protected":false},"excerpt":{"rendered":"<p>Im Laufe der Jahre hat <strong>Microtech\u00ae<\/strong> Knives Messer mit Leidenschaft und K\u00f6nnen gef\u00fcllt, um nahezu Kunstwerke zu schaffen, die den Gipfel der Funktionalit\u00e4t darstellen. Alle Teile werden in den USA hergestellt.<br \/>\n<strong>Alle Microtech-Messer haben eine lebenslange Garantie (mindestens 80.000 Zyklen, \u00d6ffnen und Schlie\u00dfen).<\/strong><\/p>\n<p><strong>Kostenloser Transport.<\/strong><\/p>\n","protected":false},"featured_media":312282,"comment_status":"open","ping_status":"closed","template":"","meta":[],"pwb-brand":[3278],"product_brand":[],"product_cat":[3285,3343],"product_tag":[3669],"class_list":{"0":"post-312281","1":"product","2":"type-product","3":"status-publish","4":"has-post-thumbnail","6":"pwb-brand-microtech-de","7":"product_cat-messer","8":"product_cat-schiesmesser","9":"product_tag-b2b-de","11":"first","12":"instock","13":"taxable","14":"shipping-taxable","15":"purchasable","16":"product-type-simple"},"brands":[{"id":3278,"name":"Microtech","slug":"microtech-de"}],"_links":{"self":[{"href":"https:\/\/www.moskito.cz\/de\/wp-json\/wp\/v2\/product\/312281","targetHints":{"allow":["GET"]}}],"collection":[{"href":"https:\/\/www.moskito.cz\/de\/wp-json\/wp\/v2\/product"}],"about":[{"href":"https:\/\/www.moskito.cz\/de\/wp-json\/wp\/v2\/types\/product"}],"replies":[{"embeddable":true,"href":"https:\/\/www.moskito.cz\/de\/wp-json\/wp\/v2\/comments?post=312281"}],"wp:featuredmedia":[{"embeddable":true,"href":"https:\/\/www.moskito.cz\/de\/wp-json\/wp\/v2\/media\/312282"}],"wp:attachment":[{"href":"https:\/\/www.moskito.cz\/de\/wp-json\/wp\/v2\/media?parent=312281"}],"wp:term":[{"taxonomy":"pwb-brand","embeddable":true,"href":"https:\/\/www.moskito.cz\/de\/wp-json\/wp\/v2\/pwb-brand?post=312281"},{"taxonomy":"product_brand","embeddable":true,"href":"https:\/\/www.moskito.cz\/de\/wp-json\/wp\/v2\/product_brand?post=312281"},{"taxonomy":"product_cat","embeddable":true,"href":"https:\/\/www.moskito.cz\/de\/wp-json\/wp\/v2\/product_cat?post=312281"},{"taxonomy":"product_tag","embeddable":true,"href":"https:\/\/www.moskito.cz\/de\/wp-json\/wp\/v2\/product_tag?post=312281"}],"curies":[{"name":"wp","href":"https:\/\/api.w.org\/{rel}","templated":true}]}}