{"id":312323,"date":"2022-03-30T16:47:55","date_gmt":"2024-02-06T20:33:36","guid":{"rendered":"https:\/\/www.moskito.cz\/produkt\/schiessmesser-microtech-troodon-140-1t\/"},"modified":"2025-05-07T11:02:25","modified_gmt":"2025-05-07T10:02:25","slug":"schiessmesser-microtech-troodon-140-1t","status":"publish","type":"product","link":"https:\/\/www.moskito.cz\/de\/produkt\/schiessmesser-microtech-troodon-140-1t\/","title":{"rendered":"Schie\u00dfmesser Microtech Troodon 140-1T"},"content":{"rendered":"<p>Schie\u00dfmesser <strong>Microtech<\/strong> Troodon 140-1T<\/p>\n<p>Der Troodon ist 25 % kleiner als der Combat Troodon, verf\u00fcgt \u00fcber ein schlankes Design und einen einfacher abzufeuernden Aktionsmechanismus. Das Design richtet sich an ein breiteres Publikum, das die praktische Funktionalit\u00e4t eines OTF ben\u00f6tigt, jedoch ohne das Gewicht eines vollwertigen Combat Troodon.<\/p>\n<p>Benannt nach dem Dinosaurier Troodon (troh-o-don), l\u00e4utet dieses Messer eine neue \u00c4ra f\u00fcr Microtech Knives ein. Troodon bedeutet auf Griechisch \u201eZahnwunde\u201c. Zu den neuen Verbesserungen geh\u00f6ren ein neuer schlanker Griff, eine konturierte Form und radikale Designelemente sowie ein ausgekl\u00fcgelter interner Mechanismus, der die Betriebsfunktionalit\u00e4t und Zuverl\u00e4ssigkeit verbessert. Troodon kombiniert neue Spitzentechnologie mit dem Gef\u00fchl klassischer Microtech. Dieses Projekt wurde pers\u00f6nlich von Anthony Marfione geleitet und bestand aus einer internen Zusammenarbeit des Microtech-Teams. Der Troodon war 2006 das Flaggschiff der gesamten Produktlinie von Microtech.<\/p>\n<p>Gesamtl\u00e4nge: 19,2 cm<br \/>\nKlingenl\u00e4nge: 7,5 cm<br \/>\nKlingenmaterial: 204P<br \/>\nKlingenstil: Dolch<br \/>\nEins\u00e4tze: Flach<br \/>\nRandtyp: Uni<br \/>\nGriffl\u00e4nge: 10,63 cm<br \/>\nGriffst\u00e4rke: 1,12 cm<br \/>\nGriffmaterial: Aluminium<br \/>\nGewicht: 3,00 Unzen.<br \/>\nBenutzer: Rechte Hand<br \/>\nTaschenclip: Tip-Down<br \/>\nMessertyp: Automatisch<br \/>\n\u00d6ffner: Daumenschieber<br \/>\nMarke: Microtech<br \/>\nModell: Troodon<br \/>\nHerkunftsland: USA<\/p>\n<p><iframe title=\"Microtech Combat Troodon Torture Test\" width=\"800\" height=\"450\" src=\"https:\/\/www.youtube.com\/embed\/xE9TeOFYEjg?feature=oembed\" frameborder=\"0\" allow=\"accelerometer; autoplay; clipboard-write; encrypted-media; gyroscope; picture-in-picture; web-share\" allowfullscreen><\/iframe><\/p>\n<p>&nbsp;<\/p>\n<p>Microtech-Messer | Troodon<\/p>\n<p>Der Troodon ist 25 % kleiner als der Combat Troodon und verf\u00fcgt \u00fcber ein schlankes Design und einen einfacher abzufeuernden Aktionsmechanismus. Das Design richtet sich an ein breiteres Publikum, das die praktische Funktionalit\u00e4t eines OTF ben\u00f6tigt, jedoch nicht das Gewicht eines Combat Troodon in Originalgr\u00f6\u00dfe.<\/p>\n<p>Spezifikationen:<br \/>\nGesamtl\u00e4nge: 7,64 Zoll (194 mm)<br \/>\nGeschlossene L\u00e4nge: 4,57&#8243; (116 mm)<br \/>\nKlingenl\u00e4nge: 3,08 Zoll (78 mm)<br \/>\nSchneidenl\u00e4nge: 2,96&#8243; (75mm)<br \/>\nKlingenst\u00e4rke: 0,079 Zoll (2 mm)<br \/>\nKlingenoberfl\u00e4che: Schwarz<br \/>\nKlingenstil: Tanto<br \/>\nKantenstil: schlicht<br \/>\nGriffmaterial: Schwarzes Aluminium<br \/>\nGriffst\u00e4rke: 0,4 Zoll (10 mm)<br \/>\nTaschenclip: Tip-Down<br \/>\nGewicht: 2,8 Unzen (79,38 g)<br \/>\nHersteller Ref. #: 140-1T<br \/>\nHerkunftsland: USA<\/p>\n<p>&nbsp;<\/p>\n","protected":false},"excerpt":{"rendered":"<div class=\"elementor-element elementor-element-bbb542b elementor-widget elementor-widget-woocommerce-product-short-description\" data-id=\"bbb542b\" data-element_type=\"widget\" data-widget_type=\"woocommerce-product-short-description.default\">\n<div class=\"elementor-widget-container\">\n<div class=\"woocommerce-product-details__short-description\">\n<p>Im Laufe der Jahre hat <strong>Microtech\u00ae<\/strong> Knives Messer mit Leidenschaft und K\u00f6nnen gef\u00fcllt, um nahezu Kunstwerke zu schaffen, die den Gipfel der Funktionalit\u00e4t darstellen. Alle Teile werden in den USA hergestellt.<br \/>\n<strong>Alle Microtech-Messer haben eine lebenslange Garantie (mindestens 80.000 Zyklen, \u00d6ffnen und Schlie\u00dfen).<\/strong><\/p>\n<p><strong>Kostenloser Transport.<\/strong><\/p>\n<\/div>\n<\/div>\n<\/div>\n","protected":false},"featured_media":312326,"comment_status":"open","ping_status":"closed","template":"","meta":[],"pwb-brand":[3278],"product_brand":[],"product_cat":[3285,3343],"product_tag":[3669],"class_list":{"0":"post-312323","1":"product","2":"type-product","3":"status-publish","4":"has-post-thumbnail","6":"pwb-brand-microtech-de","7":"product_cat-messer","8":"product_cat-schiesmesser","9":"product_tag-b2b-de","11":"first","12":"instock","13":"taxable","14":"shipping-taxable","15":"purchasable","16":"product-type-simple"},"brands":[{"id":3278,"name":"Microtech","slug":"microtech-de"}],"_links":{"self":[{"href":"https:\/\/www.moskito.cz\/de\/wp-json\/wp\/v2\/product\/312323","targetHints":{"allow":["GET"]}}],"collection":[{"href":"https:\/\/www.moskito.cz\/de\/wp-json\/wp\/v2\/product"}],"about":[{"href":"https:\/\/www.moskito.cz\/de\/wp-json\/wp\/v2\/types\/product"}],"replies":[{"embeddable":true,"href":"https:\/\/www.moskito.cz\/de\/wp-json\/wp\/v2\/comments?post=312323"}],"wp:featuredmedia":[{"embeddable":true,"href":"https:\/\/www.moskito.cz\/de\/wp-json\/wp\/v2\/media\/312326"}],"wp:attachment":[{"href":"https:\/\/www.moskito.cz\/de\/wp-json\/wp\/v2\/media?parent=312323"}],"wp:term":[{"taxonomy":"pwb-brand","embeddable":true,"href":"https:\/\/www.moskito.cz\/de\/wp-json\/wp\/v2\/pwb-brand?post=312323"},{"taxonomy":"product_brand","embeddable":true,"href":"https:\/\/www.moskito.cz\/de\/wp-json\/wp\/v2\/product_brand?post=312323"},{"taxonomy":"product_cat","embeddable":true,"href":"https:\/\/www.moskito.cz\/de\/wp-json\/wp\/v2\/product_cat?post=312323"},{"taxonomy":"product_tag","embeddable":true,"href":"https:\/\/www.moskito.cz\/de\/wp-json\/wp\/v2\/product_tag?post=312323"}],"curies":[{"name":"wp","href":"https:\/\/api.w.org\/{rel}","templated":true}]}}