{"id":312346,"date":"2022-03-07T21:37:06","date_gmt":"2024-02-06T20:33:39","guid":{"rendered":"https:\/\/www.moskito.cz\/produkt\/schiessmesser-microtech-utx-70-red-148-2rd\/"},"modified":"2025-05-07T11:02:25","modified_gmt":"2025-05-07T10:02:25","slug":"schiessmesser-microtech-utx-70-red-148-2rd","status":"publish","type":"product","link":"https:\/\/www.moskito.cz\/de\/produkt\/schiessmesser-microtech-utx-70-red-148-2rd\/","title":{"rendered":"Schie\u00dfmesser Microtech UTX-70 RED 148-2RD"},"content":{"rendered":"<p>Schie\u00dfmesser <strong>Microtech<\/strong> UTX-70 RED 148-2RD.<\/p>\n<p>Der UTX-70 ist die perfekte Kombination aus kompakter Gr\u00f6\u00dfe und gro\u00dfartiger Leistung. Der UTX-70 ist 70 % so gro\u00df wie der Ultratech und wird aus denselben Materialien, auf denselben Maschinen und mit demselben Einfallsreichtum wie sein Vorg\u00e4nger hergestellt. Das UTX-70 ist das perfekte Messer f\u00fcr alle Situationen, unabh\u00e4ngig von Ihrer Schneidaufgabe, und f\u00fcgt sich nahtlos in Ihren Lebensstil ein. Dank des schnellen einh\u00e4ndigen \u00d6ffnens und Schlie\u00dfens ist die Arbeit in wenigen Sekunden erledigt. F\u00fcr den UTX-70 stehen zahlreiche Optionen zur Verf\u00fcgung, z. B. Einzelkanten-, Doppelkanten- (dieses Modell) oder Tanto-Stile. Es sind auch ein Aluminium-Oberteil, ein schwarzes Karbonfaser-Oberteil oder ein Platin-Kohlefaser-Oberteil erh\u00e4ltlich. Es verf\u00fcgt \u00fcber einen doppelseitigen Taschenclip und eine kompakte Gr\u00f6\u00dfe, was es zur idealen Wahl f\u00fcr den t\u00e4glichen Gebrauch und Transport macht.<\/p>\n<p>Gesamtl\u00e4nge: 14,07 cm<br \/>\nKlingenl\u00e4nge: 6,02 cm<br \/>\nKlingenst\u00e4rke: 0,2 cm<br \/>\nKlingenmaterial: B\u00f6hler M390<br \/>\nH\u00e4rte: 59-60 \u00b0 RC<br \/>\nKlingenstil: Drop Point<br \/>\nEins\u00e4tze: Flach<br \/>\nRandtyp: Uni<br \/>\nGriffl\u00e4nge: 8,05 cm<br \/>\nGriffst\u00e4rke: 0,8 cm<br \/>\nGriffmaterial: Aluminium<br \/>\nGewicht: 1,24 Unzen.<br \/>\nBenutzer: Rechte Hand<br \/>\nTaschenclip: Tip-Down<br \/>\nMessertyp: Double-Action OTF Automatic<br \/>\n\u00d6ffner: Daumenschieber<br \/>\nMarke: Microtech<br \/>\nModell: UTX-70<br \/>\nHerkunftsland: USA<br \/>\nBeste Verwendung: allt\u00e4gliches Tragen, taktisch<\/p>\n<p><iframe title=\"Microtech Combat Troodon Torture Test\" width=\"800\" height=\"450\" src=\"https:\/\/www.youtube.com\/embed\/xE9TeOFYEjg?feature=oembed\" frameborder=\"0\" allow=\"accelerometer; autoplay; clipboard-write; encrypted-media; gyroscope; picture-in-picture; web-share\" allowfullscreen><\/iframe><\/p>\n<p>&nbsp;<\/p>\n","protected":false},"excerpt":{"rendered":"<p>Im Laufe der Jahre hat <strong>Microtech\u00ae Knives<\/strong> Messer mit Leidenschaft und K\u00f6nnen gef\u00fcllt, um nahezu Kunstwerke zu schaffen, die den Gipfel der Funktionalit\u00e4t darstellen. Alle Teile werden in den USA hergestellt.<br \/>\n<strong>F\u00fcr alle Microtech-Messer gilt eine lebenslange Garantie.<\/strong><\/p>\n<p><strong>Kostenloser Transport.<\/strong><\/p>\n","protected":false},"featured_media":312359,"comment_status":"open","ping_status":"closed","template":"","meta":[],"pwb-brand":[3278],"product_brand":[],"product_cat":[3285,3343],"product_tag":[3669],"class_list":{"0":"post-312346","1":"product","2":"type-product","3":"status-publish","4":"has-post-thumbnail","6":"pwb-brand-microtech-de","7":"product_cat-messer","8":"product_cat-schiesmesser","9":"product_tag-b2b-de","11":"first","12":"outofstock","13":"taxable","14":"shipping-taxable","15":"purchasable","16":"product-type-simple"},"brands":[{"id":3278,"name":"Microtech","slug":"microtech-de"}],"_links":{"self":[{"href":"https:\/\/www.moskito.cz\/de\/wp-json\/wp\/v2\/product\/312346","targetHints":{"allow":["GET"]}}],"collection":[{"href":"https:\/\/www.moskito.cz\/de\/wp-json\/wp\/v2\/product"}],"about":[{"href":"https:\/\/www.moskito.cz\/de\/wp-json\/wp\/v2\/types\/product"}],"replies":[{"embeddable":true,"href":"https:\/\/www.moskito.cz\/de\/wp-json\/wp\/v2\/comments?post=312346"}],"wp:featuredmedia":[{"embeddable":true,"href":"https:\/\/www.moskito.cz\/de\/wp-json\/wp\/v2\/media\/312359"}],"wp:attachment":[{"href":"https:\/\/www.moskito.cz\/de\/wp-json\/wp\/v2\/media?parent=312346"}],"wp:term":[{"taxonomy":"pwb-brand","embeddable":true,"href":"https:\/\/www.moskito.cz\/de\/wp-json\/wp\/v2\/pwb-brand?post=312346"},{"taxonomy":"product_brand","embeddable":true,"href":"https:\/\/www.moskito.cz\/de\/wp-json\/wp\/v2\/product_brand?post=312346"},{"taxonomy":"product_cat","embeddable":true,"href":"https:\/\/www.moskito.cz\/de\/wp-json\/wp\/v2\/product_cat?post=312346"},{"taxonomy":"product_tag","embeddable":true,"href":"https:\/\/www.moskito.cz\/de\/wp-json\/wp\/v2\/product_tag?post=312346"}],"curies":[{"name":"wp","href":"https:\/\/api.w.org\/{rel}","templated":true}]}}