{"id":312364,"date":"2022-03-30T21:03:28","date_gmt":"2024-02-06T20:33:40","guid":{"rendered":"https:\/\/www.moskito.cz\/produkt\/schiessmesser-microtech-exocet-jedi-master-157-1jm\/"},"modified":"2025-05-07T11:02:26","modified_gmt":"2025-05-07T10:02:26","slug":"schiessmesser-microtech-exocet-jedi-master-157-1jm","status":"publish","type":"product","link":"https:\/\/www.moskito.cz\/de\/produkt\/schiessmesser-microtech-exocet-jedi-master-157-1jm\/","title":{"rendered":"Schie\u00dfmesser Microtech Exocet Jedi Master 157-1JM"},"content":{"rendered":"<p>Schie\u00dfmesser <strong>Microtech<\/strong> Exocet Jedi Master 157-1JM.<\/p>\n<p>Als Star der Microtech-Reihe f\u00fcr 2019 vereint der Exocet N\u00fctzlichkeit und Alltagstauglichkeit in einem einzigartigen Paket. Innovativ und das erste seiner Art: Dieses automatische OTF verf\u00fcgt \u00fcber eine weniger als 5 cm lange California-Klinge und dient gleichzeitig als Geldscheinklammer, was es ideal f\u00fcr den t\u00e4glichen Gebrauch macht. Sein Aussehen mag Sie \u00fcberraschen, wenn Sie es zum ersten Mal sehen, aber die Angstgef\u00fchle werden verschwinden, wenn Sie es zum ersten Mal ausf\u00fchren. Dieses Messer schie\u00dft schneller und einfacher als jedes andere OTF von Microtech und ist somit das perfekte Geschenk f\u00fcr Ihren Lebensgef\u00e4hrten oder sich selbst. Das Jedi-Ritter-Modell hat eine wundersch\u00f6ne blaue Klinge, die es wie ein Lichtschwert aussehen l\u00e4sst. Es hat auch ein sehr cooles Jedi-Orden-Logo auf dem Taschenclip, der anstelle des traditionellen leuchtenden Sterns Fl\u00fcgel in der Form der Microtech-Dolchklinge hat.<\/p>\n<p>Klingenmaterial: M390<\/p>\n<p>Klingenoberfl\u00e4che: Gr\u00fcn<br \/>\nGriffmaterial: Schwarzes Aluminium 6061-T6<\/p>\n<p>Gesamtl\u00e4nge: 5,6\u2033 (142 mm)<br \/>\nKlingenl\u00e4nge: 1,97 Zoll (50 mm)<br \/>\nSchneidenl\u00e4nge: 1,89 Zoll (48 mm)<br \/>\nKlingenst\u00e4rke: 0,079 Zoll (2 mm)<br \/>\nGriffst\u00e4rke: 0,36 Zoll (9 mm)<br \/>\nTaschenclip: nach unten zeigend<br \/>\nGewicht: 3,0 oz (85,05 g)<br \/>\nHerkunftsland: USA<\/p>\n<p><iframe title=\"Microtech Combat Troodon Torture Test\" width=\"800\" height=\"450\" src=\"https:\/\/www.youtube.com\/embed\/xE9TeOFYEjg?feature=oembed\" frameborder=\"0\" allow=\"accelerometer; autoplay; clipboard-write; encrypted-media; gyroscope; picture-in-picture; web-share\" allowfullscreen><\/iframe><\/p>\n<p>Als Star der Microtech-Reihe 2019 vereint der Exocet N\u00fctzlichkeit und Alltagstauglichkeit in einem einzigartigen Paket. Innovativ und das erste seiner Art: Dieses automatische OTF verbirgt eine in Kalifornien zugelassene Klinge von weniger als zwei Zoll und dient gleichzeitig als Geldscheinklammer, wodurch es sich perfekt f\u00fcr den t\u00e4glichen Gebrauch eignet. Sein Aussehen wird Sie vielleicht beim ersten Anblick \u00fcberraschen, aber das Gef\u00fchl der Beklemmung wird bei der ersten Bet\u00e4tigung verschwinden. Dieses Messer feuert schneller und einfacher als jedes andere OTF von Microtech und ist daher ein perfektes Geschenk f\u00fcr Ihren Lebensgef\u00e4hrten oder sich selbst. Das Jedi-Ritter-Modell hat eine wundersch\u00f6ne blaue Klinge, die es wie ein Lichtschwert aussehen l\u00e4sst. Es verf\u00fcgt au\u00dferdem \u00fcber ein sehr cooles Jedi-Orden-Logo auf dem Taschenclip, das anstelle des traditionellen leuchtenden Sterns die Form einer Microtech-Dolchklinge umgibt.<\/p>\n<p>Spezifikationen<br \/>\nKlingenl\u00e4nge: 1,98 Zoll<br \/>\nSchneide: 1,875&#8243;<br \/>\nGeschlossene L\u00e4nge: 3,62&#8243;<br \/>\nGesamtl\u00e4nge: 5,60&#8243;<br \/>\nKlingenmaterial: Der Klingenstahl f\u00fcr dieses Jahr wird Carpenter CTS-204P sein \u2013 solange der Metallvorrat reicht, k\u00f6nnen die Klingen auch aus M390 oder Elmax sein<br \/>\nKlingenst\u00e4rke: 0,067 Zoll<br \/>\nKlingenstil: Doppelschneidiger Dolch<br \/>\nKlingenschliff: Flach<br \/>\nKlingenoberfl\u00e4che: Gr\u00fcn<br \/>\nGriffmaterial: Schwarzes 6061-T6-Aluminium<br \/>\nGriffst\u00e4rke: 0,35 Zoll<br \/>\nVerriegelungsmechanismus: Schieben<br \/>\nTaschenclip: Edelstahl (Tip-Down, rechts\/links tragen)<br \/>\nGewicht: 3,0 Unzen.<br \/>\nDesigner: Tony Marfione<br \/>\nHergestellt in den USA<\/p>\n","protected":false},"excerpt":{"rendered":"<p>Im Laufe der Jahre hat <strong>Microtech\u00ae Knives<\/strong> Messer mit Leidenschaft und K\u00f6nnen gef\u00fcllt, um nahezu Kunstwerke zu schaffen, die den Gipfel der Funktionalit\u00e4t darstellen. Alle Teile werden in den USA hergestellt.<br \/>\n<strong>F\u00fcr alle Microtech-Messer gilt eine lebenslange Garantie.<\/strong><\/p>\n<p><strong>Kostenloser Transport.<\/strong><\/p>\n","protected":false},"featured_media":312371,"comment_status":"open","ping_status":"closed","template":"","meta":[],"pwb-brand":[3278],"product_brand":[],"product_cat":[3285,3343],"product_tag":[3669],"class_list":{"0":"post-312364","1":"product","2":"type-product","3":"status-publish","4":"has-post-thumbnail","6":"pwb-brand-microtech-de","7":"product_cat-messer","8":"product_cat-schiesmesser","9":"product_tag-b2b-de","11":"first","12":"instock","13":"taxable","14":"shipping-taxable","15":"purchasable","16":"product-type-simple"},"brands":[{"id":3278,"name":"Microtech","slug":"microtech-de"}],"_links":{"self":[{"href":"https:\/\/www.moskito.cz\/de\/wp-json\/wp\/v2\/product\/312364","targetHints":{"allow":["GET"]}}],"collection":[{"href":"https:\/\/www.moskito.cz\/de\/wp-json\/wp\/v2\/product"}],"about":[{"href":"https:\/\/www.moskito.cz\/de\/wp-json\/wp\/v2\/types\/product"}],"replies":[{"embeddable":true,"href":"https:\/\/www.moskito.cz\/de\/wp-json\/wp\/v2\/comments?post=312364"}],"wp:featuredmedia":[{"embeddable":true,"href":"https:\/\/www.moskito.cz\/de\/wp-json\/wp\/v2\/media\/312371"}],"wp:attachment":[{"href":"https:\/\/www.moskito.cz\/de\/wp-json\/wp\/v2\/media?parent=312364"}],"wp:term":[{"taxonomy":"pwb-brand","embeddable":true,"href":"https:\/\/www.moskito.cz\/de\/wp-json\/wp\/v2\/pwb-brand?post=312364"},{"taxonomy":"product_brand","embeddable":true,"href":"https:\/\/www.moskito.cz\/de\/wp-json\/wp\/v2\/product_brand?post=312364"},{"taxonomy":"product_cat","embeddable":true,"href":"https:\/\/www.moskito.cz\/de\/wp-json\/wp\/v2\/product_cat?post=312364"},{"taxonomy":"product_tag","embeddable":true,"href":"https:\/\/www.moskito.cz\/de\/wp-json\/wp\/v2\/product_tag?post=312364"}],"curies":[{"name":"wp","href":"https:\/\/api.w.org\/{rel}","templated":true}]}}