{"id":312397,"date":"2022-03-07T23:25:52","date_gmt":"2024-02-06T20:33:45","guid":{"rendered":"https:\/\/www.moskito.cz\/produkt\/microtech-signature-series-utx-85-stonewashed-232ii-10s-schiessmesser\/"},"modified":"2025-05-07T11:02:27","modified_gmt":"2025-05-07T10:02:27","slug":"microtech-signature-series-utx-85-stonewashed-232ii-10s-schiessmesser","status":"publish","type":"product","link":"https:\/\/www.moskito.cz\/de\/produkt\/microtech-signature-series-utx-85-stonewashed-232ii-10s-schiessmesser\/","title":{"rendered":"Microtech Signature Series UTX-85 Stonewashed 232II-10S Schie\u00dfmesser"},"content":{"rendered":"<p><strong>Microtech<\/strong> Signature Series UTX-85 Stonewashed 232II-10S Schie\u00dfmesser.<\/p>\n<p>Das Microtech UTX-85 OTF-Messer ist die perfekte Kombination aus kompakter Gr\u00f6\u00dfe und gro\u00dfartiger Leistung. Der Microtech UTX-85 ist 85 % so gro\u00df wie der Ultratech und wird aus denselben Materialien, auf denselben Maschinen und mit demselben Einfallsreichtum wie sein Vorg\u00e4nger hergestellt. Das Microtech UTX-85 ist das perfekte Messer f\u00fcr alle Situationen \u2013 egal welche Aufgabe Sie schneiden; es wird sich nahtlos in Ihren Lebensstil einf\u00fcgen. Dieser UTX-85 II verf\u00fcgt \u00fcber eine verbesserte Grifftextur f\u00fcr einen positiveren Kauf. Dank des schnellen \u00d6ffnens und Schlie\u00dfens mit einer Hand ist die Arbeit in Sekundenschnelle erledigt. Ausgestattet mit einem doppelseitigen Taschenclip und kompakter Gr\u00f6\u00dfe ist es die perfekte Wahl f\u00fcr den t\u00e4glichen Gebrauch und Transport.<\/p>\n<p>Spezifikationen<br \/>\nKlingenl\u00e4nge: 8 cm<br \/>\nGesamtl\u00e4nge: 19 cm<br \/>\nStahl: M390<br \/>\nKlingenstil: Doppelschneidiger Dolch<br \/>\nKlingenschliff: Flach<br \/>\nOberfl\u00e4chenbehandlung der Klinge: Stonewash<br \/>\nGriffmaterial: schwarz bearbeitetes Aluminium<br \/>\nGriffst\u00e4rke: 0,500 Zoll<br \/>\nVerriegelungsmechanismus: Schiebend<br \/>\nTaschenclip: Edelstahl (klappbar, rechts\/links tragend)<br \/>\nGewicht: 2,90 Unzen.<br \/>\nDesigner: Tony Marfione<br \/>\nHergestellt in den USA<\/p>\n<p><iframe title=\"Microtech Combat Troodon Torture Test\" width=\"800\" height=\"450\" src=\"https:\/\/www.youtube.com\/embed\/xE9TeOFYEjg?feature=oembed\" frameborder=\"0\" allow=\"accelerometer; autoplay; clipboard-write; encrypted-media; gyroscope; picture-in-picture; web-share\" allowfullscreen><\/iframe><\/p>\n<p>&nbsp;<\/p>\n","protected":false},"excerpt":{"rendered":"<p>Im Laufe der Jahre hat <strong>Microtech\u00ae Knives<\/strong> Messer mit Leidenschaft und K\u00f6nnen gef\u00fcllt, um nahezu Kunstwerke zu schaffen, die den Gipfel der Funktionalit\u00e4t darstellen. Alle Teile werden in den USA hergestellt.<br \/>\n<strong>F\u00fcr alle Microtech-Messer gilt eine lebenslange Garantie.<\/strong><\/p>\n<p><strong>Kostenloser Versand.<\/strong><\/p>\n","protected":false},"featured_media":312404,"comment_status":"open","ping_status":"closed","template":"","meta":[],"pwb-brand":[3278],"product_brand":[],"product_cat":[3285,3343],"product_tag":[3669],"class_list":{"0":"post-312397","1":"product","2":"type-product","3":"status-publish","4":"has-post-thumbnail","6":"pwb-brand-microtech-de","7":"product_cat-messer","8":"product_cat-schiesmesser","9":"product_tag-b2b-de","11":"first","12":"instock","13":"taxable","14":"shipping-taxable","15":"purchasable","16":"product-type-simple"},"brands":[{"id":3278,"name":"Microtech","slug":"microtech-de"}],"_links":{"self":[{"href":"https:\/\/www.moskito.cz\/de\/wp-json\/wp\/v2\/product\/312397","targetHints":{"allow":["GET"]}}],"collection":[{"href":"https:\/\/www.moskito.cz\/de\/wp-json\/wp\/v2\/product"}],"about":[{"href":"https:\/\/www.moskito.cz\/de\/wp-json\/wp\/v2\/types\/product"}],"replies":[{"embeddable":true,"href":"https:\/\/www.moskito.cz\/de\/wp-json\/wp\/v2\/comments?post=312397"}],"wp:featuredmedia":[{"embeddable":true,"href":"https:\/\/www.moskito.cz\/de\/wp-json\/wp\/v2\/media\/312404"}],"wp:attachment":[{"href":"https:\/\/www.moskito.cz\/de\/wp-json\/wp\/v2\/media?parent=312397"}],"wp:term":[{"taxonomy":"pwb-brand","embeddable":true,"href":"https:\/\/www.moskito.cz\/de\/wp-json\/wp\/v2\/pwb-brand?post=312397"},{"taxonomy":"product_brand","embeddable":true,"href":"https:\/\/www.moskito.cz\/de\/wp-json\/wp\/v2\/product_brand?post=312397"},{"taxonomy":"product_cat","embeddable":true,"href":"https:\/\/www.moskito.cz\/de\/wp-json\/wp\/v2\/product_cat?post=312397"},{"taxonomy":"product_tag","embeddable":true,"href":"https:\/\/www.moskito.cz\/de\/wp-json\/wp\/v2\/product_tag?post=312397"}],"curies":[{"name":"wp","href":"https:\/\/api.w.org\/{rel}","templated":true}]}}