{"id":312402,"date":"2022-02-19T14:29:47","date_gmt":"2024-02-06T20:33:46","guid":{"rendered":"https:\/\/www.moskito.cz\/produkt\/schiessmesser-microtech-exocet-satin-157-4\/"},"modified":"2025-05-07T11:02:27","modified_gmt":"2025-05-07T10:02:27","slug":"schiessmesser-microtech-exocet-satin-157-4","status":"publish","type":"product","link":"https:\/\/www.moskito.cz\/de\/produkt\/schiessmesser-microtech-exocet-satin-157-4\/","title":{"rendered":"Schie\u00dfmesser Microtech Exocet Satin 157-4"},"content":{"rendered":"<p>Diese neu produzierte OTF-Messer-\/Geldb\u00f6rsen-\/Geldklammerkombination ist die erste ihrer Art und wird ein beliebter Microtech-Messerverk\u00e4ufer sein. Integrierter Brieftaschenclip zum Tragen in der Tasche.<\/p>\n<p>Schie\u00dfmesser Microtech Exocet Satin 157-4.<\/p>\n<p>Als Star der Microtech-Reihe f\u00fcr 2019 vereint der Exocet N\u00fctzlichkeit und Alltagstauglichkeit in einem einzigartigen Paket. Dieses automatische OTF ist innovativ und das erste seiner Art, das \u00fcber eine in Kalifornien zugelassene Sub-Zoll-Klinge verf\u00fcgt und gleichzeitig als Geldscheinklammer dient, was es ideal f\u00fcr den t\u00e4glichen Gebrauch macht. Sein Aussehen mag Sie \u00fcberraschen, wenn Sie es zum ersten Mal sehen, aber die Angstgef\u00fchle werden verschwinden, wenn Sie es zum ersten Mal ausf\u00fchren. Dieses Messer schie\u00dft schneller und einfacher als jedes andere OTF von Microtech und ist somit das perfekte Geschenk f\u00fcr Ihren Lebensgef\u00e4hrten oder sich selbst. Diese Version verf\u00fcgt \u00fcber eine wei\u00df lackierte Klinge und Griffe, was diesem Modell den Namen \u201eStormtrooper\u201c verleiht. Der Taschenclip hat au\u00dferdem ein sehr cooles Imperial Crest-Logo, das sechsarmige Symbol von Sheev Palpatines galaktischem Imperium.<\/p>\n<p>Gesamtl\u00e4nge: 5,6\u2033 (142 mm)<br \/>\n Klingenl\u00e4nge: 1,97 Zoll (50 mm)<br \/>\n Schneidenl\u00e4nge: 1,89 Zoll (48 mm)<br \/>\n Klingenst\u00e4rke: 0,079 Zoll (2 mm)<br \/>\n Klingenoberfl\u00e4che: wei\u00df<br \/>\n Griffmaterial: Wei\u00dfaluminium<br \/>\n Griffdicke: 0,36 Zoll (9 mm)<br \/>\n Taschenclip: Spitze nach unten<br \/>\n Gewicht: 85,05 g<\/p>\n<p>Stahl: M390<br \/>\n Herkunftsland: USA<\/p>\n<p><iframe title=\"Microtech Combat Troodon Torture Test\" width=\"800\" height=\"450\" src=\"https:\/\/www.youtube.com\/embed\/xE9TeOFYEjg?feature=oembed\" frameborder=\"0\" allow=\"accelerometer; autoplay; clipboard-write; encrypted-media; gyroscope; picture-in-picture; web-share\" allowfullscreen><\/iframe><\/p>\n","protected":false},"excerpt":{"rendered":"<div class=\"elementor-element elementor-element-bbb542b elementor-widget elementor-widget-woocommerce-product-short-description\" data-id=\"bbb542b\" data-element_type=\"widget\" data-widget_type=\"woocommerce-product-short-description.default\">\n<div class=\"elementor-widget-container\">\n<div class=\"woocommerce-product-details__short-description\">\n<p>Im Laufe der Jahre hat <strong>Microtech\u00ae Knives<\/strong> Messer mit Leidenschaft und K\u00f6nnen gef\u00fcllt, um nahezu Kunstwerke zu schaffen, die den Gipfel der Funktionalit\u00e4t darstellen. Es verschiebt weiterhin die Grenzen und verbessert sie. Alle Teile werden in den USA hergestellt.<br \/>\n<strong>F\u00fcr alle Microtech-Messer gilt eine lebenslange Garantie.<\/strong><\/p>\n<p><strong>Kostenloser Versand.<\/strong><\/p>\n<\/div>\n<\/div>\n<\/div>\n","protected":false},"featured_media":312412,"comment_status":"open","ping_status":"closed","template":"","meta":[],"pwb-brand":[3278],"product_brand":[],"product_cat":[3285,3343],"product_tag":[3669],"class_list":{"0":"post-312402","1":"product","2":"type-product","3":"status-publish","4":"has-post-thumbnail","6":"pwb-brand-microtech-de","7":"product_cat-messer","8":"product_cat-schiesmesser","9":"product_tag-b2b-de","11":"first","12":"instock","13":"taxable","14":"shipping-taxable","15":"purchasable","16":"product-type-simple"},"brands":[{"id":3278,"name":"Microtech","slug":"microtech-de"}],"_links":{"self":[{"href":"https:\/\/www.moskito.cz\/de\/wp-json\/wp\/v2\/product\/312402","targetHints":{"allow":["GET"]}}],"collection":[{"href":"https:\/\/www.moskito.cz\/de\/wp-json\/wp\/v2\/product"}],"about":[{"href":"https:\/\/www.moskito.cz\/de\/wp-json\/wp\/v2\/types\/product"}],"replies":[{"embeddable":true,"href":"https:\/\/www.moskito.cz\/de\/wp-json\/wp\/v2\/comments?post=312402"}],"wp:featuredmedia":[{"embeddable":true,"href":"https:\/\/www.moskito.cz\/de\/wp-json\/wp\/v2\/media\/312412"}],"wp:attachment":[{"href":"https:\/\/www.moskito.cz\/de\/wp-json\/wp\/v2\/media?parent=312402"}],"wp:term":[{"taxonomy":"pwb-brand","embeddable":true,"href":"https:\/\/www.moskito.cz\/de\/wp-json\/wp\/v2\/pwb-brand?post=312402"},{"taxonomy":"product_brand","embeddable":true,"href":"https:\/\/www.moskito.cz\/de\/wp-json\/wp\/v2\/product_brand?post=312402"},{"taxonomy":"product_cat","embeddable":true,"href":"https:\/\/www.moskito.cz\/de\/wp-json\/wp\/v2\/product_cat?post=312402"},{"taxonomy":"product_tag","embeddable":true,"href":"https:\/\/www.moskito.cz\/de\/wp-json\/wp\/v2\/product_tag?post=312402"}],"curies":[{"name":"wp","href":"https:\/\/api.w.org\/{rel}","templated":true}]}}