{"id":312417,"date":"2021-10-31T09:56:42","date_gmt":"2024-02-06T20:34:10","guid":{"rendered":"https:\/\/www.moskito.cz\/produkt\/feststehendes-messer-microtech-socom-alpha-mini-stonewashed-113m-11\/"},"modified":"2025-05-07T11:02:28","modified_gmt":"2025-05-07T10:02:28","slug":"feststehendes-messer-microtech-socom-alpha-mini-stonewashed-113m-11","status":"publish","type":"product","link":"https:\/\/www.moskito.cz\/de\/produkt\/feststehendes-messer-microtech-socom-alpha-mini-stonewashed-113m-11\/","title":{"rendered":"Feststehendes Messer Microtech Socom Alpha Mini Stonewashed 113M-11"},"content":{"rendered":"<p>Feststehendes Messer <strong>Microtech<\/strong> Socom Alpha Mini Stonewashed 113M-11.<\/p>\n<p>Das Socom Alpha Mini ist ein Elite-Messer mit feststehender Klinge, das auf dem beliebten Socom basiert. Der Griff ist ungef\u00e4hr gleich gro\u00df, aber die solide Klinge des Socom Alpha hat eine etwas k\u00fcrzere Klinge, wodurch ein perfekt ausbalanciertes Messer entsteht. Es richtet sich an taktische Benutzer, Sammler und alle, die eine Klinge von h\u00f6chster Qualit\u00e4t sch\u00e4tzen.<\/p>\n<p>Dieses Full-Tang-Design ist rund um den Griff gekantet, um Ihnen die sicherste Handhabung dieser taktischen feststehenden Klinge zu erm\u00f6glichen. Die gefr\u00e4sten G10-Griffe verf\u00fcgen \u00fcber eine konturierte Form f\u00fcr maximalen ergonomischen Halt und schaffen eine perfekte Harmonie zwischen Benutzer und Werkzeug. Die Clip Point-Klinge ist mit einem abgerundeten R\u00fccken und einer rauen Steinoberfl\u00e4che geschliffen. Das Socom Alpha mini strahlt sowohl als taktisches als auch als praktisches feststehendes Messer die Aura eines Top-Benutzers aus. Es wird mit absolut engen Toleranzen hergestellt, sodass Sie sicher sein k\u00f6nnen, dass es alles aush\u00e4lt, was Ihnen entgegengeworfen wird. Wird mit einer kohlefaserbeschichteten Kydex-Scheide mit MOLLE LOK geliefert, die mehrere Trageoptionen f\u00fcr Ihre spezifischen Vorlieben bietet.<\/p>\n<p>Spezifikationen<br \/>\nKlingenl\u00e4nge: 9,3 cm<br \/>\nGesamtl\u00e4nge: 20,5 cm<br \/>\nStahl: 390<br \/>\nKlingenstil: Clip Point<br \/>\nKlingenschliff: Flach<br \/>\nOberfl\u00e4chenbehandlung der Klinge: Stonewash<br \/>\nGriffmaterial: schwarzes G10<br \/>\nMantelmaterial: Kydex mit Karbonfaser-Finish<br \/>\nGewicht: 6,4 Unzen.<br \/>\nGewicht mit Koffer: 9,9 Unzen.<br \/>\nDesigner: Tony Marfione<br \/>\nHergestellt in den USA<\/p>\n<p><iframe title=\"Microtech Combat Troodon Torture Test\" width=\"800\" height=\"450\" src=\"https:\/\/www.youtube.com\/embed\/xE9TeOFYEjg?feature=oembed\" frameborder=\"0\" allow=\"accelerometer; autoplay; clipboard-write; encrypted-media; gyroscope; picture-in-picture; web-share\" allowfullscreen><\/iframe><\/p>\n<p>&nbsp;<\/p>\n<p><strong>Microtech<\/strong> 113M-11 Socom Alpha Mini Messer mit fester Klinge, 3,72&#8243; Stonewashed Clip Point Combo, G10-Griffe, Kydexscheide<\/p>\n<p>Das Socom Alpha Mini ist ein Elite-Messer mit feststehender Klinge, das auf dem beliebten Socom-Folder basiert. Der Griff ist ungef\u00e4hr gleich gro\u00df, aber das Socom Alpha mit feststehender Klinge hat eine etwas k\u00fcrzere Klinge, wodurch ein perfekt ausbalanciertes Messer entsteht. Es ist f\u00fcr taktische Benutzer, Sammler und alle gedacht, die eine Klinge von h\u00f6chster Qualit\u00e4t sch\u00e4tzen.<\/p>\n<p>Dieses Full-Tang-Design verf\u00fcgt \u00fcber Riffelungen rund um den gesamten Griff, um Ihnen die sicherste Handhabung dieser taktischen feststehenden Klinge zu erm\u00f6glichen. Die gefr\u00e4sten G10-Schalen verf\u00fcgen \u00fcber eine konturierte Form f\u00fcr einen \u00e4u\u00dferst ergonomischen Griff und schaffen eine perfekte Harmonie zwischen Benutzer und Instrument. Die Clip-Point-Klinge ist flach geschliffen, hat einen abgerundeten R\u00fccken und ein robustes Stonewashed-Finish. Das Socom Alpha mini strahlt die Aura eines erstklassigen Benutzers aus, sowohl als taktisches als auch als praktisches feststehendes Messer. Es wird mit tadellos engen Toleranzen hergestellt, sodass Sie sicher sein k\u00f6nnen, dass es alles aush\u00e4lt, was ihm entgegengeworfen wird. Wird mit einer Kydex-Scheide mit Carbonfaser-Finish und MOLLE-LOKs f\u00fcr mehrere Trageoptionen geliefert, die Ihren spezifischen Vorlieben entsprechen.<\/p>\n<p>Spezifikationen<br \/>\nKlingenl\u00e4nge: 3,72&#8243;<br \/>\nSchneide: 3,65&#8243;<br \/>\nGriffl\u00e4nge: 4,4&#8243;<br \/>\nGesamtl\u00e4nge: 8,17&#8243;<br \/>\nBitte beachten Sie, dass der Klingenstahl nicht angegeben werden kann, da er sich je nach Verf\u00fcgbarkeit \u00e4ndern kann (Informationen von Microtech).<br \/>\nKlingenst\u00e4rke: 0,157 Zoll<br \/>\nKlingenstil: Clip Point<br \/>\nKlingenschliff: Flach<br \/>\nKlingenfinish: Stonewash<br \/>\nGriffmaterial: Schwarzes G10<br \/>\nGriffst\u00e4rke: 0,67 Zoll<br \/>\nMantelmaterial: Kydex mit Karbonfaser-Finish<br \/>\nGewicht: 6,4 Unzen.<br \/>\nGewicht mit Scheide: 9,9 Unzen.<br \/>\nDesigner: Tony Marfione<br \/>\nHergestellt in den USA<\/p>\n<p>&nbsp;<\/p>\n","protected":false},"excerpt":{"rendered":"<p>Im Laufe der Jahre hat M <strong>icrotech\u00ae Knives<\/strong> Messer mit Leidenschaft und K\u00f6nnen gef\u00fcllt, um nahezu Kunstwerke zu schaffen, die den Gipfel der Funktionalit\u00e4t darstellen. Alle Teile werden in den USA hergestellt.<br \/>\n<strong>F\u00fcr alle Microtech-Messer gilt eine lebenslange Garantie.<\/strong><\/p>\n<p><strong>Kostenloser Transport.<\/strong><\/p>\n","protected":false},"featured_media":312421,"comment_status":"open","ping_status":"closed","template":"","meta":[],"pwb-brand":[3278],"product_brand":[],"product_cat":[3285,3287],"product_tag":[3669],"class_list":{"0":"post-312417","1":"product","2":"type-product","3":"status-publish","4":"has-post-thumbnail","6":"pwb-brand-microtech-de","7":"product_cat-messer","8":"product_cat-solide-messer","9":"product_tag-b2b-de","11":"first","12":"instock","13":"taxable","14":"shipping-taxable","15":"purchasable","16":"product-type-simple"},"brands":[{"id":3278,"name":"Microtech","slug":"microtech-de"}],"_links":{"self":[{"href":"https:\/\/www.moskito.cz\/de\/wp-json\/wp\/v2\/product\/312417","targetHints":{"allow":["GET"]}}],"collection":[{"href":"https:\/\/www.moskito.cz\/de\/wp-json\/wp\/v2\/product"}],"about":[{"href":"https:\/\/www.moskito.cz\/de\/wp-json\/wp\/v2\/types\/product"}],"replies":[{"embeddable":true,"href":"https:\/\/www.moskito.cz\/de\/wp-json\/wp\/v2\/comments?post=312417"}],"wp:featuredmedia":[{"embeddable":true,"href":"https:\/\/www.moskito.cz\/de\/wp-json\/wp\/v2\/media\/312421"}],"wp:attachment":[{"href":"https:\/\/www.moskito.cz\/de\/wp-json\/wp\/v2\/media?parent=312417"}],"wp:term":[{"taxonomy":"pwb-brand","embeddable":true,"href":"https:\/\/www.moskito.cz\/de\/wp-json\/wp\/v2\/pwb-brand?post=312417"},{"taxonomy":"product_brand","embeddable":true,"href":"https:\/\/www.moskito.cz\/de\/wp-json\/wp\/v2\/product_brand?post=312417"},{"taxonomy":"product_cat","embeddable":true,"href":"https:\/\/www.moskito.cz\/de\/wp-json\/wp\/v2\/product_cat?post=312417"},{"taxonomy":"product_tag","embeddable":true,"href":"https:\/\/www.moskito.cz\/de\/wp-json\/wp\/v2\/product_tag?post=312417"}],"curies":[{"name":"wp","href":"https:\/\/api.w.org\/{rel}","templated":true}]}}