{"id":312418,"date":"2022-01-08T07:03:59","date_gmt":"2024-02-06T20:34:10","guid":{"rendered":"https:\/\/www.moskito.cz\/produkt\/schiessmesser-microtech-stitch-borka-blades-wharncliffe-stonewash-169-12\/"},"modified":"2025-05-07T11:02:28","modified_gmt":"2025-05-07T10:02:28","slug":"schiessmesser-microtech-stitch-borka-blades-wharncliffe-stonewash-169-12","status":"publish","type":"product","link":"https:\/\/www.moskito.cz\/de\/produkt\/schiessmesser-microtech-stitch-borka-blades-wharncliffe-stonewash-169-12\/","title":{"rendered":"Schie\u00dfmesser Microtech Stitch Borka Blades WHARNCLIFFE STONEWASH 169-12"},"content":{"rendered":"<p>Schie\u00dfmesser <strong>Microtech<\/strong> Stitch Borka Blades WHARNCLIFFE STONEWASH 169-12<\/p>\n<p>Dieser automatische Stitch ist eine wundersch\u00f6ne, taktische Zusammenarbeit zwischen Tony <strong>Marfione<\/strong> und Sebastijan Berenji, auch bekannt als Borka. Das erstaunliche Design von Sebastijan Stitch und Tonys erstaunlicher automatischer \u00d6ffnungsmechanismus sorgen f\u00fcr eine der besten Produktionskooperationen des Jahres 2017. Die 8,5 cm lange Klinge verf\u00fcgt \u00fcber eine flach geschliffene, apokalyptische Oberfl\u00e4che. Der Griff besteht aus hochgefr\u00e4stem Aluminium mit einer schwarz eloxierten Mil-Spec Hardcoat-Beschichtung und einem Aluminium-R\u00fcckenabstandshalter. Die Klinge schie\u00dft wie eine Rakete und arretiert fest, was angesichts der Automatikfunktion eine beeindruckende Leistung ist. Dies ist ein lang erwartetes Serienmodell des ber\u00fchmten Brauchs, sodass Sie die Chance haben, ein Borka-Messer zu einem Bruchteil des Preises zu erhalten.<\/p>\n<p>Borka-Design<br \/>\nTorx-Hardware<br \/>\nStrukturierter Backspacer aus Aluminium<br \/>\nSpezifikationen<br \/>\nKlingenl\u00e4nge: 8,5 cm<br \/>\nGriffl\u00e4nge: 12,5 cm<br \/>\nGesamtl\u00e4nge: 21 cm<br \/>\nStahl: M390<br \/>\nKlingenstil: Speerspitze<br \/>\nKlingenschliff: Flach<br \/>\nOberfl\u00e4chenbehandlung der Klinge: Stonewash<br \/>\nGriffmaterial: Gefr\u00e4stes Aluminium, Mil-Spec-Hartbeschichtung, eloxiert<br \/>\nVerriegelungsmechanismus: Knopf<br \/>\nTaschenclip: Edelstahl (klappbar, rechts)<br \/>\nGewicht: 6,3 Unzen.<br \/>\nDesigner: Sebastijan Berenji und Tony Marfione<br \/>\nHergestellt in den USA<\/p>\n<p><iframe title=\"Microtech Combat Troodon Torture Test\" width=\"800\" height=\"450\" src=\"https:\/\/www.youtube.com\/embed\/xE9TeOFYEjg?feature=oembed\" frameborder=\"0\" allow=\"accelerometer; autoplay; clipboard-write; encrypted-media; gyroscope; picture-in-picture; web-share\" allowfullscreen><\/iframe><\/p>\n","protected":false},"excerpt":{"rendered":"<p>Im Laufe der Jahre hat <strong>Microtech\u00ae Knives<\/strong> Messer mit Leidenschaft und K\u00f6nnen gef\u00fcllt, um nahezu Kunstwerke zu schaffen, die den Gipfel der Funktionalit\u00e4t darstellen. Alle Teile werden in den USA hergestellt.<br \/>\n<strong>F\u00fcr alle Microtech-Messer gilt eine lebenslange Garantie.<\/strong><\/p>\n<p><strong>Kostenloser Transport.<\/strong><\/p>\n","protected":false},"featured_media":312424,"comment_status":"open","ping_status":"closed","template":"","meta":[],"pwb-brand":[3278],"product_brand":[],"product_cat":[3285,3343],"product_tag":[3669],"class_list":{"0":"post-312418","1":"product","2":"type-product","3":"status-publish","4":"has-post-thumbnail","6":"pwb-brand-microtech-de","7":"product_cat-messer","8":"product_cat-schiesmesser","9":"product_tag-b2b-de","11":"first","12":"instock","13":"featured","14":"taxable","15":"shipping-taxable","16":"purchasable","17":"product-type-simple"},"brands":[{"id":3278,"name":"Microtech","slug":"microtech-de"}],"_links":{"self":[{"href":"https:\/\/www.moskito.cz\/de\/wp-json\/wp\/v2\/product\/312418","targetHints":{"allow":["GET"]}}],"collection":[{"href":"https:\/\/www.moskito.cz\/de\/wp-json\/wp\/v2\/product"}],"about":[{"href":"https:\/\/www.moskito.cz\/de\/wp-json\/wp\/v2\/types\/product"}],"replies":[{"embeddable":true,"href":"https:\/\/www.moskito.cz\/de\/wp-json\/wp\/v2\/comments?post=312418"}],"wp:featuredmedia":[{"embeddable":true,"href":"https:\/\/www.moskito.cz\/de\/wp-json\/wp\/v2\/media\/312424"}],"wp:attachment":[{"href":"https:\/\/www.moskito.cz\/de\/wp-json\/wp\/v2\/media?parent=312418"}],"wp:term":[{"taxonomy":"pwb-brand","embeddable":true,"href":"https:\/\/www.moskito.cz\/de\/wp-json\/wp\/v2\/pwb-brand?post=312418"},{"taxonomy":"product_brand","embeddable":true,"href":"https:\/\/www.moskito.cz\/de\/wp-json\/wp\/v2\/product_brand?post=312418"},{"taxonomy":"product_cat","embeddable":true,"href":"https:\/\/www.moskito.cz\/de\/wp-json\/wp\/v2\/product_cat?post=312418"},{"taxonomy":"product_tag","embeddable":true,"href":"https:\/\/www.moskito.cz\/de\/wp-json\/wp\/v2\/product_tag?post=312418"}],"curies":[{"name":"wp","href":"https:\/\/api.w.org\/{rel}","templated":true}]}}