{"id":312441,"date":"2022-01-13T21:05:22","date_gmt":"2024-02-06T20:34:25","guid":{"rendered":"https:\/\/www.moskito.cz\/produkt\/microtech-112-1tins-signature-series-tac-p-gold-taktische-spitze\/"},"modified":"2025-05-07T11:02:29","modified_gmt":"2025-05-07T10:02:29","slug":"microtech-112-1tins-signature-series-tac-p-gold-taktische-spitze","status":"publish","type":"product","link":"https:\/\/www.moskito.cz\/de\/produkt\/microtech-112-1tins-signature-series-tac-p-gold-taktische-spitze\/","title":{"rendered":"Microtech 112-1TINS Signature Series TAC-P Gold Taktische Spitze"},"content":{"rendered":"<p><strong>Das TAC-P<\/strong> ist die Vision eines Notfallwerkzeugs von Microtech. Das Designprofil im Cubaton-Stil besteht aus 410-Edelstahlrohr mit einem Griff mit Fragmentmuster und einem taktischen schwarzen DLC-Finish. Das TAC-P verf\u00fcgt \u00fcber einen patentierten Glasbrecher, ein Kydex-Holster und Ulti Clip \u2013 den vielseitigsten Holster-Clip auf dem Markt.<\/p>\n<p><strong>Microtech<\/strong> 112-1TINS Signature Series TAC-P Gold Taktische Spitze<\/p>\n<p>Spezifikationen<br \/>\nKlingenl\u00e4nge: 7,2 cm<br \/>\nGesamtl\u00e4nge: 20 cm<br \/>\nDicke: 1 cm<br \/>\nKlingenstil: Spitze<br \/>\nKlingenoberfl\u00e4chenbehandlung: Goldbeschichtet mit Titannitrid<br \/>\nGriffmaterial: Edelstahl 410<br \/>\nGewicht: 1,7 Unzen.<br \/>\nHergestellt in den USA<\/p>\n<p><iframe title=\"Microtech Combat Troodon Torture Test\" width=\"800\" height=\"450\" src=\"https:\/\/www.youtube.com\/embed\/xE9TeOFYEjg?feature=oembed\" frameborder=\"0\" allow=\"accelerometer; autoplay; clipboard-write; encrypted-media; gyroscope; picture-in-picture; web-share\" allowfullscreen><\/iframe><\/p>\n<p>&nbsp;<\/p>\n<p>&nbsp;<\/p>\n<p>&nbsp;<\/p>\n","protected":false},"excerpt":{"rendered":"<p>Im Laufe der Jahre hat <strong>Microtech\u00ae<\/strong> Knives Messer mit Leidenschaft und K\u00f6nnen gef\u00fcllt, um nahezu Kunstwerke zu schaffen, die den Gipfel der Funktionalit\u00e4t darstellen. Alle Teile werden in den USA hergestellt.<br \/>\n<strong>F\u00fcr alle Microtech-Messer gilt eine lebenslange Garantie.<\/strong><\/p>\n<p><strong>Kostenloser Transport.<\/strong><\/p>\n","protected":false},"featured_media":312448,"comment_status":"open","ping_status":"closed","template":"","meta":[],"pwb-brand":[3278],"product_brand":[],"product_cat":[3287,3285],"product_tag":[3669],"class_list":{"0":"post-312441","1":"product","2":"type-product","3":"status-publish","4":"has-post-thumbnail","6":"pwb-brand-microtech-de","7":"product_cat-solide-messer","8":"product_cat-messer","9":"product_tag-b2b-de","11":"first","12":"outofstock","13":"taxable","14":"shipping-taxable","15":"purchasable","16":"product-type-simple"},"brands":[{"id":3278,"name":"Microtech","slug":"microtech-de"}],"_links":{"self":[{"href":"https:\/\/www.moskito.cz\/de\/wp-json\/wp\/v2\/product\/312441","targetHints":{"allow":["GET"]}}],"collection":[{"href":"https:\/\/www.moskito.cz\/de\/wp-json\/wp\/v2\/product"}],"about":[{"href":"https:\/\/www.moskito.cz\/de\/wp-json\/wp\/v2\/types\/product"}],"replies":[{"embeddable":true,"href":"https:\/\/www.moskito.cz\/de\/wp-json\/wp\/v2\/comments?post=312441"}],"wp:featuredmedia":[{"embeddable":true,"href":"https:\/\/www.moskito.cz\/de\/wp-json\/wp\/v2\/media\/312448"}],"wp:attachment":[{"href":"https:\/\/www.moskito.cz\/de\/wp-json\/wp\/v2\/media?parent=312441"}],"wp:term":[{"taxonomy":"pwb-brand","embeddable":true,"href":"https:\/\/www.moskito.cz\/de\/wp-json\/wp\/v2\/pwb-brand?post=312441"},{"taxonomy":"product_brand","embeddable":true,"href":"https:\/\/www.moskito.cz\/de\/wp-json\/wp\/v2\/product_brand?post=312441"},{"taxonomy":"product_cat","embeddable":true,"href":"https:\/\/www.moskito.cz\/de\/wp-json\/wp\/v2\/product_cat?post=312441"},{"taxonomy":"product_tag","embeddable":true,"href":"https:\/\/www.moskito.cz\/de\/wp-json\/wp\/v2\/product_tag?post=312441"}],"curies":[{"name":"wp","href":"https:\/\/api.w.org\/{rel}","templated":true}]}}