{"id":312534,"date":"2021-10-26T16:20:01","date_gmt":"2024-02-06T20:37:21","guid":{"rendered":"https:\/\/www.moskito.cz\/produkt\/schiessmesser-microtech-ultratech-apocalyptic-stonewash-121-11ap\/"},"modified":"2025-05-07T11:02:32","modified_gmt":"2025-05-07T10:02:32","slug":"schiessmesser-microtech-ultratech-apocalyptic-stonewash-121-11ap","status":"publish","type":"product","link":"https:\/\/www.moskito.cz\/de\/produkt\/schiessmesser-microtech-ultratech-apocalyptic-stonewash-121-11ap\/","title":{"rendered":"Schie\u00dfmesser Microtech ULTRATECH APOCALYPTIC STONEWASH 121-11AP"},"content":{"rendered":"<p>Schie\u00dfmesser <strong>Microtech<\/strong> ULTRATECH APOCALYPTIC STONEWASH 121-11AP.<\/p>\n<p>Das Ultratech ist seit seiner Einf\u00fchrung im Jahr 1999 zweifellos das Flaggschiff <strong>von Microtech<\/strong> unter den f\u00fchrenden Automessern. Es wurde k\u00fcrzlich einer \u00e4sthetischen \u00dcberarbeitung unterzogen und die Bewertungen sind durchweg positiv. W\u00e4hrend die Abmessungen des Ultratech unver\u00e4ndert bleiben, wurde der Griff einer \u201eTri-Grip\u201c-\u00dcberarbeitung unterzogen, die exponentiell mehr Griffsicherheit bietet. Zu den weiteren Verbesserungen geh\u00f6ren dreieckige Hardware, ein neu gestalteter Daumenschieber und ein Glasbrecher, der jetzt \u00fcber ein geformtes Kugellager f\u00fcr ein komfortableres, aber dennoch funktionelles Benutzererlebnis verf\u00fcgt. Jedes Microtech OTF-Messer verf\u00fcgt \u00fcber \u00e4u\u00dferst hochentwickelte interne Mechanismen, die die allgemeine Betriebsfunktionalit\u00e4t und Zuverl\u00e4ssigkeit verbessern. Dieses Modell, das 121-11AP, verf\u00fcgt \u00fcber einen schwarzen Griff mit kompletter Standard-Hardware und integrierter Glasbrecherfunktion sowie eine Drop-Point-Klinge, die teilweise gezahnt ist, in einem apokalyptischen Stonewash-Finish. Hergestellt in den USA.<\/p>\n<p>Hinweis: Das Material der Klingen kann ohne Vorank\u00fcndigung ge\u00e4ndert werden<\/p>\n<p>SPEZIFIKATIONEN:<\/p>\n<p>Klingenl\u00e4nge: 8,5 cm<br \/>\nGesamtl\u00e4nge: 21 cm<br \/>\nKlingenmaterial: Elmax<br \/>\nKlingenfinish: Apocalyptic Stonewash<br \/>\nGriffmaterial: 6061-T6 Aluminium<br \/>\nGewicht: 3,2 Unzen.<\/p>\n<p><iframe title=\"Microtech Combat Troodon Torture Test\" width=\"800\" height=\"450\" src=\"https:\/\/www.youtube.com\/embed\/xE9TeOFYEjg?feature=oembed\" frameborder=\"0\" allow=\"accelerometer; autoplay; clipboard-write; encrypted-media; gyroscope; picture-in-picture; web-share\" allowfullscreen><\/iframe><\/p>\n<p>&nbsp;<\/p>\n<p>Das Ultratech ist seit seiner Einf\u00fchrung im Jahr 1999 zweifellos das Flaggschiff von Microtech unter den Automessern. K\u00fcrzlich wurde es einer \u00e4sthetischen Neugestaltung unterzogen und die Bewertungen waren durchweg positiv. W\u00e4hrend die Abmessungen des Ultratech unver\u00e4ndert bleiben, wurde der Griff einer \u201eTri-Grip\u201c-\u00dcberarbeitung unterzogen, die exponentiell mehr Griffsicherheit bietet. Zu den weiteren Verbesserungen geh\u00f6ren dreieckige Hardware, ein neu gestalteter Daumenschieber und der Glasbrecher, der jetzt ein eingepresstes Kugellager f\u00fcr ein komfortableres, aber immer noch funktionelles Benutzererlebnis enth\u00e4lt. Jedes Microtech OTF-Messer verf\u00fcgt \u00fcber \u00e4u\u00dferst ausgefeilte interne Mechanismen, die die allgemeine Betriebsfunktionalit\u00e4t und Zuverl\u00e4ssigkeit verbessern. Dieses Modell, das 121-11AP, verf\u00fcgt \u00fcber einen schwarzen Griff mit Standard-Hardware und integrierter Glasbrecherfunktion sowie eine teilweise gezahnte Drop-Point-Klinge mit apokalyptischem Stonewash-Finish. Hergestellt in den USA.<\/p>\n<p>Hinweis: \u00c4nderungen des Klingenmaterials ohne Vorank\u00fcndigung vorbehalten<\/p>\n<p>Spezifikationen:<\/p>\n<p>Klingenl\u00e4nge: 3,375 Zoll<br \/>\nGesamtl\u00e4nge: 8,375 Zoll<br \/>\nKlingenmaterial: Elmax<br \/>\nKlingenfinish: Apocalyptic Stonewash<br \/>\nGriffl\u00e4nge: 5&#8243;<br \/>\nGriffmaterial: 6061-T6 Aluminium<br \/>\nGewicht: 3,2 Unzen.<\/p>\n","protected":false},"excerpt":{"rendered":"<p>Im Laufe der Jahre hat <strong>Microtech\u00ae Knives<\/strong> Messer mit Leidenschaft und K\u00f6nnen gef\u00fcllt, um nahezu Kunstwerke zu schaffen, die den Gipfel der Funktionalit\u00e4t darstellen. Alle Teile werden in den USA hergestellt.<br \/>\n<strong>F\u00fcr alle Microtech-Messer gilt eine lebenslange Garantie.<\/strong><\/p>\n<p><strong>Kostenloser Versand.<\/strong><\/p>\n","protected":false},"featured_media":312536,"comment_status":"open","ping_status":"closed","template":"","meta":[],"pwb-brand":[3278],"product_brand":[],"product_cat":[3343,3285],"product_tag":[3669],"class_list":{"0":"post-312534","1":"product","2":"type-product","3":"status-publish","4":"has-post-thumbnail","6":"pwb-brand-microtech-de","7":"product_cat-schiesmesser","8":"product_cat-messer","9":"product_tag-b2b-de","11":"first","12":"instock","13":"taxable","14":"shipping-taxable","15":"purchasable","16":"product-type-simple"},"brands":[{"id":3278,"name":"Microtech","slug":"microtech-de"}],"_links":{"self":[{"href":"https:\/\/www.moskito.cz\/de\/wp-json\/wp\/v2\/product\/312534","targetHints":{"allow":["GET"]}}],"collection":[{"href":"https:\/\/www.moskito.cz\/de\/wp-json\/wp\/v2\/product"}],"about":[{"href":"https:\/\/www.moskito.cz\/de\/wp-json\/wp\/v2\/types\/product"}],"replies":[{"embeddable":true,"href":"https:\/\/www.moskito.cz\/de\/wp-json\/wp\/v2\/comments?post=312534"}],"wp:featuredmedia":[{"embeddable":true,"href":"https:\/\/www.moskito.cz\/de\/wp-json\/wp\/v2\/media\/312536"}],"wp:attachment":[{"href":"https:\/\/www.moskito.cz\/de\/wp-json\/wp\/v2\/media?parent=312534"}],"wp:term":[{"taxonomy":"pwb-brand","embeddable":true,"href":"https:\/\/www.moskito.cz\/de\/wp-json\/wp\/v2\/pwb-brand?post=312534"},{"taxonomy":"product_brand","embeddable":true,"href":"https:\/\/www.moskito.cz\/de\/wp-json\/wp\/v2\/product_brand?post=312534"},{"taxonomy":"product_cat","embeddable":true,"href":"https:\/\/www.moskito.cz\/de\/wp-json\/wp\/v2\/product_cat?post=312534"},{"taxonomy":"product_tag","embeddable":true,"href":"https:\/\/www.moskito.cz\/de\/wp-json\/wp\/v2\/product_tag?post=312534"}],"curies":[{"name":"wp","href":"https:\/\/api.w.org\/{rel}","templated":true}]}}