{"id":312551,"date":"2021-10-26T15:58:56","date_gmt":"2024-02-06T20:37:38","guid":{"rendered":"https:\/\/www.moskito.cz\/produkt\/schiessmesser-microtech-utx-85-apocalyptic-stonewash-231-11ap\/"},"modified":"2025-05-07T11:02:32","modified_gmt":"2025-05-07T10:02:32","slug":"schiessmesser-microtech-utx-85-apocalyptic-stonewash-231-11ap","status":"publish","type":"product","link":"https:\/\/www.moskito.cz\/de\/produkt\/schiessmesser-microtech-utx-85-apocalyptic-stonewash-231-11ap\/","title":{"rendered":"Schie\u00dfmesser Microtech UTX-85 APOCALYPTIC STONEWASH 231-11AP"},"content":{"rendered":"<p>Schie\u00dfmesser <strong>Microtech UTX-85<\/strong> APOCALYPTIC STONEWASH 231-11AP.<\/p>\n<p>Das Microtech UTX-85-Messer wurde von vorne radikal neu gestaltet und verf\u00fcgt jetzt \u00fcber einen neuen konturierten Griff, aktualisierte dreieckige Hardware, einen neu gestalteten Daumenschieber und einen Glasbrecher, der jetzt \u00fcber ein auf Druck montiertes Kugellager f\u00fcr komfortablere, aber dennoch funktionelle Benutzer verf\u00fcgt. Erfahrungen. Dieses fantastische Double-Action-Messer hat die perfekte Gr\u00f6\u00dfe und wie der Name schon sagt, ist das UTX-85 85 % so gro\u00df wie das Flaggschiff-Ultratech-Messer, bietet aber 100 % Leistungsf\u00e4higkeit. Dieses Modell, das 231-11AP, verf\u00fcgt \u00fcber einen schwarzen Griff mit Standard-Hardware und integrierter Glasbrecherfunktion sowie eine halbgezahnte Drop-Point-Klinge mit apokalyptischem Stonewash-Finish. Hergestellt in den USA.<\/p>\n<p>SPEZIFIKATIONEN:<\/p>\n<p>Klingenl\u00e4nge: 8 cm<br \/>\nGesamtl\u00e4nge: 19 cm<br \/>\nKlingenmaterial: Edelstahl M390<br \/>\nKlingenfinish: Apocalyptic Stonewash<br \/>\nGriffmaterial: 6061-T6 Aluminium<br \/>\nGewicht: 3,1 Unzen.<\/p>\n<p><iframe title=\"Microtech Combat Troodon Torture Test\" width=\"800\" height=\"450\" src=\"https:\/\/www.youtube.com\/embed\/xE9TeOFYEjg?feature=oembed\" frameborder=\"0\" allow=\"accelerometer; autoplay; clipboard-write; encrypted-media; gyroscope; picture-in-picture; web-share\" allowfullscreen><\/iframe><\/p>\n<p>&nbsp;<\/p>\n<p>&nbsp;<\/p>\n","protected":false},"excerpt":{"rendered":"<p>Im Laufe der Jahre hat <strong>Microtech\u00ae<\/strong> Knives Messer mit Leidenschaft und K\u00f6nnen gef\u00fcllt, um nahezu Kunstwerke zu schaffen, die den Gipfel der Funktionalit\u00e4t darstellen. Alle Teile werden in den USA hergestellt.<br \/>\n<strong>F\u00fcr alle Microtech-Messer gilt eine lebenslange Garantie.<\/strong><\/p>\n<p><strong>Kostenloser Transport.<\/strong><\/p>\n","protected":false},"featured_media":312555,"comment_status":"open","ping_status":"closed","template":"","meta":[],"pwb-brand":[3278],"product_brand":[],"product_cat":[3285,3343],"product_tag":[3669],"class_list":{"0":"post-312551","1":"product","2":"type-product","3":"status-publish","4":"has-post-thumbnail","6":"pwb-brand-microtech-de","7":"product_cat-messer","8":"product_cat-schiesmesser","9":"product_tag-b2b-de","11":"first","12":"outofstock","13":"taxable","14":"shipping-taxable","15":"purchasable","16":"product-type-simple"},"brands":[{"id":3278,"name":"Microtech","slug":"microtech-de"}],"_links":{"self":[{"href":"https:\/\/www.moskito.cz\/de\/wp-json\/wp\/v2\/product\/312551","targetHints":{"allow":["GET"]}}],"collection":[{"href":"https:\/\/www.moskito.cz\/de\/wp-json\/wp\/v2\/product"}],"about":[{"href":"https:\/\/www.moskito.cz\/de\/wp-json\/wp\/v2\/types\/product"}],"replies":[{"embeddable":true,"href":"https:\/\/www.moskito.cz\/de\/wp-json\/wp\/v2\/comments?post=312551"}],"wp:featuredmedia":[{"embeddable":true,"href":"https:\/\/www.moskito.cz\/de\/wp-json\/wp\/v2\/media\/312555"}],"wp:attachment":[{"href":"https:\/\/www.moskito.cz\/de\/wp-json\/wp\/v2\/media?parent=312551"}],"wp:term":[{"taxonomy":"pwb-brand","embeddable":true,"href":"https:\/\/www.moskito.cz\/de\/wp-json\/wp\/v2\/pwb-brand?post=312551"},{"taxonomy":"product_brand","embeddable":true,"href":"https:\/\/www.moskito.cz\/de\/wp-json\/wp\/v2\/product_brand?post=312551"},{"taxonomy":"product_cat","embeddable":true,"href":"https:\/\/www.moskito.cz\/de\/wp-json\/wp\/v2\/product_cat?post=312551"},{"taxonomy":"product_tag","embeddable":true,"href":"https:\/\/www.moskito.cz\/de\/wp-json\/wp\/v2\/product_tag?post=312551"}],"curies":[{"name":"wp","href":"https:\/\/api.w.org\/{rel}","templated":true}]}}