{"id":312561,"date":"2021-10-11T22:05:16","date_gmt":"2024-02-06T20:37:41","guid":{"rendered":"https:\/\/www.moskito.cz\/produkt\/schiessmesser-microtech-ultratech-jedi-122-1jk\/"},"modified":"2025-05-07T11:02:33","modified_gmt":"2025-05-07T10:02:33","slug":"schiessmesser-microtech-ultratech-jedi-122-1jk","status":"publish","type":"product","link":"https:\/\/www.moskito.cz\/de\/produkt\/schiessmesser-microtech-ultratech-jedi-122-1jk\/","title":{"rendered":"Schie\u00dfmesser Microtech ULTRATECH JEDI 122-1JK"},"content":{"rendered":"<p>Schie\u00dfmesser <strong>Microtech<\/strong> ULTRATECH JEDI 122-1JK.<\/p>\n<p><strong>Ultratech<\/strong> ist seit seiner Einf\u00fchrung im Jahr 1999 zweifellos das Flaggschiff von Microtech. Jedes Microtech OTF-Messer verf\u00fcgt \u00fcber \u00e4u\u00dferst hochentwickelte interne Mechanismen, die die allgemeine Betriebsfunktionalit\u00e4t und Zuverl\u00e4ssigkeit verbessern. Diese limitierte Sonderedition 122-1JK verf\u00fcgt \u00fcber einen teilweise schwarzen Griff im \u201eTri-Grip\u201c-Stil mit einzigartigen Ringbeschl\u00e4gen und einer integrierten Glassplitterfunktion sowie einen Dolch im Dolchstil mit blauem Finish. Der glatte Teil des Griffs hat ein einzigartiges Design und der Taschenclip tr\u00e4gt neben der Seriennummer und dem Herstellungsdatum auch \u201eJK\u201c. Hergestellt in den USA.<\/p>\n<p>SPEZIFIKATIONEN:<\/p>\n<p>Klingenl\u00e4nge: 8,5 cm<br \/>\nGesamtl\u00e4nge: 21 cm<br \/>\nKlingenmaterial: Edelstahl M390<br \/>\nKlingenfinish: blau<br \/>\nGriffmaterial: Aluminium 6061-T6<br \/>\nGewicht: 3,2 Unzen.<\/p>\n<p><iframe title=\"Microtech Combat Troodon Torture Test\" width=\"800\" height=\"450\" src=\"https:\/\/www.youtube.com\/embed\/xE9TeOFYEjg?feature=oembed\" frameborder=\"0\" allow=\"accelerometer; autoplay; clipboard-write; encrypted-media; gyroscope; picture-in-picture; web-share\" allowfullscreen><\/iframe><\/p>\n<p>&nbsp;<\/p>\n<p>Das Ultratech ist seit seiner Einf\u00fchrung im Jahr 1999 zweifellos das Flaggschiff von Microtech unter den Automessern. Jedes Microtech OTF-Messer verf\u00fcgt \u00fcber \u00e4u\u00dferst ausgefeilte interne Mechanismen, die die allgemeine Betriebsfunktionalit\u00e4t und Zuverl\u00e4ssigkeit verbessern. Dieses limitierte Sondermodell, das 122-1JK, verf\u00fcgt \u00fcber einen teilweise schwarzen Griff im \u201eTri-Grip\u201c-Stil, komplett mit einzigartigen Ringbeschl\u00e4gen und einer integrierten Glasbrecherfunktion sowie einer Klinge im Dolchstil mit blauem Finish. Der glatte Teil des Griffs weist ein einzigartiges Design auf und auf dem Taschenclip steht neben der Seriennummer und dem Produktionsdatum auch \u201eJK\u201c. Hergestellt in den USA.<\/p>\n<p>Spezifikationen:<\/p>\n<p>Klingenl\u00e4nge: 3,375 Zoll<br \/>\nGesamtl\u00e4nge: 8,375 Zoll<br \/>\nKlingenmaterial: M390-Edelstahl<br \/>\nKlingenoberfl\u00e4che: Blau<br \/>\nGriffl\u00e4nge: 5&#8243;<br \/>\nGriffmaterial: 6061-T6 Aluminium<br \/>\nGewicht: 3,2 Unzen.<\/p>\n","protected":false},"excerpt":{"rendered":"<p>Im Laufe der Jahre hat <strong>Microtech\u00ae<\/strong> Knives Messer mit Leidenschaft und K\u00f6nnen gef\u00fcllt, um nahezu Kunstwerke zu schaffen, die den Gipfel der Funktionalit\u00e4t darstellen. Alle Teile werden in den USA hergestellt.<br \/>\n<strong>Alle Microtech-Messer haben eine lebenslange Garantie (mindestens 80.000 Zyklen, \u00d6ffnen und Schlie\u00dfen).<\/strong><\/p>\n<p><strong>Kostenloser Transport.<\/strong><\/p>\n","protected":false},"featured_media":312563,"comment_status":"open","ping_status":"closed","template":"","meta":[],"pwb-brand":[3278],"product_brand":[],"product_cat":[3285,3343],"product_tag":[3669],"class_list":{"0":"post-312561","1":"product","2":"type-product","3":"status-publish","4":"has-post-thumbnail","6":"pwb-brand-microtech-de","7":"product_cat-messer","8":"product_cat-schiesmesser","9":"product_tag-b2b-de","11":"first","12":"instock","13":"taxable","14":"shipping-taxable","15":"purchasable","16":"product-type-simple"},"brands":[{"id":3278,"name":"Microtech","slug":"microtech-de"}],"_links":{"self":[{"href":"https:\/\/www.moskito.cz\/de\/wp-json\/wp\/v2\/product\/312561","targetHints":{"allow":["GET"]}}],"collection":[{"href":"https:\/\/www.moskito.cz\/de\/wp-json\/wp\/v2\/product"}],"about":[{"href":"https:\/\/www.moskito.cz\/de\/wp-json\/wp\/v2\/types\/product"}],"replies":[{"embeddable":true,"href":"https:\/\/www.moskito.cz\/de\/wp-json\/wp\/v2\/comments?post=312561"}],"wp:featuredmedia":[{"embeddable":true,"href":"https:\/\/www.moskito.cz\/de\/wp-json\/wp\/v2\/media\/312563"}],"wp:attachment":[{"href":"https:\/\/www.moskito.cz\/de\/wp-json\/wp\/v2\/media?parent=312561"}],"wp:term":[{"taxonomy":"pwb-brand","embeddable":true,"href":"https:\/\/www.moskito.cz\/de\/wp-json\/wp\/v2\/pwb-brand?post=312561"},{"taxonomy":"product_brand","embeddable":true,"href":"https:\/\/www.moskito.cz\/de\/wp-json\/wp\/v2\/product_brand?post=312561"},{"taxonomy":"product_cat","embeddable":true,"href":"https:\/\/www.moskito.cz\/de\/wp-json\/wp\/v2\/product_cat?post=312561"},{"taxonomy":"product_tag","embeddable":true,"href":"https:\/\/www.moskito.cz\/de\/wp-json\/wp\/v2\/product_tag?post=312561"}],"curies":[{"name":"wp","href":"https:\/\/api.w.org\/{rel}","templated":true}]}}