{"id":312587,"date":"2021-09-23T13:57:28","date_gmt":"2024-02-06T20:44:10","guid":{"rendered":"https:\/\/www.moskito.cz\/produkt\/microtech-combat-troodon-frag-off-series-142-dr12apfogg-schiessmesser\/"},"modified":"2025-05-07T11:02:34","modified_gmt":"2025-05-07T10:02:34","slug":"microtech-combat-troodon-frag-off-series-142-dr12apfogg-schiessmesser","status":"publish","type":"product","link":"https:\/\/www.moskito.cz\/de\/produkt\/microtech-combat-troodon-frag-off-series-142-dr12apfogg-schiessmesser\/","title":{"rendered":"Microtech Combat Troodon Frag Off Series 142-DR12APFOGG Schie\u00dfmesser"},"content":{"rendered":"<p><strong>Microtech<\/strong> Combat Troodon Frag Off Series 142-DR12APFOGG Schie\u00dfmesser.<\/p>\n<p><strong>Das Combat Troodon<\/strong> ist ein pr\u00e4zisionsgefertigtes taktisches Messer. Es ist 25 % gr\u00f6\u00dfer als unser Flaggschiff Troodon. Es zeichnet sich durch einen schlanken Griff, eine konturierte Form, radikale Designelemente und einen ausgekl\u00fcgelten internen Mechanismus aus, der die Betriebsfunktionalit\u00e4t und Zuverl\u00e4ssigkeit in gr\u00f6\u00dferem Ma\u00dfstab verbessert. Der Combat Troodon ist f\u00fcr eine breite Palette von Nutz- und Nahkampfanwendungen konzipiert.<br \/>\nSpezifikationen<\/p>\n<p>Troodon \u2013 \u201eVerwundeter Zahn\u201c<br \/>\nAktion: Dual Action Auto Fire und Retract<br \/>\nKlingenl\u00e4nge: 9,3 cm<br \/>\nGriff: 6061-T6 Aluminium Mil Spec Grenade Green Hard Coat eloxiert<br \/>\nL\u00e4nge ge\u00f6ffnet: 23 cm<br \/>\nTaschenclip: 301 federbelastet, umkehrbar<br \/>\nGewicht: 6,2 Unzen.<br \/>\nStahl: M390<br \/>\nHergestellt in den USA<\/p>\n<p><iframe title=\"Microtech Combat Troodon Torture Test\" width=\"800\" height=\"450\" src=\"https:\/\/www.youtube.com\/embed\/xE9TeOFYEjg?feature=oembed\" frameborder=\"0\" allow=\"accelerometer; autoplay; clipboard-write; encrypted-media; gyroscope; picture-in-picture; web-share\" allowfullscreen><\/iframe><\/p>\n<p>&nbsp;<\/p>\n<p>Das <strong>Combat Troodon<\/strong> ist ein pr\u00e4zisionsgefertigtes, nach vorne gerichtetes taktisches Messer. Es ist 25 % gr\u00f6\u00dfer als unser Flaggschiff, das Troodon. Es bringt den schlanken Griff, die konturierte Form, radikale Designelemente und einen ausgekl\u00fcgelten internen Mechanismus, der die Betriebsfunktionalit\u00e4t und Zuverl\u00e4ssigkeit verbessert, auf ein gr\u00f6\u00dferes Niveau. Der Combat Troodon ist f\u00fcr ein breites Spektrum an Nutz- und Nahkampfeins\u00e4tzen konzipiert.<br \/>\nSpezifikationen<\/p>\n<p>Troodon \u2013 \u201eWundender Zahn\u201c<br \/>\nAktion: Dual Action Auto Fire und Retract<br \/>\nKlingenl\u00e4nge: 3,75 Zoll<br \/>\nKlingenst\u00e4rke: 0,095 Zoll<br \/>\nGriff: 6061-T6 Aluminium Mil Spec Grenade Green Hard Coat Eloxiert<br \/>\nGriffst\u00e4rke: Skulptural, konisch, min. 0,304 Zoll, max. 435 Zoll<br \/>\nOffene L\u00e4nge: 9,10&#8243;<br \/>\nL\u00e4nge geschlossen: 5,20&#8243;<br \/>\nTaschenclip: 301 federgeh\u00e4rtet, beidh\u00e4ndig verwendbar<br \/>\nGewicht: 6,2 Unzen.<br \/>\nBitte beachten Sie, dass der Klingenstahl nicht angegeben werden kann, da er sich je nach Verf\u00fcgbarkeit \u00e4ndern kann (Informationen von Microtech).<br \/>\nHergestellt in den USA<\/p>\n","protected":false},"excerpt":{"rendered":"<p>Im Laufe der Jahre hat <strong>Microtech\u00ae Knives<\/strong> Messer mit Leidenschaft und K\u00f6nnen gef\u00fcllt, um nahezu Kunstwerke zu schaffen, die den Gipfel der Funktionalit\u00e4t darstellen. Alle Teile werden in den USA hergestellt.<br \/>\n<strong>F\u00fcr alle Microtech-Messer gilt eine lebenslange Garantie.<\/strong><\/p>\n<p><strong>Kostenloser Transport.<\/strong><\/p>\n","protected":false},"featured_media":312588,"comment_status":"open","ping_status":"closed","template":"","meta":[],"pwb-brand":[3278],"product_brand":[],"product_cat":[3285,3343],"product_tag":[3669],"class_list":{"0":"post-312587","1":"product","2":"type-product","3":"status-publish","4":"has-post-thumbnail","6":"pwb-brand-microtech-de","7":"product_cat-messer","8":"product_cat-schiesmesser","9":"product_tag-b2b-de","11":"first","12":"instock","13":"taxable","14":"shipping-taxable","15":"purchasable","16":"product-type-simple"},"brands":[{"id":3278,"name":"Microtech","slug":"microtech-de"}],"_links":{"self":[{"href":"https:\/\/www.moskito.cz\/de\/wp-json\/wp\/v2\/product\/312587","targetHints":{"allow":["GET"]}}],"collection":[{"href":"https:\/\/www.moskito.cz\/de\/wp-json\/wp\/v2\/product"}],"about":[{"href":"https:\/\/www.moskito.cz\/de\/wp-json\/wp\/v2\/types\/product"}],"replies":[{"embeddable":true,"href":"https:\/\/www.moskito.cz\/de\/wp-json\/wp\/v2\/comments?post=312587"}],"wp:featuredmedia":[{"embeddable":true,"href":"https:\/\/www.moskito.cz\/de\/wp-json\/wp\/v2\/media\/312588"}],"wp:attachment":[{"href":"https:\/\/www.moskito.cz\/de\/wp-json\/wp\/v2\/media?parent=312587"}],"wp:term":[{"taxonomy":"pwb-brand","embeddable":true,"href":"https:\/\/www.moskito.cz\/de\/wp-json\/wp\/v2\/pwb-brand?post=312587"},{"taxonomy":"product_brand","embeddable":true,"href":"https:\/\/www.moskito.cz\/de\/wp-json\/wp\/v2\/product_brand?post=312587"},{"taxonomy":"product_cat","embeddable":true,"href":"https:\/\/www.moskito.cz\/de\/wp-json\/wp\/v2\/product_cat?post=312587"},{"taxonomy":"product_tag","embeddable":true,"href":"https:\/\/www.moskito.cz\/de\/wp-json\/wp\/v2\/product_tag?post=312587"}],"curies":[{"name":"wp","href":"https:\/\/api.w.org\/{rel}","templated":true}]}}