{"id":312628,"date":"2021-09-22T17:17:23","date_gmt":"2024-02-06T21:16:39","guid":{"rendered":"https:\/\/www.moskito.cz\/produkt\/microtech-ultratech-signature-series-kohlefaser-damast-schiessmesser\/"},"modified":"2025-05-07T11:02:35","modified_gmt":"2025-05-07T10:02:35","slug":"microtech-ultratech-signature-series-kohlefaser-damast-schiessmesser","status":"publish","type":"product","link":"https:\/\/www.moskito.cz\/de\/produkt\/microtech-ultratech-signature-series-kohlefaser-damast-schiessmesser\/","title":{"rendered":"Microtech Ultratech Signature Series Kohlefaser-Damast-Schie\u00dfmesser"},"content":{"rendered":"<p><strong>Microtech<\/strong> Ultratech Signature Series Kohlefaser-Damast-Schie\u00dfmesser.<\/p>\n<p>Als Flaggschiffmodell der OTF-Reihe von Microtech setzt Ultratech\u00ae den Standard f\u00fcr die OTF-Technologie. Dank der patentierten Technologie kann die Ausl\u00f6sefeder sowohl in der offenen als auch in der geschlossenen Position ruhen, wodurch der Verschlei\u00df der internen Ausl\u00f6semechanismen drastisch reduziert wird. Der geformte Geh\u00e4usegriff sorgt f\u00fcr ein leichteres, ergonomischeres Gef\u00fchl und hat eine glatte, flache Oberfl\u00e4che.<\/p>\n<p>Automatisches \u00d6ffnen\/Schlie\u00dfen \u2013 Front\u00f6ffner<br \/>\nKlingenl\u00e4nge: 8,6 cm<br \/>\nKlingenstil: Damast, Doppelschneide, Dolch<br \/>\nGriffmaterial: Schwarze Mil-Spec-Hartschale, eloxiertes 6061-T6-Aluminium mit Kohlefaseroberseite<br \/>\nOffene L\u00e4nge: 22 cm<br \/>\nMaterial des Taschenclips: Edelstahl 301, volle H\u00e4rte<br \/>\nStandardoberteil: Kohlefaser<br \/>\nAbzug: Edelstahl 303<br \/>\nFensterbrecher<br \/>\nHergestellt in den USA<\/p>\n<p>&nbsp;<\/p>\n<p>Als Flaggschiffmodell der OTF-Reihe von Microtech setzt der Ultratech\u00ae den Standard f\u00fcr die OTF-Technologie. Dank der propriet\u00e4ren Technologie kann die Ausl\u00f6sefeder sowohl in der offenen als auch in der geschlossenen Position ruhen, wodurch der Verschlei\u00df der internen Ausl\u00f6semechanismen drastisch reduziert wird. Der konturierte Geh\u00e4usegriff sorgt f\u00fcr ein leichteres und ergonomischeres Gef\u00fchl und verf\u00fcgt \u00fcber eine glatte, flache Oberfl\u00e4che.<\/p>\n<p>Klingenl\u00e4nge 3,35\u2033, Gesamtl\u00e4nge 8,36\u2033, Klingenstahl *siehe unten, Griffmaterial 6061 T6, Gesamtgewicht (OZ) 3,5<\/p>\n<p>Automatisches \u00d6ffnen\/Schlie\u00dfen \u2013 Front\u00f6ffner<br \/>\nKlingenl\u00e4nge: 3,46\u2033<br \/>\nKlingenstil: Damast, Doppelschneide, Dolch<br \/>\nGriffst\u00e4rke: 0,640\u2033<br \/>\nGriffmaterial: Schwarzes Mil-Spec-Hartbeschichtungs-eloxiertes 6061-T6-Aluminium mit Kohlefaseroberseite<br \/>\nL\u00e4nge geschlossen: 4,84\u2033<br \/>\nL\u00e4nge offen: 8,30\u2033<br \/>\nMaterial des Taschenclips: Edelstahl 301, vollhart<br \/>\nStandardoberteil: Kohlefaser<br \/>\nAbzug: 303 Edelstahl<br \/>\nFensterbrecher<br \/>\nHergestellt in den USA<\/p>\n","protected":false},"excerpt":{"rendered":"<p>Im Laufe der Jahre hat <strong>Microtech\u00ae Knives<\/strong> Messer mit Leidenschaft und K\u00f6nnen gef\u00fcllt, um nahezu Kunstwerke zu schaffen, die den Gipfel der Funktionalit\u00e4t darstellen. Alle Teile werden in den USA hergestellt.<br \/>\n<strong>F\u00fcr alle Microtech-Messer gilt eine lebenslange Garantie.<\/strong><\/p>\n","protected":false},"featured_media":312629,"comment_status":"open","ping_status":"closed","template":"","meta":[],"pwb-brand":[3278],"product_brand":[],"product_cat":[3285,3343],"product_tag":[3669],"class_list":{"0":"post-312628","1":"product","2":"type-product","3":"status-publish","4":"has-post-thumbnail","6":"pwb-brand-microtech-de","7":"product_cat-messer","8":"product_cat-schiesmesser","9":"product_tag-b2b-de","11":"first","12":"outofstock","13":"taxable","14":"shipping-taxable","15":"purchasable","16":"product-type-simple"},"brands":[{"id":3278,"name":"Microtech","slug":"microtech-de"}],"_links":{"self":[{"href":"https:\/\/www.moskito.cz\/de\/wp-json\/wp\/v2\/product\/312628","targetHints":{"allow":["GET"]}}],"collection":[{"href":"https:\/\/www.moskito.cz\/de\/wp-json\/wp\/v2\/product"}],"about":[{"href":"https:\/\/www.moskito.cz\/de\/wp-json\/wp\/v2\/types\/product"}],"replies":[{"embeddable":true,"href":"https:\/\/www.moskito.cz\/de\/wp-json\/wp\/v2\/comments?post=312628"}],"wp:featuredmedia":[{"embeddable":true,"href":"https:\/\/www.moskito.cz\/de\/wp-json\/wp\/v2\/media\/312629"}],"wp:attachment":[{"href":"https:\/\/www.moskito.cz\/de\/wp-json\/wp\/v2\/media?parent=312628"}],"wp:term":[{"taxonomy":"pwb-brand","embeddable":true,"href":"https:\/\/www.moskito.cz\/de\/wp-json\/wp\/v2\/pwb-brand?post=312628"},{"taxonomy":"product_brand","embeddable":true,"href":"https:\/\/www.moskito.cz\/de\/wp-json\/wp\/v2\/product_brand?post=312628"},{"taxonomy":"product_cat","embeddable":true,"href":"https:\/\/www.moskito.cz\/de\/wp-json\/wp\/v2\/product_cat?post=312628"},{"taxonomy":"product_tag","embeddable":true,"href":"https:\/\/www.moskito.cz\/de\/wp-json\/wp\/v2\/product_tag?post=312628"}],"curies":[{"name":"wp","href":"https:\/\/api.w.org\/{rel}","templated":true}]}}