{"id":312639,"date":"2021-09-22T15:18:01","date_gmt":"2021-09-22T14:18:01","guid":{"rendered":"https:\/\/www.moskito.cz\/produkt\/schiessmesser-microtech-bronze-apocalyptic-utx-85-232-13ap\/"},"modified":"2025-11-21T13:52:36","modified_gmt":"2025-11-21T12:52:36","slug":"schiessmesser-microtech-bronze-apocalyptic-utx-85-232-13ap","status":"publish","type":"product","link":"https:\/\/www.moskito.cz\/de\/produkt\/schiessmesser-microtech-bronze-apocalyptic-utx-85-232-13ap\/","title":{"rendered":"Schie\u00dfmesser Microtech Bronze Apocalyptic UTX-85 232-13AP"},"content":{"rendered":"<p>Schie\u00dfmesser <strong>Microtech<\/strong> Bronze Apocalyptic UTX-85 232-13AP.<\/p>\n<p><strong>Das Microtech<\/strong> UTX-85 OTF-Messer ist eine perfekte Kombination aus kompakten Abmessungen und gro\u00dfartiger Leistung. Der Microtech UTX-85 ist 85 % so gro\u00df wie der Ultratech und wird aus denselben Materialien, auf denselben Maschinen und mit demselben Einfallsreichtum wie sein Vorg\u00e4nger hergestellt. Das Microtech UTX-85 ist das perfekte Messer f\u00fcr alle Situationen \u2013 egal, was Ihre Schneidaufgabe ist; es wird sich nahtlos in Ihren Lebensstil einf\u00fcgen. Dank des schnellen \u00d6ffnens und Schlie\u00dfens mit einer Hand ist die Arbeit in Sekundenschnelle erledigt. Es verf\u00fcgt \u00fcber einen doppelseitigen Taschenclip und eine kompakte Gr\u00f6\u00dfe, was es zur idealen Wahl f\u00fcr den t\u00e4glichen Gebrauch und Transport macht.<br \/>\nSpezifikationen<\/p>\n<p>Aktion: Doppelte Aktion \u2013 automatisches Ausl\u00f6sen\/automatischer R\u00fcckzug<\/p>\n<p>Klingenl\u00e4nge: 7,5 cm<br \/>\nStahl: M390<br \/>\nKlingenstil: Doppelschneidiger Dolch<br \/>\nChassis: 6061-T6 AL-Legierung, schwarz eloxierte Mil-Spec-Hartbeschichtung<br \/>\nGriffmaterial: Aluminium<br \/>\nGesamtl\u00e4nge: 18,5 cm<br \/>\nTaschenclip: Edelstahl 301<br \/>\nStandard-Obermaterial: 6061-T6 AL-Legierung<br \/>\nAbzug: Edelstahl 303<br \/>\nGewicht: 2,8 Unzen.<br \/>\nHergestellt in den USA<\/p>\n<p><iframe title=\"Microtech Combat Troodon Torture Test\" width=\"800\" height=\"450\" src=\"https:\/\/www.youtube.com\/embed\/xE9TeOFYEjg?feature=oembed\" frameborder=\"0\" allow=\"accelerometer; autoplay; clipboard-write; encrypted-media; gyroscope; picture-in-picture; web-share\" allowfullscreen><\/iframe><\/p>\n<p>&nbsp;<\/p>\n<p>Das <strong>Microtech<\/strong> UTX-85 OTF-Messer ist die perfekte Kombination aus kompakter Gr\u00f6\u00dfe und gro\u00dfer Leistung. Der Microtech UTX-85 ist 85 % so gro\u00df wie der Ultratech und wird mit denselben Materialien, auf denselben Maschinen und mit demselben Einfallsreichtum wie sein Vorg\u00e4nger hergestellt. Das Microtech UTX-85 ist das perfekte Messer f\u00fcr alle Situationen \u2013 egal, welche Schneidaufgabe Sie haben; Es f\u00fcgt sich nahtlos in Ihren Lebensstil ein. Durch das schnelle \u00d6ffnen und Schlie\u00dfen mit einer Hand ist die Arbeit in Sekundenschnelle erledigt. Ausgestattet mit einem beidh\u00e4ndig verwendbaren Taschenclip und kompakter Gr\u00f6\u00dfe ist dies die perfekte Wahl f\u00fcr den t\u00e4glichen Gebrauch und Transport.<br \/>\nSpezifikationen<\/p>\n<p>Aktion: Doppelte Aktion \u2013 automatisches Ausl\u00f6sen\/automatischer R\u00fcckzug<br \/>\nDicke: 0,125 Zoll<br \/>\nKlingenl\u00e4nge: 3&#8243;<br \/>\nBitte beachten Sie, dass der Klingenstahl nicht angegeben werden kann, da er sich je nach Verf\u00fcgbarkeit \u00e4ndern kann (Informationen von Microtech).<br \/>\nKlingenstil: Doppelschneidiger Dolch<br \/>\nChassis: 6061-T6 AL-Legierung, schwarze Mil-Spec-Hartbeschichtung eloxiert<br \/>\nGriffmaterial: Aluminium<br \/>\nGriffst\u00e4rke: 0,46 Zoll<br \/>\nL\u00e4nge geschlossen: 4,38&#8243;<br \/>\nGesamtl\u00e4nge: 7,38&#8243;<br \/>\nTaschenclip: Edelstahl 301<br \/>\nStandardoberteil: 6061-T6 AL-Legierung<br \/>\nAbzug: Edelstahl 303<br \/>\nGewicht: 2,8 Unzen.<br \/>\nHergestellt in den USA<\/p>\n","protected":false},"excerpt":{"rendered":"<p>Im Laufe der Jahre hat <strong>Microtech\u00ae Knives<\/strong> Messer mit Leidenschaft und K\u00f6nnen gef\u00fcllt, um nahezu Kunstwerke zu schaffen, die den Gipfel der Funktionalit\u00e4t darstellen. Alle Teile werden in den USA hergestellt.<br \/>\n<strong>F\u00fcr alle Microtech-Messer gilt eine lebenslange Garantie.<\/strong><\/p>\n<p><strong>Kostenloser Versand.<\/strong><\/p>\n","protected":false},"featured_media":312640,"comment_status":"open","ping_status":"closed","template":"","meta":[],"pwb-brand":[3278],"product_brand":[],"product_cat":[3343,3285],"product_tag":[3669],"class_list":{"0":"post-312639","1":"product","2":"type-product","3":"status-publish","4":"has-post-thumbnail","6":"pwb-brand-microtech-de","7":"product_cat-schiesmesser","8":"product_cat-messer","9":"product_tag-b2b-de","11":"first","12":"outofstock","13":"taxable","14":"shipping-taxable","15":"purchasable","16":"product-type-simple"},"brands":[{"id":3278,"name":"Microtech","slug":"microtech-de"}],"_links":{"self":[{"href":"https:\/\/www.moskito.cz\/de\/wp-json\/wp\/v2\/product\/312639","targetHints":{"allow":["GET"]}}],"collection":[{"href":"https:\/\/www.moskito.cz\/de\/wp-json\/wp\/v2\/product"}],"about":[{"href":"https:\/\/www.moskito.cz\/de\/wp-json\/wp\/v2\/types\/product"}],"replies":[{"embeddable":true,"href":"https:\/\/www.moskito.cz\/de\/wp-json\/wp\/v2\/comments?post=312639"}],"wp:featuredmedia":[{"embeddable":true,"href":"https:\/\/www.moskito.cz\/de\/wp-json\/wp\/v2\/media\/312640"}],"wp:attachment":[{"href":"https:\/\/www.moskito.cz\/de\/wp-json\/wp\/v2\/media?parent=312639"}],"wp:term":[{"taxonomy":"pwb-brand","embeddable":true,"href":"https:\/\/www.moskito.cz\/de\/wp-json\/wp\/v2\/pwb-brand?post=312639"},{"taxonomy":"product_brand","embeddable":true,"href":"https:\/\/www.moskito.cz\/de\/wp-json\/wp\/v2\/product_brand?post=312639"},{"taxonomy":"product_cat","embeddable":true,"href":"https:\/\/www.moskito.cz\/de\/wp-json\/wp\/v2\/product_cat?post=312639"},{"taxonomy":"product_tag","embeddable":true,"href":"https:\/\/www.moskito.cz\/de\/wp-json\/wp\/v2\/product_tag?post=312639"}],"curies":[{"name":"wp","href":"https:\/\/api.w.org\/{rel}","templated":true}]}}