{"id":312715,"date":"2022-07-07T23:09:45","date_gmt":"2024-02-09T14:15:38","guid":{"rendered":"https:\/\/www.moskito.cz\/produkt\/feststehendes-messer-extrema-ratio-fulcrum-bayonet-nfg-schwarz\/"},"modified":"2025-05-07T11:02:36","modified_gmt":"2025-05-07T10:02:36","slug":"feststehendes-messer-extrema-ratio-fulcrum-bayonet-nfg-schwarz","status":"publish","type":"product","link":"https:\/\/www.moskito.cz\/de\/produkt\/feststehendes-messer-extrema-ratio-fulcrum-bayonet-nfg-schwarz\/","title":{"rendered":"Feststehendes Messer Extrema Ratio FULCRUM BAYONET NFG SCHWARZ"},"content":{"rendered":"<p>Feststehendes Messer <strong>Extrema Ratio<\/strong> FULCRUM BAYONET NFG SCHWARZ<\/p>\n<p>In Anlehnung an unser sehr erfolgreiches FULCRUM-Messer haben wir von Extrema Ratio eine Bajonettversion dieses Designs entwickelt. Wie das Original FULCRUM ist dieses Bajonett \u00e4u\u00dferst vielseitig und stark und kann eine Last von \u00fcber 150 Kilogramm tragen. Die tantof\u00f6rmige Klinge erm\u00f6glicht viel Arbeit und Verschlei\u00df, beh\u00e4lt aber dennoch eine scharfe Kante an der extrem starken Spitze. Diese Funktion sorgt in Kombination mit einer scharfen falschen Schneide (nur Milit\u00e4rversionen) daf\u00fcr, dass das Messer gen\u00fcgend Kampfdurchdringung beh\u00e4lt, um Ziele zu bek\u00e4mpfen, die von schwerer Kleidung, Polsterung oder weichem ballistischem Schutz bedeckt sind. Aufgrund seines Gewichts und seiner hervorragenden Balance eignet sich das FULCRUM BAYONET-S\u00e4geblatt f\u00fcr schwere Arbeiten im Feld. Auch in der NFG-Version (No Fixing Gears) erh\u00e4ltlich.<\/p>\n<p>GEWICHT G: 378<br \/>\nGEWICHT OZ.: 13,3<br \/>\nKLINGENL\u00c4NGE (MM): 180<br \/>\nKLINGENL\u00c4NGE (IN): 7,1<br \/>\nGESAMTL\u00c4NGE (MM): 309<br \/>\nGESAMTL\u00c4NGE (IN): 12,2<br \/>\nKLINGENST\u00c4RKE (MM): 6,3<br \/>\nKLINGENST\u00c4RKE (IN): 0,25<br \/>\nKLINGENMATERIAL: B\u00d6HLER N690 STAHL (58HRC)<br \/>\nMESSERFINISH: MIL-C-13924 LAYING<br \/>\nHAUPTGITTER: FLACH<br \/>\nTEILZ\u00c4HNE (MM): 40<br \/>\nTEILZ\u00c4HNE (IN): 1,6<br \/>\nGRIFFMATERIAL: FORPRENE<\/p>\n","protected":false},"excerpt":{"rendered":"<p><strong>Extrema Ratio mit Sitz in Prato, Italien,<\/strong> entwirft und produziert seit 1997 leistungsstarke Kampf-, Milit\u00e4r-, K\u00fcchen-, Jagd- und taktische Messer und genie\u00dft einen Ruf f\u00fcr \u00fcberlegene Qualit\u00e4t, die in der Milit\u00e4r- und taktischen Messerbranche ihresgleichen sucht. <strong>Kostenloser Transport<\/strong> .<\/p>\n","protected":false},"featured_media":312716,"comment_status":"open","ping_status":"closed","template":"","meta":[],"pwb-brand":[3539],"product_brand":[],"product_cat":[3285,3287],"product_tag":[3669],"class_list":{"0":"post-312715","1":"product","2":"type-product","3":"status-publish","4":"has-post-thumbnail","6":"pwb-brand-extrema-verhaltnis","7":"product_cat-messer","8":"product_cat-solide-messer","9":"product_tag-b2b-de","11":"first","12":"instock","13":"taxable","14":"shipping-taxable","15":"purchasable","16":"product-type-simple"},"brands":[{"id":3539,"name":"Extrema-Verh\u00e4ltnis","slug":"extrema-verhaltnis"}],"_links":{"self":[{"href":"https:\/\/www.moskito.cz\/de\/wp-json\/wp\/v2\/product\/312715","targetHints":{"allow":["GET"]}}],"collection":[{"href":"https:\/\/www.moskito.cz\/de\/wp-json\/wp\/v2\/product"}],"about":[{"href":"https:\/\/www.moskito.cz\/de\/wp-json\/wp\/v2\/types\/product"}],"replies":[{"embeddable":true,"href":"https:\/\/www.moskito.cz\/de\/wp-json\/wp\/v2\/comments?post=312715"}],"wp:featuredmedia":[{"embeddable":true,"href":"https:\/\/www.moskito.cz\/de\/wp-json\/wp\/v2\/media\/312716"}],"wp:attachment":[{"href":"https:\/\/www.moskito.cz\/de\/wp-json\/wp\/v2\/media?parent=312715"}],"wp:term":[{"taxonomy":"pwb-brand","embeddable":true,"href":"https:\/\/www.moskito.cz\/de\/wp-json\/wp\/v2\/pwb-brand?post=312715"},{"taxonomy":"product_brand","embeddable":true,"href":"https:\/\/www.moskito.cz\/de\/wp-json\/wp\/v2\/product_brand?post=312715"},{"taxonomy":"product_cat","embeddable":true,"href":"https:\/\/www.moskito.cz\/de\/wp-json\/wp\/v2\/product_cat?post=312715"},{"taxonomy":"product_tag","embeddable":true,"href":"https:\/\/www.moskito.cz\/de\/wp-json\/wp\/v2\/product_tag?post=312715"}],"curies":[{"name":"wp","href":"https:\/\/api.w.org\/{rel}","templated":true}]}}