{"id":312810,"date":"2024-02-09T16:10:30","date_gmt":"2024-02-09T16:05:01","guid":{"rendered":"https:\/\/www.moskito.cz\/produkt\/heretic-knives-colossus-schiessmesser-h039-2a-rb\/"},"modified":"2025-05-07T11:02:38","modified_gmt":"2025-05-07T10:02:38","slug":"heretic-knives-colossus-schiessmesser-h039-2a-rb","status":"publish","type":"product","link":"https:\/\/www.moskito.cz\/de\/produkt\/heretic-knives-colossus-schiessmesser-h039-2a-rb\/","title":{"rendered":"Heretic Knives Colossus Schie\u00dfmesser H039-2A-RB"},"content":{"rendered":"<p><strong>Heretic Knives<\/strong> Colossus Schie\u00dfmesser H039-2A-RB.<\/p>\n<p>Das OTF Auto Double Action <strong>Colossus<\/strong> zeichnet sich durch ein aufwendiges Aussehen, \u00fcbertriebene Z\u00e4higkeit, blitzschnelle Aktion und die Passform und Verarbeitung aus, die Sie von einem High-End-Messer erwarten. Die Klinge besteht aus CPM-MagnaCut-Edelstahl mit einer einschneidigen Clipform, die einfach hervorragend ist. Der massive Aluminiumk\u00f6rper ist au\u00dfergew\u00f6hnlich ergonomisch und verf\u00fcgt auf jeder Seite \u00fcber unz\u00e4hlige schwarze Traktionspads. Der doppelseitige Taschenclip ist das Sch\u00f6nste an diesem Messer. Es h\u00e4lt das Messer sicher in der Tasche und beeintr\u00e4chtigt dabei nur wenig von der Ergonomie, die wir lieben. Die Klinge wird mit einer Flasche OTF Knife Lube geliefert und wurde stolz in den USA hergestellt.<br \/>\nSpezifikationen<\/p>\n<p>Klingenl\u00e4nge: 9 cm<br \/>\nGesamtl\u00e4nge: 22 cm<br \/>\nKlingenmaterial: CPM-MagnaCut Edelstahl<br \/>\nKlingenstil: Clip Point<br \/>\nKlingenschliff: Flach<br \/>\nOberfl\u00e4chenbehandlung der Klinge: Stonewash<br \/>\nGriffmaterial: Root-Beer-Aluminium mit schwarzen Traktionseins\u00e4tzen<br \/>\nVerriegelungsmechanismus: Schiebend<br \/>\nTaschenclip: Edelstahl mit tiefer \u00dcbertragung (nach unten klappbar, rechts\/links)<br \/>\nGewicht: 4,66 Unzen.<br \/>\nDesigner: Tony Marfione Jr.<br \/>\nHandgefertigt in den USA<\/p>\n<p>&nbsp;<\/p>\n","protected":false},"excerpt":{"rendered":"<p><strong>Alle unsere Messer werden in den USA hergestellt und das wird auch so bleiben. Wenn Sie eines unserer Messer kaufen, k\u00f6nnen Sie darauf vertrauen, dass Ihr Werkzeug von einem amerikanischen Unternehmen unterst\u00fctzt wird. Unsere Messer werden in kleinen Mengen hergestellt, um sicherzustellen, dass Sie ein Qualit\u00e4tsmesser erhalten, das die Aufmerksamkeit erh\u00e4lt, die andere massenproduzierte Messer nicht erhalten!!<\/strong><\/p>\n<p><strong>Kostenloser Transport.<\/strong><\/p>\n","protected":false},"featured_media":312730,"comment_status":"open","ping_status":"closed","template":"","meta":[],"pwb-brand":[3665],"product_brand":[],"product_cat":[3285,3343],"product_tag":[],"class_list":{"0":"post-312810","1":"product","2":"type-product","3":"status-publish","4":"has-post-thumbnail","6":"pwb-brand-ketzermesser","7":"product_cat-messer","8":"product_cat-schiesmesser","10":"first","11":"instock","12":"taxable","13":"shipping-taxable","14":"purchasable","15":"product-type-simple"},"brands":[{"id":3665,"name":"Ketzermesser","slug":"ketzermesser"}],"_links":{"self":[{"href":"https:\/\/www.moskito.cz\/de\/wp-json\/wp\/v2\/product\/312810","targetHints":{"allow":["GET"]}}],"collection":[{"href":"https:\/\/www.moskito.cz\/de\/wp-json\/wp\/v2\/product"}],"about":[{"href":"https:\/\/www.moskito.cz\/de\/wp-json\/wp\/v2\/types\/product"}],"replies":[{"embeddable":true,"href":"https:\/\/www.moskito.cz\/de\/wp-json\/wp\/v2\/comments?post=312810"}],"wp:featuredmedia":[{"embeddable":true,"href":"https:\/\/www.moskito.cz\/de\/wp-json\/wp\/v2\/media\/312730"}],"wp:attachment":[{"href":"https:\/\/www.moskito.cz\/de\/wp-json\/wp\/v2\/media?parent=312810"}],"wp:term":[{"taxonomy":"pwb-brand","embeddable":true,"href":"https:\/\/www.moskito.cz\/de\/wp-json\/wp\/v2\/pwb-brand?post=312810"},{"taxonomy":"product_brand","embeddable":true,"href":"https:\/\/www.moskito.cz\/de\/wp-json\/wp\/v2\/product_brand?post=312810"},{"taxonomy":"product_cat","embeddable":true,"href":"https:\/\/www.moskito.cz\/de\/wp-json\/wp\/v2\/product_cat?post=312810"},{"taxonomy":"product_tag","embeddable":true,"href":"https:\/\/www.moskito.cz\/de\/wp-json\/wp\/v2\/product_tag?post=312810"}],"curies":[{"name":"wp","href":"https:\/\/api.w.org\/{rel}","templated":true}]}}