{"id":312834,"date":"2021-03-25T22:59:57","date_gmt":"2024-02-12T09:48:55","guid":{"rendered":"https:\/\/www.moskito.cz\/produkt\/feststehendes-messer-microtech-borka-blades-sbd-201-10\/"},"modified":"2025-07-11T07:54:12","modified_gmt":"2025-07-11T06:54:12","slug":"feststehendes-messer-microtech-borka-blades-sbd-201-10","status":"publish","type":"product","link":"https:\/\/www.moskito.cz\/de\/produkt\/feststehendes-messer-microtech-borka-blades-sbd-201-10\/","title":{"rendered":"Feststehendes Messer Microtech Borka Blades SBD 201-10"},"content":{"rendered":"<p>Feststehendes Messer Microtech Borka Blades SBD 201-10.<\/p>\n<p>Das SBD Fixed Blade ist ein bedrohliches St\u00fcck des ma\u00dfgeschneiderten Messermachers Sebastjan Berenji, alias Bork, basierend auf seinem SBK-Design. Dies ist eine Weiterentwicklung des SBK, das die umgekehrte Form der persischen Klinge \u00fcbernahm und sie durch eine breite, zweischneidige Dolchform ersetzte, daher der Name D. Es verf\u00fcgt \u00fcber vier sch\u00f6ne Abschr\u00e4gungen, die in einer perfekten Spitze gipfeln, einen sch\u00f6nen Fingerschutz und einen Blutrille mit Entlastungsl\u00f6chern. Der Griff besteht aus sch\u00f6n gefr\u00e4stem G10 f\u00fcr einen angenehmen ergonomischen Griff und schafft eine perfekte Harmonie zwischen Benutzer und Werkzeug. Es ist an den richtigen Stellen geformt, um das Indexieren des Messers mit mehreren Griffen zu erm\u00f6glichen. Das kompakte SBD strahlt taktisches K\u00f6nnen mit dem f\u00fcr Borka Blades typischen Stil aus und wird in einer Kydex-Scheide mit Kydex-Kohlefaser-Finish mit Tek-Lok geliefert. Hergestellt in den USA von Microtech Knives.<\/p>\n<p>Klingenl\u00e4nge: 11 cm<br \/>\n Gesamtl\u00e4nge: 22,5 cm<br \/>\n Klingenmaterial: Die Klinge f\u00fcr dieses Jahr wird aus M390 sein &#8211; solange der Vorrat reicht, k\u00f6nnen die Klingen auch aus Elmax oder CTS-240P sein<br \/>\n Klingenstil: Doppelschneidiger Dolch<br \/>\n Klingenschliff: Flach<br \/>\n Klingenoberfl\u00e4che: Stonewash<br \/>\n Griffmaterial: Gefr\u00e4stes schwarzes G10<br \/>\n Scheidenmaterial: Kohlefaser-Kydex<br \/>\n Gewicht: 6,4 oz.<br \/>\n Gewicht mit Scheide: 10,1 oz.<\/p>\n<p>Klingenst\u00e4rke: 0,4875 cm<br \/>\n Designer: Sebastijan Berenji<br \/>\n Hergestellt in den USA<\/p>\n<p>Die feststehende SBD-Klinge ist ein bedrohliches St\u00fcck des ma\u00dfgeschneiderten Messermachers Sebastijan Berenji, alias Borka, basierend auf seinem SBK-Design. Es ist eine Weiterentwicklung des SBK, das eine nach oben geschwungene persische Klingenform hatte und diese durch eine breite, doppelschneidige Dolchform ersetzte, daher das D im Namen. Es verf\u00fcgt \u00fcber vier wundersch\u00f6ne Abschr\u00e4gungen, die in einer perfekten Spitze m\u00fcnden, einen sch\u00f6nen Fingerschutz und eine Blutrinne mit Blitzl\u00f6chern. Der Griff besteht aus wundersch\u00f6n gefr\u00e4stem G10 f\u00fcr einen sch\u00f6nen ergonomischen Griff und schafft die perfekte Harmonie zwischen Benutzer und Instrument. Es ist genau an den richtigen Stellen konturiert, sodass Sie das Messer in mehreren Griffen bewegen k\u00f6nnen. Das kompakte SBD strahlt taktisches K\u00f6nnen mit dem f\u00fcr Borka Blades typischen Design aus und wird in einer kraftschl\u00fcssigen Kydex-Scheide mit Carbonfaser-Finish und Tek-Lok geliefert. Hergestellt in den USA von Microtech Knives.<\/p>\n<p>Spezifikationen<br \/>\nKlingenl\u00e4nge: 4,375 Zoll<br \/>\nSchneide: 4,25&#8243;<br \/>\nGriffl\u00e4nge: 4,50&#8243;<br \/>\nGesamtl\u00e4nge: 9,0&#8243;<br \/>\nKlingenmaterial: Der Klingenstahl f\u00fcr 2020 wird Elmax sein \u2013 solange der Metallvorrat reicht, k\u00f6nnen Klingen auch aus M390 oder CTS-240P sein<br \/>\nKlingenst\u00e4rke: 0,195 Zoll<br \/>\nKlingenstil: Doppelschneidiger Dolch<br \/>\nKlingenschliff: Flach<br \/>\nKlingenoberfl\u00e4che: Stonewash<br \/>\n Griffmaterial: Gefr\u00e4stes schwarzes G10<br \/>\n Griffdicke: 0,68&#8243;<br \/>\n Scheidenmaterial: Kydex mit Kohlefaser-Finish<br \/>\n Gewicht: 6,4 oz.<br \/>\nGewicht mit Scheide: 10,1 Unzen.<br \/>\nDesigner: Sebastijan Berenji<br \/>\nHergestellt in den USA<\/p>\n","protected":false},"excerpt":{"rendered":"<p>Im Laufe der Jahre hat <strong>Microtech\u00ae<\/strong> Knives Messer mit Leidenschaft und K\u00f6nnen gef\u00fcllt, um nahezu Kunstwerke zu schaffen, die den Gipfel der Funktionalit\u00e4t darstellen. Alle Teile werden in den USA hergestellt.<\/p>\n","protected":false},"featured_media":312836,"comment_status":"open","ping_status":"closed","template":"","meta":[],"pwb-brand":[3278],"product_brand":[],"product_cat":[3285,3287],"product_tag":[3669],"class_list":{"0":"post-312834","1":"product","2":"type-product","3":"status-publish","4":"has-post-thumbnail","6":"pwb-brand-microtech-de","7":"product_cat-messer","8":"product_cat-solide-messer","9":"product_tag-b2b-de","11":"first","12":"outofstock","13":"taxable","14":"shipping-taxable","15":"purchasable","16":"product-type-simple"},"brands":[{"id":3278,"name":"Microtech","slug":"microtech-de"}],"_links":{"self":[{"href":"https:\/\/www.moskito.cz\/de\/wp-json\/wp\/v2\/product\/312834","targetHints":{"allow":["GET"]}}],"collection":[{"href":"https:\/\/www.moskito.cz\/de\/wp-json\/wp\/v2\/product"}],"about":[{"href":"https:\/\/www.moskito.cz\/de\/wp-json\/wp\/v2\/types\/product"}],"replies":[{"embeddable":true,"href":"https:\/\/www.moskito.cz\/de\/wp-json\/wp\/v2\/comments?post=312834"}],"wp:featuredmedia":[{"embeddable":true,"href":"https:\/\/www.moskito.cz\/de\/wp-json\/wp\/v2\/media\/312836"}],"wp:attachment":[{"href":"https:\/\/www.moskito.cz\/de\/wp-json\/wp\/v2\/media?parent=312834"}],"wp:term":[{"taxonomy":"pwb-brand","embeddable":true,"href":"https:\/\/www.moskito.cz\/de\/wp-json\/wp\/v2\/pwb-brand?post=312834"},{"taxonomy":"product_brand","embeddable":true,"href":"https:\/\/www.moskito.cz\/de\/wp-json\/wp\/v2\/product_brand?post=312834"},{"taxonomy":"product_cat","embeddable":true,"href":"https:\/\/www.moskito.cz\/de\/wp-json\/wp\/v2\/product_cat?post=312834"},{"taxonomy":"product_tag","embeddable":true,"href":"https:\/\/www.moskito.cz\/de\/wp-json\/wp\/v2\/product_tag?post=312834"}],"curies":[{"name":"wp","href":"https:\/\/api.w.org\/{rel}","templated":true}]}}