{"id":312947,"date":"2024-02-13T14:49:48","date_gmt":"2024-02-13T14:05:02","guid":{"rendered":"https:\/\/www.moskito.cz\/produkt\/heretic-knives-roc-battleworn-hawkbill-h060-5a-battle-schiessmesser\/"},"modified":"2025-05-07T11:02:41","modified_gmt":"2025-05-07T10:02:41","slug":"heretic-knives-roc-battleworn-hawkbill-h060-5a-battle-schiessmesser","status":"publish","type":"product","link":"https:\/\/www.moskito.cz\/de\/produkt\/heretic-knives-roc-battleworn-hawkbill-h060-5a-battle-schiessmesser\/","title":{"rendered":"Heretic Knives Roc Battleworn Hawkbill H060-5A-BATTLE Schie\u00dfmesser"},"content":{"rendered":"<p><strong>Heretic Knives<\/strong> Roc Battleworn Hawkbill H060-5A-BATTLE Schie\u00dfmesser<\/p>\n<p>Der Roc von Heretic Knives passt genau in den Sweet Spot der Heretic-Reihe. Der Roc hat f\u00fcr die meisten von uns die perfekte Gr\u00f6\u00dfe, genau auf Augenh\u00f6he mit dem ber\u00fchmten Microtech Ultratech. Dieses Messer wird zu 100 % in den USA hergestellt und zusammengebaut und verf\u00fcgt \u00fcber eine lebenslange Garantie, sodass Sie sicher sein k\u00f6nnen, dass dieses OTF lange h\u00e4lt. Es verf\u00fcgt \u00fcber die seidenweiche Einhand-Passform und den Zug, der in der Heretic OTF-Linie Standard ist. Dieses Modell verf\u00fcgt \u00fcber eine etwas l\u00e4ngere Klinge als drei Zoll, eine integrierte Fangriemen\u00f6se und einen tiefen Trageclip. Durch sein schlankes Profil und seine leichte Beschaffenheit l\u00e4sst es sich leicht in der Hand tragen und ist jederzeit einsatzbereit. Die Action macht s\u00fcchtig, die Ergonomie stimmt und die Verarbeitungsqualit\u00e4t ist erstklassig. Sie werden nicht entt\u00e4uscht sein.<br \/>\nSpezifikationen:<\/p>\n<p>Klingenl\u00e4nge: 8 cm<br \/>\nGesamtl\u00e4nge: 20 cm<br \/>\nKlingenmaterial: CPM-MagnaCut Edelstahl<br \/>\nKlingenst\u00e4rke: 0,140 Zoll<br \/>\nKlingenstil: Hawkbill<br \/>\nKlingenschliff: Flach<br \/>\nKlingenfinish: Im Kampf getragen<br \/>\nGriffmaterial: Battle Worn Black Aluminium<br \/>\nVerriegelungsmechanismus: Schiebend<br \/>\nTaschenclip: Deep Carry Titanium (Tip-Down, Right Carry)<br \/>\nGewicht: 4,0 Unzen.<br \/>\nDesigner: Tony Marfione Jr.<br \/>\nHergestellt in den USA<\/p>\n<p>&nbsp;<\/p>\n","protected":false},"excerpt":{"rendered":"<div class=\"elementor-element elementor-element-bbb542b elementor-widget elementor-widget-woocommerce-product-short-description\" data-id=\"bbb542b\" data-element_type=\"widget\" data-widget_type=\"woocommerce-product-short-description.default\">\n<div class=\"elementor-widget-container\">\n<div class=\"woocommerce-product-details__short-description\">\n<p><strong>Alle unsere Messer werden in den USA hergestellt und das wird auch so bleiben. Wenn Sie eines unserer Messer kaufen, k\u00f6nnen Sie darauf vertrauen, dass Ihr Werkzeug von einem amerikanischen Unternehmen unterst\u00fctzt wird. Unsere Messer werden in kleinen Mengen hergestellt, um sicherzustellen, dass Sie ein Qualit\u00e4tsmesser erhalten, das die Aufmerksamkeit erh\u00e4lt, die andere massenproduzierte Messer nicht erhalten!!<\/strong><\/p>\n<p><strong>Kostenloser Transport.<\/strong><\/p>\n<\/div>\n<\/div>\n<\/div>\n","protected":false},"featured_media":312921,"comment_status":"open","ping_status":"closed","template":"","meta":[],"pwb-brand":[3665],"product_brand":[],"product_cat":[3285,3343],"product_tag":[3669],"class_list":{"0":"post-312947","1":"product","2":"type-product","3":"status-publish","4":"has-post-thumbnail","6":"pwb-brand-ketzermesser","7":"product_cat-messer","8":"product_cat-schiesmesser","9":"product_tag-b2b-de","11":"first","12":"outofstock","13":"taxable","14":"shipping-taxable","15":"purchasable","16":"product-type-simple"},"brands":[{"id":3665,"name":"Ketzermesser","slug":"ketzermesser"}],"_links":{"self":[{"href":"https:\/\/www.moskito.cz\/de\/wp-json\/wp\/v2\/product\/312947","targetHints":{"allow":["GET"]}}],"collection":[{"href":"https:\/\/www.moskito.cz\/de\/wp-json\/wp\/v2\/product"}],"about":[{"href":"https:\/\/www.moskito.cz\/de\/wp-json\/wp\/v2\/types\/product"}],"replies":[{"embeddable":true,"href":"https:\/\/www.moskito.cz\/de\/wp-json\/wp\/v2\/comments?post=312947"}],"wp:featuredmedia":[{"embeddable":true,"href":"https:\/\/www.moskito.cz\/de\/wp-json\/wp\/v2\/media\/312921"}],"wp:attachment":[{"href":"https:\/\/www.moskito.cz\/de\/wp-json\/wp\/v2\/media?parent=312947"}],"wp:term":[{"taxonomy":"pwb-brand","embeddable":true,"href":"https:\/\/www.moskito.cz\/de\/wp-json\/wp\/v2\/pwb-brand?post=312947"},{"taxonomy":"product_brand","embeddable":true,"href":"https:\/\/www.moskito.cz\/de\/wp-json\/wp\/v2\/product_brand?post=312947"},{"taxonomy":"product_cat","embeddable":true,"href":"https:\/\/www.moskito.cz\/de\/wp-json\/wp\/v2\/product_cat?post=312947"},{"taxonomy":"product_tag","embeddable":true,"href":"https:\/\/www.moskito.cz\/de\/wp-json\/wp\/v2\/product_tag?post=312947"}],"curies":[{"name":"wp","href":"https:\/\/api.w.org\/{rel}","templated":true}]}}