{"id":313035,"date":"2024-02-13T16:23:57","date_gmt":"2024-02-13T15:29:25","guid":{"rendered":"https:\/\/www.moskito.cz\/produkt\/heretic-knives-colossus-two-tone-tactical-h039-10a-t-schiessmesser\/"},"modified":"2025-05-07T11:02:42","modified_gmt":"2025-05-07T10:02:42","slug":"heretic-knives-colossus-two-tone-tactical-h039-10a-t-schiessmesser","status":"publish","type":"product","link":"https:\/\/www.moskito.cz\/de\/produkt\/heretic-knives-colossus-two-tone-tactical-h039-10a-t-schiessmesser\/","title":{"rendered":"Heretic Knives Colossus Two-Tone Tactical H039-10A-T Schie\u00dfmesser"},"content":{"rendered":"<p><strong>Heretic Knives<\/strong> Colossus Two-Tone Tactical H039-10A-T Schie\u00dfmesser<\/p>\n<p>Dieses Double-Action-OTF-Auto verf\u00fcgt \u00fcber eine aufwendig geschliffene Klinge, \u00fcberragende Z\u00e4higkeit, blitzschnelle Aktion und die Passform und Verarbeitung, die Sie von einem hochwertigen Custom-Messer erwarten. Tony Jr. Ich habe die Kunst des Schleifens von einem der Besten gelernt, die je gelebt haben, und diese Dual-Tone Single Edge Tactical Blade ist einer der besten EDC-Stile, die man f\u00fcr Geld kaufen kann. Das Heretic Knives Colossus ist ein taktisch inspiriertes, doppelt wirkendes, nach vorn gerichtetes Automatikmesser, das knapp unter der L\u00e4nge des Manticore-X liegt, um einfacher zu transportieren und gleichzeitig robuster zu sein. Die Griffe aus eloxiertem Flugzeugaluminium sind mit strategischen Traktionsverzahnungen versehen, die durch einen Doppelwirkungsmechanismus einen sicheren Halt f\u00fcr die Steuerung der S\/E-Klinge bieten.<\/p>\n<p>Heretic Knives Colossus Two-Tone Tactical S\/E, schwarzer Griff, schwarze Schnalle und Hardware H039-10A-T Spezifikationen:<\/p>\n<p>Klingenl\u00e4nge: 9 cm<br \/>\nGesamtl\u00e4nge: 22 cm<br \/>\nGriffmaterial: Eloxiertes Aluminium<br \/>\nKlingenmaterial: Magnacut<br \/>\nKlingenstil: Einzelschneide<br \/>\nFinish: zweifarbig taktisch<br \/>\nschwarze Farbe<br \/>\nGewicht: 4,5 Unzen<\/p>\n<p>&nbsp;<\/p>\n","protected":false},"excerpt":{"rendered":"<p><strong>Alle unsere Messer werden in den USA hergestellt und das wird auch so bleiben. Wenn Sie eines unserer Messer kaufen, k\u00f6nnen Sie darauf vertrauen, dass Ihr Werkzeug von einem amerikanischen Unternehmen unterst\u00fctzt wird. Unsere Messer werden in kleinen Mengen hergestellt, um sicherzustellen, dass Sie ein Qualit\u00e4tsmesser erhalten, das die Aufmerksamkeit erh\u00e4lt, die andere massenproduzierte Messer nicht erhalten!!<\/strong><\/p>\n<p><strong>Kostenloser Transport.<\/strong><\/p>\n","protected":false},"featured_media":313012,"comment_status":"open","ping_status":"closed","template":"","meta":[],"pwb-brand":[3665],"product_brand":[],"product_cat":[3285,3343],"product_tag":[],"class_list":{"0":"post-313035","1":"product","2":"type-product","3":"status-publish","4":"has-post-thumbnail","6":"pwb-brand-ketzermesser","7":"product_cat-messer","8":"product_cat-schiesmesser","10":"first","11":"instock","12":"taxable","13":"shipping-taxable","14":"purchasable","15":"product-type-simple"},"brands":[{"id":3665,"name":"Ketzermesser","slug":"ketzermesser"}],"_links":{"self":[{"href":"https:\/\/www.moskito.cz\/de\/wp-json\/wp\/v2\/product\/313035","targetHints":{"allow":["GET"]}}],"collection":[{"href":"https:\/\/www.moskito.cz\/de\/wp-json\/wp\/v2\/product"}],"about":[{"href":"https:\/\/www.moskito.cz\/de\/wp-json\/wp\/v2\/types\/product"}],"replies":[{"embeddable":true,"href":"https:\/\/www.moskito.cz\/de\/wp-json\/wp\/v2\/comments?post=313035"}],"wp:featuredmedia":[{"embeddable":true,"href":"https:\/\/www.moskito.cz\/de\/wp-json\/wp\/v2\/media\/313012"}],"wp:attachment":[{"href":"https:\/\/www.moskito.cz\/de\/wp-json\/wp\/v2\/media?parent=313035"}],"wp:term":[{"taxonomy":"pwb-brand","embeddable":true,"href":"https:\/\/www.moskito.cz\/de\/wp-json\/wp\/v2\/pwb-brand?post=313035"},{"taxonomy":"product_brand","embeddable":true,"href":"https:\/\/www.moskito.cz\/de\/wp-json\/wp\/v2\/product_brand?post=313035"},{"taxonomy":"product_cat","embeddable":true,"href":"https:\/\/www.moskito.cz\/de\/wp-json\/wp\/v2\/product_cat?post=313035"},{"taxonomy":"product_tag","embeddable":true,"href":"https:\/\/www.moskito.cz\/de\/wp-json\/wp\/v2\/product_tag?post=313035"}],"curies":[{"name":"wp","href":"https:\/\/api.w.org\/{rel}","templated":true}]}}