{"id":313373,"date":"2021-07-22T08:20:59","date_gmt":"2021-07-22T07:20:59","guid":{"rendered":"https:\/\/www.moskito.cz\/produkt\/cold-steel-xl-espada-s35vn-klappmesser\/"},"modified":"2024-02-15T20:14:28","modified_gmt":"2024-02-15T19:14:28","slug":"cold-steel-xl-espada-s35vn-klappmesser","status":"publish","type":"product","link":"https:\/\/www.moskito.cz\/de\/produkt\/cold-steel-xl-espada-s35vn-klappmesser\/","title":{"rendered":"Cold Steel XL ESPADA S35VN Klappmesser"},"content":{"rendered":"<p><strong>Cold Steel<\/strong> XL ESPADA S35VN Klappmesser.<\/p>\n<p>Wir hatten nie Angst davor, mit Konventionen zu brechen. Deshalb haben wir, als alle anderen in unserer Branche die kleinsten, schlanksten und feinsten kleinen Messer herstellten, die sie konnten, eine Reihe von Klingen herausgebracht, die man nur als eines bezeichnen kann: Taschenschwerter! Das Espada aus kaltem Stahl wurde vom klassischen Navajo der spanischen Messer inspiriert, war jedoch sowohl im Aussehen als auch in den Materialien v\u00f6llig modern. Diese Megamesser haben den Markt im Sturm erobert! Unsere Designkooperation zwischen dem ma\u00dfgefertigten Messerhersteller Andrew Demek und der Pr\u00e4sidentin von Cold Steel, Lynn C. Thompson, gibt es in zwei Gr\u00f6\u00dfen, um auch den mutigsten Menschen gerecht zu werden! Trotz ihrer beeindruckenden Gr\u00f6\u00dfe sind unsere Espadas so konzipiert, dass sie bequem und diskret in Ihre Tasche passen. Sie werden schnell vergessen, dass Sie eine so gro\u00dfe und beeindruckende Klinge tragen. Ausgestattet mit der patentierten Demko-Daumenplatte k\u00f6nnen die gro\u00dfen und extragro\u00dfen Espadas an Ihrer Tasche befestigt werden, sodass sich das Messer beim Ziehen \u00f6ffnet \u2013 und zwar im Handumdrehen! Die wundersch\u00f6nen Espada-Klingen bestehen aus hochwertigem amerikanischen S35VN-Legierungsstahl, der nicht nur aufgrund seiner F\u00e4higkeit ausgew\u00e4hlt wurde, eine sehr feine Schnittkante zu erzielen, sondern diese auch au\u00dfergew\u00f6hnlich lange zu halten. Sie verf\u00fcgen au\u00dferdem \u00fcber fachm\u00e4nnisch poliertes G-10 und hochglanzpolierte 7075-Aluminium-Kotfl\u00fcgel und Rahmen. Jeder Espada verf\u00fcgt \u00fcber unseren patentierten Tri-Ad-Verriegelungsmechanismus, der nachweislich eine erstaunliche Schlagfestigkeit und Festigkeit aufweist. In unseren eigenen, bekannterma\u00dfen brutalen Produkttests war der XL Espada nur in der Lage, 600 Pfund h\u00e4ngendes Gewicht zu tragen, aber wir nutzten ihn sogar, um einen h\u00e4ngenden Motorblock zu st\u00fctzen!<\/p>\n<p>L\u00e4nge geschlossen: 23,5 cm<br \/>\nKlingenl\u00e4nge: 19 cm<br \/>\nGesamtl\u00e4nge: 42,5 cm<br \/>\nGewicht: 453,59 g<br \/>\nKlingenst\u00e4rke: 4 mm<br \/>\nStahl: CPM S35VN Edelstahl<br \/>\nGriff: poliertes Aluminium + schwarzes Micarta<br \/>\nArt der Sperre: Tri-Ad Lock<\/p>\n<p><strong>Cold Steel<\/strong> ist ein Unternehmen, das sich mit der Herstellung der st\u00e4rksten und sch\u00e4rfsten Messer der Welt besch\u00e4ftigt. In den letzten drei Jahrzehnten stand Cold Steel an der Spitze zahlreicher Innovationen, die die Messerindustrie gepr\u00e4gt haben. Aufeinanderfolgende Erfolge, darunter die Einf\u00fchrung von karierten Kraton\u00ae-Griffen und Tanto-Spitzklingenstilen, haben sich von merkw\u00fcrdigen Merkmalen zu industriellen Markenzeichen f\u00fcr Qualit\u00e4t und Raffinesse entwickelt. Die neue Richtung wurde auch mit der Einf\u00fchrung einzigartiger neuer Stahlklingen wie San Mai III\u00ae und Tri-Ad\u2122 Lock &amp; Lock-Mechanismus f\u00fcr Klappmesser gebrochen. Zum Beispiel wurde das Tri-Ad\u2122-Schloss von keinem Mitbewerber von Cold Steel erreicht und es wurde nicht nachgewiesen, dass es alles \u00fcbertrifft, was sie bisher produziert haben. Selbstverst\u00e4ndlich blickt Cold Steel stets in die Zukunft und ist stets bestrebt, die st\u00e4rksten und sch\u00e4rfsten Messer der Welt herzustellen. Dieses gleicherma\u00dfen schwer fassbare und schwer zu erreichende Ziel ist seit vierzig Jahren dasselbe. Cold Steel Inc. ist ein Unternehmen, das sich auf die Herstellung der st\u00e4rksten und sch\u00e4rfsten Messer, Schwerter, Tomahawks, Macheten, Bestecke und Werkzeuge f\u00fcr den t\u00e4glichen Gebrauch konzentriert: EDC. Cold Steel wurde schnell vom Milit\u00e4r, den Spezialeinheiten der Strafverfolgungsbeh\u00f6rden, Notfallhelfern, Selbstverteidigungsexperten und Mitgliedern der Kampfsportgemeinschaft \u00fcbernommen und machte sich schnell einen Namen f\u00fcr Qualit\u00e4t, St\u00e4rke, Zuverl\u00e4ssigkeit und Zuverl\u00e4ssigkeit beim t\u00e4glichen Tragen (EDC). . Unser vielf\u00e4ltiges und abwechslungsreiches Sortiment wuchs schnell und umfasste nicht nur eine riesige Auswahl an Klappmessern (von kleineren \u201eEDC\u201c-Klingen bis zu unseren legend\u00e4ren riesigen \u201eMega-Foldern\u201c), sondern auch feststehende Klingen, Schwerter, S\u00e4bel, St\u00e4be und Hellebarden sowie Jagdzubeh\u00f6r, Speere, Gewehre, \u00c4xte, Macheten, Tomahawks und Werkzeuge! Im Laufe der Jahrzehnte hat Cold Steel bahnbrechende neue Materialien und Designs eingef\u00fchrt, die die Welt moderner Messer, Blankwaffen und Werkzeuge gepr\u00e4gt haben. Von der Einf\u00fchrung der karierten Kraton\u00ae-Griffe und der \u201eamerikanisierten\u201c Tanto-Klinge bis hin zur Einbeziehung innovativer neuer Klingenst\u00e4hle wie San Mai III\u00ae und bahnbrechender Verriegelungsmechanismen (wie unserem Tri-Ad \u2122 Lock). Wenn wir in die Zukunft blicken, bringt Cold Steel weiterhin neue Ma\u00dfst\u00e4be an Festigkeit, Sicherheit und Leistung auf den Markt und bietet bew\u00e4hrte Produkte, auf die Sie sich jederzeit und \u00fcberall verlassen k\u00f6nnen!<\/p>\n<p><iframe title=\"ESPADA XL\" width=\"800\" height=\"450\" src=\"https:\/\/www.youtube.com\/embed\/leU99gzQbEg?feature=oembed\" frameborder=\"0\" allow=\"accelerometer; autoplay; clipboard-write; encrypted-media; gyroscope; picture-in-picture; web-share\" allowfullscreen><\/iframe><\/p>\n<p>&nbsp;<\/p>\n","protected":false},"excerpt":{"rendered":"<p><strong>Das Espada XL von Cold Steel ist das gr\u00f6\u00dfte Klappmesser der Welt. Mit seiner polierten Klinge und dem Griff aus poliertem Aluminium und schwarzem Micarta f\u00fchlt sich das Espada sehr luxuri\u00f6s an.<\/strong><\/p>\n<p><strong>Kostenloser Transport.<\/strong><\/p>\n<p>&nbsp;<\/p>\n","protected":false},"featured_media":313375,"comment_status":"open","ping_status":"closed","template":"","meta":[],"pwb-brand":[3602],"product_brand":[],"product_cat":[3303,3285],"product_tag":[3669],"class_list":{"0":"post-313373","1":"product","2":"type-product","3":"status-publish","4":"has-post-thumbnail","6":"pwb-brand-kalter-stahl","7":"product_cat-schliesmesser","8":"product_cat-messer","9":"product_tag-b2b-de","11":"first","12":"outofstock","13":"taxable","14":"shipping-taxable","15":"purchasable","16":"product-type-simple"},"brands":[{"id":3602,"name":"Kalter Stahl","slug":"kalter-stahl"}],"_links":{"self":[{"href":"https:\/\/www.moskito.cz\/de\/wp-json\/wp\/v2\/product\/313373","targetHints":{"allow":["GET"]}}],"collection":[{"href":"https:\/\/www.moskito.cz\/de\/wp-json\/wp\/v2\/product"}],"about":[{"href":"https:\/\/www.moskito.cz\/de\/wp-json\/wp\/v2\/types\/product"}],"replies":[{"embeddable":true,"href":"https:\/\/www.moskito.cz\/de\/wp-json\/wp\/v2\/comments?post=313373"}],"wp:featuredmedia":[{"embeddable":true,"href":"https:\/\/www.moskito.cz\/de\/wp-json\/wp\/v2\/media\/313375"}],"wp:attachment":[{"href":"https:\/\/www.moskito.cz\/de\/wp-json\/wp\/v2\/media?parent=313373"}],"wp:term":[{"taxonomy":"pwb-brand","embeddable":true,"href":"https:\/\/www.moskito.cz\/de\/wp-json\/wp\/v2\/pwb-brand?post=313373"},{"taxonomy":"product_brand","embeddable":true,"href":"https:\/\/www.moskito.cz\/de\/wp-json\/wp\/v2\/product_brand?post=313373"},{"taxonomy":"product_cat","embeddable":true,"href":"https:\/\/www.moskito.cz\/de\/wp-json\/wp\/v2\/product_cat?post=313373"},{"taxonomy":"product_tag","embeddable":true,"href":"https:\/\/www.moskito.cz\/de\/wp-json\/wp\/v2\/product_tag?post=313373"}],"curies":[{"name":"wp","href":"https:\/\/api.w.org\/{rel}","templated":true}]}}