{"id":313379,"date":"2023-03-25T12:55:11","date_gmt":"2023-03-25T11:55:11","guid":{"rendered":"https:\/\/www.moskito.cz\/produkt\/cold-steel-sr1-lite-klappmesser\/"},"modified":"2025-05-07T11:02:45","modified_gmt":"2025-05-07T10:02:45","slug":"cold-steel-sr1-lite-klappmesser","status":"publish","type":"product","link":"https:\/\/www.moskito.cz\/de\/produkt\/cold-steel-sr1-lite-klappmesser\/","title":{"rendered":"Cold Steel SR1 LITE Klappmesser"},"content":{"rendered":"<p><strong>Cold Steel<\/strong> SR1 LITE Klappmesser<\/p>\n<p>Unser SR1 Lite ist zwar nicht wesentlich leichter, aber unbestreitbar schonender f\u00fcr den Geldbeutel! Gebaut, um seinem gro\u00dfen Bruder in jeder Hinsicht nachzuahmen, au\u00dfer dass der G-10-Griff durch einen Griv-Ex\u2122-Griff ersetzt wurde und der g\u00fcnstigere 8Cr14MoV-Klingenstahl verwendet wurde. Es ist immer noch gestochen scharf und bereit f\u00fcr Ihre h\u00e4rteste Aufgabe oder Ihr gr\u00f6\u00dftes Abenteuer.<\/p>\n<p>Beschreibung:<br \/>\nKlingenmaterial: 8cr13mov<br \/>\nGriffmaterial: Griv-Ex<br \/>\nSicherheit: Tri-Ad-Schloss<br \/>\nKlingenl\u00e4nge: 10,2 cm<br \/>\nGesamtl\u00e4nge: 23,8 cm<br \/>\nL\u00e4nge des gefalteten Messers: 13,7 cm<br \/>\nKlingenst\u00e4rke: 4,8 mm<br \/>\nGewicht: 179 g<br \/>\nKlingentyp: Clip Point<\/p>\n","protected":false},"excerpt":{"rendered":"<p><strong>Der SR1 Lite ist eine g\u00fcnstigere Variante des beliebten SR1.<\/strong><\/p>\n","protected":false},"featured_media":313380,"comment_status":"open","ping_status":"closed","template":"","meta":[],"pwb-brand":[3602],"product_brand":[],"product_cat":[3303,3285],"product_tag":[3669],"class_list":{"0":"post-313379","1":"product","2":"type-product","3":"status-publish","4":"has-post-thumbnail","6":"pwb-brand-kalter-stahl","7":"product_cat-schliesmesser","8":"product_cat-messer","9":"product_tag-b2b-de","11":"first","12":"instock","13":"taxable","14":"shipping-taxable","15":"purchasable","16":"product-type-simple"},"brands":[{"id":3602,"name":"Kalter Stahl","slug":"kalter-stahl"}],"_links":{"self":[{"href":"https:\/\/www.moskito.cz\/de\/wp-json\/wp\/v2\/product\/313379","targetHints":{"allow":["GET"]}}],"collection":[{"href":"https:\/\/www.moskito.cz\/de\/wp-json\/wp\/v2\/product"}],"about":[{"href":"https:\/\/www.moskito.cz\/de\/wp-json\/wp\/v2\/types\/product"}],"replies":[{"embeddable":true,"href":"https:\/\/www.moskito.cz\/de\/wp-json\/wp\/v2\/comments?post=313379"}],"wp:featuredmedia":[{"embeddable":true,"href":"https:\/\/www.moskito.cz\/de\/wp-json\/wp\/v2\/media\/313380"}],"wp:attachment":[{"href":"https:\/\/www.moskito.cz\/de\/wp-json\/wp\/v2\/media?parent=313379"}],"wp:term":[{"taxonomy":"pwb-brand","embeddable":true,"href":"https:\/\/www.moskito.cz\/de\/wp-json\/wp\/v2\/pwb-brand?post=313379"},{"taxonomy":"product_brand","embeddable":true,"href":"https:\/\/www.moskito.cz\/de\/wp-json\/wp\/v2\/product_brand?post=313379"},{"taxonomy":"product_cat","embeddable":true,"href":"https:\/\/www.moskito.cz\/de\/wp-json\/wp\/v2\/product_cat?post=313379"},{"taxonomy":"product_tag","embeddable":true,"href":"https:\/\/www.moskito.cz\/de\/wp-json\/wp\/v2\/product_tag?post=313379"}],"curies":[{"name":"wp","href":"https:\/\/api.w.org\/{rel}","templated":true}]}}