{"id":313751,"date":"2024-02-20T14:30:40","date_gmt":"2024-02-20T13:38:16","guid":{"rendered":"https:\/\/www.moskito.cz\/produkt\/schliessmesser-microtech-msi-210-1flgtbk\/"},"modified":"2025-05-07T11:02:47","modified_gmt":"2025-05-07T10:02:47","slug":"schliessmesser-microtech-msi-210-1flgtbk","status":"publish","type":"product","link":"https:\/\/www.moskito.cz\/de\/produkt\/schliessmesser-microtech-msi-210-1flgtbk\/","title":{"rendered":"Schlie\u00dfmesser Microtech MSI 210-1FLGTBK"},"content":{"rendered":"<p>Schlie\u00dfmesser Microtech MSI 210-1FLGTBK.<\/p>\n<p>Werten Sie Ihren Alltag mit dem Microtech MSI RAM-LOK Folder auf und erleben Sie die perfekte Verbindung von Form und Funktion. Dieses au\u00dfergew\u00f6hnliche Klappmesser ist ein Beweis f\u00fcr <strong>Microtechs<\/strong> Streben nach Perfektion in jedem Detail und macht es zu einem zuverl\u00e4ssigen Begleiter f\u00fcr die allt\u00e4glichen Herausforderungen des Lebens und dar\u00fcber hinaus.<\/p>\n<p>Spezifikationen:<br \/>\nGesamtl\u00e4nge: 22,7 cm<br \/>\nKlingenl\u00e4nge: 9,9 cm<br \/>\nKlingenst\u00e4rke: 0,4 cm<br \/>\nKlingenmaterial: M390MK<br \/>\nGriffmaterial: G10<br \/>\nVerriegelungsmechanismus: RAM-LOK<br \/>\nMessertyp: Manuell<br \/>\nHerkunftsland: USA<\/p>\n<p>&nbsp;<\/p>\n","protected":false},"excerpt":{"rendered":"<div class=\"elementor-element elementor-element-bbb542b elementor-widget elementor-widget-woocommerce-product-short-description\" data-id=\"bbb542b\" data-element_type=\"widget\" data-widget_type=\"woocommerce-product-short-description.default\">\n<div class=\"elementor-widget-container\">\n<div class=\"woocommerce-product-details__short-description\">\n<p><strong>Im Laufe der Jahre hat Microtech\u00ae Knives Messer mit Leidenschaft und K\u00f6nnen gef\u00fcllt, um nahezu Kunstwerke zu schaffen, die den Gipfel der Funktionalit\u00e4t darstellen. Alle Teile werden in den USA hergestellt.<\/strong><br \/>\n<strong>F\u00fcr alle Microtech-Messer gilt eine lebenslange Garantie.<\/strong><\/p>\n<p><strong>Kostenloser Transport.<\/strong><\/p>\n<\/div>\n<\/div>\n<\/div>\n","protected":false},"featured_media":313712,"comment_status":"open","ping_status":"closed","template":"","meta":[],"pwb-brand":[3278],"product_brand":[],"product_cat":[3285,3303],"product_tag":[3669],"class_list":{"0":"post-313751","1":"product","2":"type-product","3":"status-publish","4":"has-post-thumbnail","6":"pwb-brand-microtech-de","7":"product_cat-messer","8":"product_cat-schliesmesser","9":"product_tag-b2b-de","11":"first","12":"outofstock","13":"taxable","14":"shipping-taxable","15":"purchasable","16":"product-type-simple"},"brands":[{"id":3278,"name":"Microtech","slug":"microtech-de"}],"_links":{"self":[{"href":"https:\/\/www.moskito.cz\/de\/wp-json\/wp\/v2\/product\/313751","targetHints":{"allow":["GET"]}}],"collection":[{"href":"https:\/\/www.moskito.cz\/de\/wp-json\/wp\/v2\/product"}],"about":[{"href":"https:\/\/www.moskito.cz\/de\/wp-json\/wp\/v2\/types\/product"}],"replies":[{"embeddable":true,"href":"https:\/\/www.moskito.cz\/de\/wp-json\/wp\/v2\/comments?post=313751"}],"wp:featuredmedia":[{"embeddable":true,"href":"https:\/\/www.moskito.cz\/de\/wp-json\/wp\/v2\/media\/313712"}],"wp:attachment":[{"href":"https:\/\/www.moskito.cz\/de\/wp-json\/wp\/v2\/media?parent=313751"}],"wp:term":[{"taxonomy":"pwb-brand","embeddable":true,"href":"https:\/\/www.moskito.cz\/de\/wp-json\/wp\/v2\/pwb-brand?post=313751"},{"taxonomy":"product_brand","embeddable":true,"href":"https:\/\/www.moskito.cz\/de\/wp-json\/wp\/v2\/product_brand?post=313751"},{"taxonomy":"product_cat","embeddable":true,"href":"https:\/\/www.moskito.cz\/de\/wp-json\/wp\/v2\/product_cat?post=313751"},{"taxonomy":"product_tag","embeddable":true,"href":"https:\/\/www.moskito.cz\/de\/wp-json\/wp\/v2\/product_tag?post=313751"}],"curies":[{"name":"wp","href":"https:\/\/api.w.org\/{rel}","templated":true}]}}