{"id":313997,"date":"2024-02-20T15:32:32","date_gmt":"2024-02-29T12:15:03","guid":{"rendered":"https:\/\/www.moskito.cz\/produkt\/schliessmesser-microtech-matrix-titanium-carbon-165c-4cfiti\/"},"modified":"2025-05-07T11:02:50","modified_gmt":"2025-05-07T10:02:50","slug":"schliessmesser-microtech-matrix-titanium-carbon-165c-4cfiti","status":"publish","type":"product","link":"https:\/\/www.moskito.cz\/de\/produkt\/schliessmesser-microtech-matrix-titanium-carbon-165c-4cfiti\/","title":{"rendered":"Schlie\u00dfmesser Microtech Matrix Titanium Carbon 165C-4CFITI"},"content":{"rendered":"<p>Schlie\u00dfmesser <strong>Microtech<\/strong> Matrix Titanium Carbon 165C-4CFITI<\/p>\n<p>Das Matrix ist ein Klappmesser, das durch die Kombination der Brillanz der Messer von Microtech Knives und Rikeknife Co entstanden ist und bei jeder Aktion eine beispiellose Geschmeidigkeit ausstrahlt. Wie der ikonische Socom Bravo Mini verk\u00f6rpert er den Inbegriff erreichbarer Opulenz. Mit einem Gewicht von 6,1 Unzen und einer L\u00e4nge von 24 cm mit einem Wolframglasbrecher eignet sich dieses Wunderwerk in voller Gr\u00f6\u00dfe f\u00fcr diejenigen, die sowohl Stil als auch N\u00fctzlichkeit sch\u00e4tzen.<br \/>\nSpezifikationen:<\/p>\n<p>Modell: Matrix<br \/>\nHerstellernummer: 165C-4CFITI<br \/>\nGesamtl\u00e4nge: 24 cm<br \/>\nL\u00e4nge geschlossen: 13 cm<br \/>\nKlingenl\u00e4nge: 9,6 cm<br \/>\nKlingenst\u00e4rke: 0,4 cm<br \/>\nKlingenoberfl\u00e4che: handgeriebener Satin<br \/>\nRandstil: einfarbig<br \/>\nGriffmaterial: Titan \u2013 Kohlefasereinsatz \u2013 Blauer Drehring<br \/>\nTaschenclip: Ausklappbar<br \/>\nHerstellernummer: 165C-4CFITI<br \/>\nHergestellt in den USA<\/p>\n<p><iframe title=\"Microtech Combat Troodon Torture Test\" width=\"800\" height=\"450\" src=\"https:\/\/www.youtube.com\/embed\/xE9TeOFYEjg?feature=oembed\" frameborder=\"0\" allow=\"accelerometer; autoplay; clipboard-write; encrypted-media; gyroscope; picture-in-picture; web-share\" allowfullscreen><\/iframe><\/p>\n<p>&nbsp;<\/p>\n<p>&nbsp;<\/p>\n","protected":false},"excerpt":{"rendered":"<div class=\"elementor-element elementor-element-bbb542b elementor-widget elementor-widget-woocommerce-product-short-description\" data-id=\"bbb542b\" data-element_type=\"widget\" data-widget_type=\"woocommerce-product-short-description.default\">\n<div class=\"elementor-widget-container\">\n<div class=\"woocommerce-product-details__short-description\">\n<p><strong>Im Laufe der Jahre hat Microtech\u00ae Knives Messer mit Leidenschaft und K\u00f6nnen gef\u00fcllt, um nahezu Kunstwerke zu schaffen, die den Gipfel der Funktionalit\u00e4t darstellen. Alle Teile werden in den USA hergestellt.<\/strong><br \/>\n<strong>F\u00fcr alle Microtech-Messer gilt eine lebenslange Garantie.<\/strong><\/p>\n<p><strong>Kostenloser Transport.<\/strong><\/p>\n<\/div>\n<\/div>\n<\/div>\n","protected":false},"featured_media":313824,"comment_status":"open","ping_status":"closed","template":"","meta":[],"pwb-brand":[3278],"product_brand":[],"product_cat":[3285,3303],"product_tag":[3669],"class_list":{"0":"post-313997","1":"product","2":"type-product","3":"status-publish","4":"has-post-thumbnail","6":"pwb-brand-microtech-de","7":"product_cat-messer","8":"product_cat-schliesmesser","9":"product_tag-b2b-de","11":"first","12":"instock","13":"taxable","14":"shipping-taxable","15":"purchasable","16":"product-type-simple"},"brands":[{"id":3278,"name":"Microtech","slug":"microtech-de"}],"_links":{"self":[{"href":"https:\/\/www.moskito.cz\/de\/wp-json\/wp\/v2\/product\/313997","targetHints":{"allow":["GET"]}}],"collection":[{"href":"https:\/\/www.moskito.cz\/de\/wp-json\/wp\/v2\/product"}],"about":[{"href":"https:\/\/www.moskito.cz\/de\/wp-json\/wp\/v2\/types\/product"}],"replies":[{"embeddable":true,"href":"https:\/\/www.moskito.cz\/de\/wp-json\/wp\/v2\/comments?post=313997"}],"wp:featuredmedia":[{"embeddable":true,"href":"https:\/\/www.moskito.cz\/de\/wp-json\/wp\/v2\/media\/313824"}],"wp:attachment":[{"href":"https:\/\/www.moskito.cz\/de\/wp-json\/wp\/v2\/media?parent=313997"}],"wp:term":[{"taxonomy":"pwb-brand","embeddable":true,"href":"https:\/\/www.moskito.cz\/de\/wp-json\/wp\/v2\/pwb-brand?post=313997"},{"taxonomy":"product_brand","embeddable":true,"href":"https:\/\/www.moskito.cz\/de\/wp-json\/wp\/v2\/product_brand?post=313997"},{"taxonomy":"product_cat","embeddable":true,"href":"https:\/\/www.moskito.cz\/de\/wp-json\/wp\/v2\/product_cat?post=313997"},{"taxonomy":"product_tag","embeddable":true,"href":"https:\/\/www.moskito.cz\/de\/wp-json\/wp\/v2\/product_tag?post=313997"}],"curies":[{"name":"wp","href":"https:\/\/api.w.org\/{rel}","templated":true}]}}