{"id":314009,"date":"2024-02-15T15:46:14","date_gmt":"2024-02-15T14:46:14","guid":{"rendered":"https:\/\/www.moskito.cz\/produkt\/schiessmesser-heretic-knives-cleric-ii-stonewashed-h019-2b\/"},"modified":"2025-05-07T11:02:51","modified_gmt":"2025-05-07T10:02:51","slug":"schiessmesser-heretic-knives-cleric-ii-stonewashed-h019-2b","status":"publish","type":"product","link":"https:\/\/www.moskito.cz\/de\/produkt\/schiessmesser-heretic-knives-cleric-ii-stonewashed-h019-2b\/","title":{"rendered":"Schie\u00dfmesser Heretic Knives Cleric II Stonewashed H019-2B"},"content":{"rendered":"<p>Schie\u00dfmesser <strong>Heretic Knives<\/strong> Cleric II Stonewashed H019-2B<\/p>\n<p>Das Heretic Knives Cleric II ist ein Double-Action-Frontauto mit hochwertigem Schnitt und Finish und einer superweichen D\/A-OTF-Aktion! F\u00fcr eine einfache Bedienung ist es mit einer vorderen Schiebeabdeckung ausgestattet. Es ist eines der l\u00e4ngsten OTF-Double-Action-Messer in der Produktion und ein starker Konkurrent des alten Microtech Makora II. Es wird Ihnen sicher gefallen. Komplett mit gefr\u00e4stem Titan-Rolltaschenclip.<\/p>\n<p>Dieses Modell verf\u00fcgt \u00fcber eine Griffschale aus schwarz eloxiertem Aluminium mit silbernen strukturierten Metalleins\u00e4tzen auf beiden Seiten. CPM-Magnacut-Tantoklinge aus rostfreiem Stahl mit Stonewash-Finish und teilweise gezahnter Kante. Perlengestrahlte Hardware. Gefr\u00e4ster Roller-Taschenclip aus Titan mit Stonewash-Finish. Auf der Seite des Rahmens sind das Heretic-Logo, Modellinformationen und die Seriennummer eingraviert.<\/p>\n<p>Herkunftsland: USA<br \/>\nEntstehungsdatum: 2023<br \/>\nGriffmaterial: Aluminium<br \/>\nKlingenmaterial: CPM-Magnacut<br \/>\nKlingenstil: Tanto<br \/>\nOberfl\u00e4chenbehandlung der Klinge: Stonewash<br \/>\nKantentyp: Gezahnt<br \/>\nModell\/Muster: Cleric II<br \/>\nMessertyp: Double-Action-Automatik-OTF<br \/>\nSchlosstyp: Vorne<br \/>\nKlingenl\u00e4nge: 10,62 cm<br \/>\nGesamtl\u00e4nge: 24,68 cm<\/p>\n<p>&nbsp;<\/p>\n","protected":false},"excerpt":{"rendered":"<div class=\"elementor-element elementor-element-bbb542b elementor-widget elementor-widget-woocommerce-product-short-description\" data-id=\"bbb542b\" data-element_type=\"widget\" data-widget_type=\"woocommerce-product-short-description.default\">\n<div class=\"elementor-widget-container\">\n<div class=\"woocommerce-product-details__short-description\">\n<div class=\"elementor-element elementor-element-bbb542b elementor-widget elementor-widget-woocommerce-product-short-description\" data-id=\"bbb542b\" data-element_type=\"widget\" data-widget_type=\"woocommerce-product-short-description.default\">\n<div class=\"elementor-widget-container\">\n<div class=\"woocommerce-product-details__short-description\">\n<p><strong>Alle unsere Messer werden in den USA hergestellt und das wird auch so bleiben. Wenn Sie eines unserer Messer kaufen, k\u00f6nnen Sie darauf vertrauen, dass Ihr Werkzeug von einem amerikanischen Unternehmen unterst\u00fctzt wird. Unsere Messer werden in kleinen Mengen hergestellt, um sicherzustellen, dass Sie ein Qualit\u00e4tsmesser erhalten, das die Aufmerksamkeit erh\u00e4lt, die andere massenproduzierte Messer nicht erhalten!!<\/strong><\/p>\n<p><strong>Kostenloser Transport.<\/strong><\/p>\n<\/div>\n<\/div>\n<\/div>\n<\/div>\n<\/div>\n<\/div>\n","protected":false},"featured_media":313285,"comment_status":"open","ping_status":"closed","template":"","meta":[],"pwb-brand":[3665],"product_brand":[],"product_cat":[3343,3285],"product_tag":[3669],"class_list":{"0":"post-314009","1":"product","2":"type-product","3":"status-publish","4":"has-post-thumbnail","6":"pwb-brand-ketzermesser","7":"product_cat-schiesmesser","8":"product_cat-messer","9":"product_tag-b2b-de","11":"first","12":"outofstock","13":"taxable","14":"shipping-taxable","15":"purchasable","16":"product-type-simple"},"brands":[{"id":3665,"name":"Ketzermesser","slug":"ketzermesser"}],"_links":{"self":[{"href":"https:\/\/www.moskito.cz\/de\/wp-json\/wp\/v2\/product\/314009","targetHints":{"allow":["GET"]}}],"collection":[{"href":"https:\/\/www.moskito.cz\/de\/wp-json\/wp\/v2\/product"}],"about":[{"href":"https:\/\/www.moskito.cz\/de\/wp-json\/wp\/v2\/types\/product"}],"replies":[{"embeddable":true,"href":"https:\/\/www.moskito.cz\/de\/wp-json\/wp\/v2\/comments?post=314009"}],"wp:featuredmedia":[{"embeddable":true,"href":"https:\/\/www.moskito.cz\/de\/wp-json\/wp\/v2\/media\/313285"}],"wp:attachment":[{"href":"https:\/\/www.moskito.cz\/de\/wp-json\/wp\/v2\/media?parent=314009"}],"wp:term":[{"taxonomy":"pwb-brand","embeddable":true,"href":"https:\/\/www.moskito.cz\/de\/wp-json\/wp\/v2\/pwb-brand?post=314009"},{"taxonomy":"product_brand","embeddable":true,"href":"https:\/\/www.moskito.cz\/de\/wp-json\/wp\/v2\/product_brand?post=314009"},{"taxonomy":"product_cat","embeddable":true,"href":"https:\/\/www.moskito.cz\/de\/wp-json\/wp\/v2\/product_cat?post=314009"},{"taxonomy":"product_tag","embeddable":true,"href":"https:\/\/www.moskito.cz\/de\/wp-json\/wp\/v2\/product_tag?post=314009"}],"curies":[{"name":"wp","href":"https:\/\/api.w.org\/{rel}","templated":true}]}}