{"id":314024,"date":"2024-02-15T16:32:53","date_gmt":"2024-02-29T12:24:58","guid":{"rendered":"https:\/\/www.moskito.cz\/produkt\/heretic-knives-cleric-ii-schiessmesser-h020-6a-cf-blu\/"},"modified":"2025-05-07T11:02:52","modified_gmt":"2025-05-07T10:02:52","slug":"heretic-knives-cleric-ii-schiessmesser-h020-6a-cf-blu","status":"publish","type":"product","link":"https:\/\/www.moskito.cz\/de\/produkt\/heretic-knives-cleric-ii-schiessmesser-h020-6a-cf-blu\/","title":{"rendered":"Heretic Knives Cleric II Schie\u00dfmesser H020-6A-CF\/BLU"},"content":{"rendered":"<p><strong>Heretic Knives<\/strong> Cleric II Schie\u00dfmesser H020-6A-CF\/BLU.<\/p>\n<p>Das Heretic Knives Cleric II ist ein Double-Action-Frontauto mit hochwertigem Schnitt und Finish und einer superweichen D\/A-OTF-Aktion! F\u00fcr eine einfache Bedienung ist es mit einer vorderen Schiebeabdeckung ausgestattet. Es ist eines der l\u00e4ngsten OTF-Double-Action-Messer in der Produktion und ein starker Konkurrent des alten Microtech Makora II. Es wird Ihnen sicher gefallen. Komplett mit gefr\u00e4stem Titan-Rolltaschenclip.<\/p>\n<p>Dieses Modell verf\u00fcgt \u00fcber eine Griffschale aus schwarz eloxiertem Aluminium mit einer oberen Abdeckung aus Kohlefaser und einem Einsatz auf der R\u00fcckseite. Schwarze CPM-Magnacut DLC-beschichtete Tantoklinge aus rostfreiem Stahl mit Standardschneide. Schwarzes Design und blau eloxierter Titan-Taschenclip und -Knopf. Auf der Seite des Rahmens sind das Heretic-Logo, Modellinformationen und die Seriennummer eingraviert.<\/p>\n<p>Spezifikationen:<\/p>\n<p>Klingenl\u00e4nge: 10,62 cm<br \/>\nGesamtl\u00e4nge: 24,68 cm<br \/>\nKlingenmaterial: CPM-MagnaCut Edelstahl<br \/>\nKlingenstil: Doppelschneidiger Dolch<br \/>\nKlingenschliff: Flach<br \/>\nKlingenfinish: Schwarz DLC<br \/>\nGriffmaterial: Schwarzes Aluminium mit Kohlefasereinsatz und Oberseite<br \/>\nVerriegelungsmechanismus: Schiebend<br \/>\nTaschenschnalle: Deep Titanium (nach unten zeigend, rechts\/links)<br \/>\nGewicht: 5,00 Unzen.<br \/>\nDesigner: Tony Marfione Jr.<br \/>\nBlau eloxierte Akzente<br \/>\nHergestellt in den USA<\/p>\n<p>&nbsp;<\/p>\n","protected":false},"excerpt":{"rendered":"<div class=\"elementor-element elementor-element-bbb542b elementor-widget elementor-widget-woocommerce-product-short-description\" data-id=\"bbb542b\" data-element_type=\"widget\" data-widget_type=\"woocommerce-product-short-description.default\">\n<div class=\"elementor-widget-container\">\n<div class=\"woocommerce-product-details__short-description\">\n<div class=\"elementor-element elementor-element-bbb542b elementor-widget elementor-widget-woocommerce-product-short-description\" data-id=\"bbb542b\" data-element_type=\"widget\" data-widget_type=\"woocommerce-product-short-description.default\">\n<div class=\"elementor-widget-container\">\n<div class=\"woocommerce-product-details__short-description\">\n<p><strong>Alle unsere Messer werden in den USA hergestellt und das wird auch so bleiben. Wenn Sie eines unserer Messer kaufen, k\u00f6nnen Sie darauf vertrauen, dass Ihr Werkzeug von einem amerikanischen Unternehmen unterst\u00fctzt wird. Unsere Messer werden in kleinen Mengen hergestellt, um sicherzustellen, dass Sie ein Qualit\u00e4tsmesser erhalten, das die Aufmerksamkeit erh\u00e4lt, die andere massenproduzierte Messer nicht erhalten!!<\/strong><\/p>\n<p><strong>Kostenloser Transport.<\/strong><\/p>\n<\/div>\n<\/div>\n<\/div>\n<\/div>\n<\/div>\n<\/div>\n","protected":false},"featured_media":313338,"comment_status":"open","ping_status":"closed","template":"","meta":[],"pwb-brand":[3665],"product_brand":[],"product_cat":[3285,3343],"product_tag":[3669],"class_list":{"0":"post-314024","1":"product","2":"type-product","3":"status-publish","4":"has-post-thumbnail","6":"pwb-brand-ketzermesser","7":"product_cat-messer","8":"product_cat-schiesmesser","9":"product_tag-b2b-de","11":"first","12":"instock","13":"taxable","14":"shipping-taxable","15":"purchasable","16":"product-type-simple"},"brands":[{"id":3665,"name":"Ketzermesser","slug":"ketzermesser"}],"_links":{"self":[{"href":"https:\/\/www.moskito.cz\/de\/wp-json\/wp\/v2\/product\/314024","targetHints":{"allow":["GET"]}}],"collection":[{"href":"https:\/\/www.moskito.cz\/de\/wp-json\/wp\/v2\/product"}],"about":[{"href":"https:\/\/www.moskito.cz\/de\/wp-json\/wp\/v2\/types\/product"}],"replies":[{"embeddable":true,"href":"https:\/\/www.moskito.cz\/de\/wp-json\/wp\/v2\/comments?post=314024"}],"wp:featuredmedia":[{"embeddable":true,"href":"https:\/\/www.moskito.cz\/de\/wp-json\/wp\/v2\/media\/313338"}],"wp:attachment":[{"href":"https:\/\/www.moskito.cz\/de\/wp-json\/wp\/v2\/media?parent=314024"}],"wp:term":[{"taxonomy":"pwb-brand","embeddable":true,"href":"https:\/\/www.moskito.cz\/de\/wp-json\/wp\/v2\/pwb-brand?post=314024"},{"taxonomy":"product_brand","embeddable":true,"href":"https:\/\/www.moskito.cz\/de\/wp-json\/wp\/v2\/product_brand?post=314024"},{"taxonomy":"product_cat","embeddable":true,"href":"https:\/\/www.moskito.cz\/de\/wp-json\/wp\/v2\/product_cat?post=314024"},{"taxonomy":"product_tag","embeddable":true,"href":"https:\/\/www.moskito.cz\/de\/wp-json\/wp\/v2\/product_tag?post=314024"}],"curies":[{"name":"wp","href":"https:\/\/api.w.org\/{rel}","templated":true}]}}