{"id":314420,"date":"2024-03-03T00:34:33","date_gmt":"2024-03-02T23:35:46","guid":{"rendered":"https:\/\/www.moskito.cz\/produkt\/befestigungsmesser-ctkt-damaskus-hirin-5042b\/"},"modified":"2025-05-07T11:03:03","modified_gmt":"2025-05-07T10:03:03","slug":"befestigungsmesser-ctkt-damaskus-hirin-5042b","status":"publish","type":"product","link":"https:\/\/www.moskito.cz\/de\/produkt\/befestigungsmesser-ctkt-damaskus-hirin-5042b\/","title":{"rendered":"Befestigungsmesser CTKT Damaskus Hirin 5042B"},"content":{"rendered":"<p>Befestigungsmesser <strong>CTKT<\/strong> Damaskus Hirin 5042B.<\/p>\n<p>Ein Blick auf Hirin\u2122 reicht aus, um zu wissen, dass es etwas Besonderes ist. Detailliertes Muster der s\u00e4urege\u00e4tzten Super Dense Twist\u2122 Damasteel\u00ae-Klinge. Griff aus eloxiertem Titan und Schrauben aus Edelstahl. Markante Skelettkonstruktion, sowohl organisch als auch jenseitig. Auch der ma\u00dfgefertigte Taschenclip, ebenfalls aus Damasteel\u00ae, erg\u00e4nzt perfekt die elegante, symmetrische Form des Messers.<br \/>\nGut gebaut: Hergestellt in Italien<br \/>\nPremium-Materialien: Damasteel\u00ae Super Dense Twist\u2122 Klingenstahl bietet hervorragende Schneidleistung<br \/>\nStark und leicht: Der Titangriff vereint St\u00e4rke mit minimalem Gewicht<br \/>\nPremium-Materialien: Super Dense Twist\u2122 Damasteel\u00ae Taschenclip f\u00fcr un\u00fcbertroffene Robustheit und St\u00e4rke.<\/p>\n<p>Klingenl\u00e4nge: 9 cm<\/p>\n<p>Gesamtl\u00e4nge: 22 cm<\/p>\n<p>Gewicht: 168 g<\/p>\n<p>Griffmaterial: Titan<\/p>\n<p>Klinge: Damast<\/p>\n<p><iframe title=\"CRKT Hirin\u2122 I Dew Hara Design\" width=\"800\" height=\"450\" src=\"https:\/\/www.youtube.com\/embed\/s9SQ3aUdCBs?feature=oembed\" frameborder=\"0\" allow=\"accelerometer; autoplay; clipboard-write; encrypted-media; gyroscope; picture-in-picture; web-share\" allowfullscreen><\/iframe><\/p>\n<p>&nbsp;<\/p>\n<p>&nbsp;<\/p>\n","protected":false},"excerpt":{"rendered":"<p><strong>Dew Hara ist ein Produkt seiner Umgebung \u2013 im wahrsten Sinne des Wortes. Die Hersteller in seiner Heimatstadt Seki, Japan, sind daf\u00fcr bekannt, einige der hochwertigsten K\u00fcchenger\u00e4te der Welt zu entwerfen und herzustellen. Es tr\u00e4gt auch den weltber\u00fchmten Namen Hara; sein Vater, Koji Hara, ist einer der angesehensten Designer der Welt. Dews Arbeit ist jedoch f\u00fcr sich allein schon stark \u2013 seine F\u00e4higkeit, Elemente aus der Naturwelt einzubringen, ist beispiellos und er hat nur an der Oberfl\u00e4che einer mit Sicherheit langen und produktiven Karriere gekratzt.<\/strong><\/p>\n","protected":false},"featured_media":314364,"comment_status":"open","ping_status":"closed","template":"","meta":[],"pwb-brand":[3457],"product_brand":[],"product_cat":[3420,3285],"product_tag":[],"class_list":{"0":"post-314420","1":"product","2":"type-product","3":"status-publish","4":"has-post-thumbnail","6":"pwb-brand-crkt-de","7":"product_cat-damaszenermesser","8":"product_cat-messer","10":"first","11":"outofstock","12":"taxable","13":"shipping-taxable","14":"purchasable","15":"product-type-simple"},"brands":[{"id":3457,"name":"CRKT","slug":"crkt-de"}],"_links":{"self":[{"href":"https:\/\/www.moskito.cz\/de\/wp-json\/wp\/v2\/product\/314420","targetHints":{"allow":["GET"]}}],"collection":[{"href":"https:\/\/www.moskito.cz\/de\/wp-json\/wp\/v2\/product"}],"about":[{"href":"https:\/\/www.moskito.cz\/de\/wp-json\/wp\/v2\/types\/product"}],"replies":[{"embeddable":true,"href":"https:\/\/www.moskito.cz\/de\/wp-json\/wp\/v2\/comments?post=314420"}],"wp:featuredmedia":[{"embeddable":true,"href":"https:\/\/www.moskito.cz\/de\/wp-json\/wp\/v2\/media\/314364"}],"wp:attachment":[{"href":"https:\/\/www.moskito.cz\/de\/wp-json\/wp\/v2\/media?parent=314420"}],"wp:term":[{"taxonomy":"pwb-brand","embeddable":true,"href":"https:\/\/www.moskito.cz\/de\/wp-json\/wp\/v2\/pwb-brand?post=314420"},{"taxonomy":"product_brand","embeddable":true,"href":"https:\/\/www.moskito.cz\/de\/wp-json\/wp\/v2\/product_brand?post=314420"},{"taxonomy":"product_cat","embeddable":true,"href":"https:\/\/www.moskito.cz\/de\/wp-json\/wp\/v2\/product_cat?post=314420"},{"taxonomy":"product_tag","embeddable":true,"href":"https:\/\/www.moskito.cz\/de\/wp-json\/wp\/v2\/product_tag?post=314420"}],"curies":[{"name":"wp","href":"https:\/\/api.w.org\/{rel}","templated":true}]}}