{"id":314648,"date":"2024-03-05T17:06:08","date_gmt":"2024-03-05T20:07:15","guid":{"rendered":"https:\/\/www.moskito.cz\/produkt\/heretic-knives-hydra-magnacut-bronze-h008-7a-schiessmesser\/"},"modified":"2025-05-07T11:03:07","modified_gmt":"2025-05-07T10:03:07","slug":"heretic-knives-hydra-magnacut-bronze-h008-7a-schiessmesser","status":"publish","type":"product","link":"https:\/\/www.moskito.cz\/de\/produkt\/heretic-knives-hydra-magnacut-bronze-h008-7a-schiessmesser\/","title":{"rendered":"Heretic Knives Hydra MagnaCut Bronze H008-7A Schie\u00dfmesser"},"content":{"rendered":"<p><strong>Heretic Knives<\/strong> Hydra MagnaCut Bronze H008-7A Schie\u00dfmesser<\/p>\n<p>Das Hydra ist ein Single-Action-OTF-Automatikmesser (vorne) und war das erste seiner Art, das \u00fcber eine Druckknopfsicherung und einen doppelten Taschenclip verf\u00fcgte. Dieses Clip-Design wurde inzwischen aktualisiert, da die Doppelzinken doppelt so viele Hakenm\u00f6glichkeiten bieten. Dieses Modell ist also viel taschenfreundlicher. Um das Messer zu bedienen, schieben Sie einfach die Knopfsicherung mit dem Daumen und dr\u00fccken Sie dann den Knopf darunter, um zu schie\u00dfen. Um die Klinge zur\u00fcckzuziehen, dr\u00fccken Sie den Knopf und ziehen gleichzeitig den Ladegriff von der Unterseite des Messers. Lassen Sie die Taste los und bringen Sie den Ladegriff wieder in seine urspr\u00fcngliche Ruheposition. Dadurch wird die Feder im Inneren aufgeladen und der Mechanismus zur\u00fcckgesetzt, bereit f\u00fcr eine weitere beeindruckende Aktivierung. Dies ist eines der wenigen noch erh\u00e4ltlichen OTF-Single-Action-Messer und wurde mit Stolz in den USA hergestellt.<br \/>\nSpezifikationen<\/p>\n<p>Klingenl\u00e4nge: 9 cm<br \/>\nGesamtl\u00e4nge: 23 cm<br \/>\nKlingenmaterial: CPM-MagnaCut Edelstahl<br \/>\nKlingenstil: Recurve<br \/>\nKlingenschliff: Hohl<br \/>\nKlingenfinish: Bronze<br \/>\nGriffmaterial: schwarzes Aluminium<br \/>\nVerriegelungsmechanismus: Knopf<br \/>\nTaschenclip: Titan (nach unten klappen, rechts tragen)<br \/>\nGewicht: 5,22 Unzen.<br \/>\nDesigner: Tony Marfione Jr.<br \/>\nHergestellt in den USA<\/p>\n<p>&nbsp;<\/p>\n","protected":false},"excerpt":{"rendered":"<p><strong>Alle unsere Messer werden in den USA hergestellt und das wird auch so bleiben. Wenn Sie eines unserer Messer kaufen, k\u00f6nnen Sie darauf vertrauen, dass Ihr Werkzeug von einem amerikanischen Unternehmen unterst\u00fctzt wird. Unsere Messer werden in kleinen Mengen hergestellt, um sicherzustellen, dass Sie ein Qualit\u00e4tsmesser erhalten, das die Aufmerksamkeit erh\u00e4lt, die andere massenproduzierte Messer nicht erhalten!!<\/strong><\/p>\n<p><strong>Kostenloser Transport.<\/strong><\/p>\n","protected":false},"featured_media":314561,"comment_status":"open","ping_status":"closed","template":"","meta":[],"pwb-brand":[3665],"product_brand":[],"product_cat":[3285,3343],"product_tag":[],"class_list":{"0":"post-314648","1":"product","2":"type-product","3":"status-publish","4":"has-post-thumbnail","6":"pwb-brand-ketzermesser","7":"product_cat-messer","8":"product_cat-schiesmesser","10":"first","11":"outofstock","12":"taxable","13":"shipping-taxable","14":"purchasable","15":"product-type-simple"},"brands":[{"id":3665,"name":"Ketzermesser","slug":"ketzermesser"}],"_links":{"self":[{"href":"https:\/\/www.moskito.cz\/de\/wp-json\/wp\/v2\/product\/314648","targetHints":{"allow":["GET"]}}],"collection":[{"href":"https:\/\/www.moskito.cz\/de\/wp-json\/wp\/v2\/product"}],"about":[{"href":"https:\/\/www.moskito.cz\/de\/wp-json\/wp\/v2\/types\/product"}],"replies":[{"embeddable":true,"href":"https:\/\/www.moskito.cz\/de\/wp-json\/wp\/v2\/comments?post=314648"}],"wp:featuredmedia":[{"embeddable":true,"href":"https:\/\/www.moskito.cz\/de\/wp-json\/wp\/v2\/media\/314561"}],"wp:attachment":[{"href":"https:\/\/www.moskito.cz\/de\/wp-json\/wp\/v2\/media?parent=314648"}],"wp:term":[{"taxonomy":"pwb-brand","embeddable":true,"href":"https:\/\/www.moskito.cz\/de\/wp-json\/wp\/v2\/pwb-brand?post=314648"},{"taxonomy":"product_brand","embeddable":true,"href":"https:\/\/www.moskito.cz\/de\/wp-json\/wp\/v2\/product_brand?post=314648"},{"taxonomy":"product_cat","embeddable":true,"href":"https:\/\/www.moskito.cz\/de\/wp-json\/wp\/v2\/product_cat?post=314648"},{"taxonomy":"product_tag","embeddable":true,"href":"https:\/\/www.moskito.cz\/de\/wp-json\/wp\/v2\/product_tag?post=314648"}],"curies":[{"name":"wp","href":"https:\/\/api.w.org\/{rel}","templated":true}]}}