{"id":315005,"date":"2024-03-08T19:15:44","date_gmt":"2024-03-08T18:20:46","guid":{"rendered":"https:\/\/www.moskito.cz\/produkt\/kershaw-livewire-stonewashed-9000blu-schiessmesser\/"},"modified":"2025-05-07T11:03:13","modified_gmt":"2025-05-07T10:03:13","slug":"kershaw-livewire-stonewashed-9000blu-schiessmesser","status":"publish","type":"product","link":"https:\/\/www.moskito.cz\/de\/produkt\/kershaw-livewire-stonewashed-9000blu-schiessmesser\/","title":{"rendered":"Kershaw Livewire Stonewashed 9000BLU Schie\u00dfmesser"},"content":{"rendered":"<p><strong>Kershaw<\/strong> Livewire Stonewashed 9000BLU Schie\u00dfmesser<\/p>\n<p>Es gibt kaum ein Messer, das so viel Aufregung hervorruft wie ein Automatikmesser. Nach umfangreicher Forschung, sorgf\u00e4ltiger Entwicklung und strengen Tests lieferten die hauseigenen Designer und ma\u00dfgefertigten Messermacher Matt Diskin Kershaws erstes OTF-Auto: das Livewire. Die hochwertige CPM-MagnaCut-Klinge l\u00e4sst sich kraftvoll \u00f6ffnen und zur\u00fcckziehen. Der blau eloxierte Aluminiumgriff ist f\u00fcr einen sicheren Halt strukturiert. Und sein geschwungener, treppenartiger Knopf liegt bequem am Daumen und erm\u00f6glicht eine zuverl\u00e4ssige Bet\u00e4tigung. Dar\u00fcber hinaus ist das Tragen dieses Messers dank seines geringen Gewichts und des doppelseitigen Clips f\u00fcr tiefes Tragen eine Freude. Fans haben danach gefragt und Livewire ist das Warten wert.<\/p>\n<p>Funktion<br \/>\nVorderes Automatikgetriebe, hergestellt in den USA; Kershaw Original und Matt Diskin-Design<br \/>\nCPM-MagnaCut-Stahl bietet hervorragende Klingenh\u00e4rte, Korrosionsbest\u00e4ndigkeit, Z\u00e4higkeit, Verschlei\u00dffestigkeit und hervorragende Schnitthaltigkeit<br \/>\nDie Stonewashed-Oberfl\u00e4che sch\u00fctzt vor Gebrauchsspuren<br \/>\nBlau eloxierter Aluminiumgriff, geringe Festigkeit; Die Texturierung verbessert den Grip<br \/>\nDer tiefe Taschenclip ist leicht umkehrbar und kann links\/rechts getragen werden<\/p>\n<p>Spezifikationen:<br \/>\nKlingenl\u00e4nge: 8,4 cm<br \/>\nL\u00e4nge geschlossen: 12,2 cm<br \/>\nGesamtl\u00e4nge: 20,6 cm<br \/>\nKlingenmaterial: CPM-MagnaCut Edelstahl<br \/>\nKlingenst\u00e4rke: 0,32 cm<br \/>\nKlingenstil: Speerspitze<br \/>\nOberfl\u00e4chenbehandlung der Klinge: Stonewash<br \/>\nGriffmaterial: Blau eloxiertes Aluminium 6061-T6<br \/>\nGriffst\u00e4rke: 1,22 cm<br \/>\nVerriegelungsmechanismus: Schiebend<br \/>\nTaschenclip: Deep Carry (Neigung, Rechts-\/Linkstragung)<br \/>\nGewicht: 3,00 Unzen. (85g)<br \/>\nDesigner: Matt Diskin<br \/>\nHergestellt in den USA<\/p>\n","protected":false},"excerpt":{"rendered":"<p><strong>Kaum ein Messer sorgt f\u00fcr so viel Aufregung wie ein Schie\u00dfmesser.<\/strong><\/p>\n<p><strong>Kostenloser Transport.<\/strong><\/p>\n","protected":false},"featured_media":314963,"comment_status":"open","ping_status":"closed","template":"","meta":[],"pwb-brand":[3772],"product_brand":[],"product_cat":[3285,3343],"product_tag":[],"class_list":{"0":"post-315005","1":"product","2":"type-product","3":"status-publish","4":"has-post-thumbnail","6":"pwb-brand-kershaw-de","7":"product_cat-messer","8":"product_cat-schiesmesser","10":"first","11":"outofstock","12":"taxable","13":"shipping-taxable","14":"purchasable","15":"product-type-simple"},"brands":[{"id":3772,"name":"Kershaw","slug":"kershaw-de"}],"_links":{"self":[{"href":"https:\/\/www.moskito.cz\/de\/wp-json\/wp\/v2\/product\/315005","targetHints":{"allow":["GET"]}}],"collection":[{"href":"https:\/\/www.moskito.cz\/de\/wp-json\/wp\/v2\/product"}],"about":[{"href":"https:\/\/www.moskito.cz\/de\/wp-json\/wp\/v2\/types\/product"}],"replies":[{"embeddable":true,"href":"https:\/\/www.moskito.cz\/de\/wp-json\/wp\/v2\/comments?post=315005"}],"wp:featuredmedia":[{"embeddable":true,"href":"https:\/\/www.moskito.cz\/de\/wp-json\/wp\/v2\/media\/314963"}],"wp:attachment":[{"href":"https:\/\/www.moskito.cz\/de\/wp-json\/wp\/v2\/media?parent=315005"}],"wp:term":[{"taxonomy":"pwb-brand","embeddable":true,"href":"https:\/\/www.moskito.cz\/de\/wp-json\/wp\/v2\/pwb-brand?post=315005"},{"taxonomy":"product_brand","embeddable":true,"href":"https:\/\/www.moskito.cz\/de\/wp-json\/wp\/v2\/product_brand?post=315005"},{"taxonomy":"product_cat","embeddable":true,"href":"https:\/\/www.moskito.cz\/de\/wp-json\/wp\/v2\/product_cat?post=315005"},{"taxonomy":"product_tag","embeddable":true,"href":"https:\/\/www.moskito.cz\/de\/wp-json\/wp\/v2\/product_tag?post=315005"}],"curies":[{"name":"wp","href":"https:\/\/api.w.org\/{rel}","templated":true}]}}