{"id":315014,"date":"2024-03-08T18:38:55","date_gmt":"2024-03-08T18:22:09","guid":{"rendered":"https:\/\/www.moskito.cz\/produkt\/spyderco-triangle-sharpmaker-ersatz-keramikstab-mittlere-koernung-204m1\/"},"modified":"2025-05-07T11:03:15","modified_gmt":"2025-05-07T10:03:15","slug":"spyderco-triangle-sharpmaker-ersatz-keramikstab-mittlere-koernung-204m1","status":"publish","type":"product","link":"https:\/\/www.moskito.cz\/de\/produkt\/spyderco-triangle-sharpmaker-ersatz-keramikstab-mittlere-koernung-204m1\/","title":{"rendered":"Spyderco Triangle Sharpmaker Ersatz-Keramikstab, mittlere K\u00f6rnung 204M1"},"content":{"rendered":"<p><strong>Spyderco<\/strong> Triangle Sharpmaker Ersatz-Keramikstab, mittlere K\u00f6rnung 204M1<\/p>\n<p>Dieser Keramikstein mittlerer K\u00f6rnung ist ein Ersatzartikel f\u00fcr die im Sch\u00e4rfsystem 204MF Tri-Angle Sharpmaker enthaltenen Steine.<\/p>\n<p>Der Stein 204F wird einzeln verkauft und passt zum Sch\u00e4rfsystem 204 Tri-Angle Sharpmaker. Zum Reinigen: Mit einem Drahtschwamm und einem motorisierten Scheuermittel schrubben und an der Luft trocknen<\/p>\n","protected":false},"excerpt":{"rendered":"<p><strong>Ersatz-Keramikstab 204M1 mit mittlerer K\u00f6rnung.<\/strong><\/p>\n","protected":false},"featured_media":314954,"comment_status":"open","ping_status":"closed","template":"","meta":[],"pwb-brand":[3427],"product_brand":[],"product_cat":[3346],"product_tag":[3669],"class_list":{"0":"post-315014","1":"product","2":"type-product","3":"status-publish","4":"has-post-thumbnail","6":"pwb-brand-spyderco-de","7":"product_cat-schleifscheiben-und-stahle","8":"product_tag-b2b-de","10":"first","11":"outofstock","12":"taxable","13":"shipping-taxable","14":"purchasable","15":"product-type-simple"},"brands":[{"id":3427,"name":"Spyderco","slug":"spyderco-de"}],"_links":{"self":[{"href":"https:\/\/www.moskito.cz\/de\/wp-json\/wp\/v2\/product\/315014","targetHints":{"allow":["GET"]}}],"collection":[{"href":"https:\/\/www.moskito.cz\/de\/wp-json\/wp\/v2\/product"}],"about":[{"href":"https:\/\/www.moskito.cz\/de\/wp-json\/wp\/v2\/types\/product"}],"replies":[{"embeddable":true,"href":"https:\/\/www.moskito.cz\/de\/wp-json\/wp\/v2\/comments?post=315014"}],"wp:featuredmedia":[{"embeddable":true,"href":"https:\/\/www.moskito.cz\/de\/wp-json\/wp\/v2\/media\/314954"}],"wp:attachment":[{"href":"https:\/\/www.moskito.cz\/de\/wp-json\/wp\/v2\/media?parent=315014"}],"wp:term":[{"taxonomy":"pwb-brand","embeddable":true,"href":"https:\/\/www.moskito.cz\/de\/wp-json\/wp\/v2\/pwb-brand?post=315014"},{"taxonomy":"product_brand","embeddable":true,"href":"https:\/\/www.moskito.cz\/de\/wp-json\/wp\/v2\/product_brand?post=315014"},{"taxonomy":"product_cat","embeddable":true,"href":"https:\/\/www.moskito.cz\/de\/wp-json\/wp\/v2\/product_cat?post=315014"},{"taxonomy":"product_tag","embeddable":true,"href":"https:\/\/www.moskito.cz\/de\/wp-json\/wp\/v2\/product_tag?post=315014"}],"curies":[{"name":"wp","href":"https:\/\/api.w.org\/{rel}","templated":true}]}}