{"id":315062,"date":"2024-03-08T21:38:25","date_gmt":"2024-03-08T20:42:43","guid":{"rendered":"https:\/\/www.moskito.cz\/produkt\/kershaw-ken-onion-leek-stonewashed-ks1660gblu-klappmesser\/"},"modified":"2025-05-07T11:03:16","modified_gmt":"2025-05-07T10:03:16","slug":"kershaw-ken-onion-leek-stonewashed-ks1660gblu-klappmesser","status":"publish","type":"product","link":"https:\/\/www.moskito.cz\/de\/produkt\/kershaw-ken-onion-leek-stonewashed-ks1660gblu-klappmesser\/","title":{"rendered":"Kershaw Ken Onion Leek Stonewashed KS1660GBLU Klappmesser"},"content":{"rendered":"<p><strong>Kershaw<\/strong> Ken Onion Leek Stonewashed KS1660GBLU Klappmesser.<\/p>\n<p>Suchen Sie ein Messer, das nicht im Gras verloren geht?<\/p>\n<p>Das leuchtende Blau des eloxierten Aluminiumgriffs ist eine licht- und kratzfeste Farbe, die dauerhaft mit dem Aluminium verbunden ist \u2013 so sieht er jetzt gut aus und wird auch in Zukunft gut aussehen. CPM-MagnaCut \u2013 Dieser Hochleistungsstahl erm\u00f6glicht es dem Messer, die Klinge \u00fcber einen l\u00e4ngeren Zeitraum sehr scharf zu halten.<\/p>\n<p>Egal, ob Sie Links- oder Rechtsh\u00e4nder sind, mit der SpeedSafe-\u00d6ffnungshilfe ist das \u00d6ffnen des blauen Verlaufsmessers ganz einfach. Ziehen Sie einfach die doppelseitige Flossenklingenlasche zur\u00fcck oder dr\u00fccken Sie den Daumenstift heraus, und schon ist die Lauchklinge einsatzbereit. Aus Sicherheitsgr\u00fcnden h\u00e4lt der Verriegelungseinsatz die Klinge w\u00e4hrend des Gebrauchs offen und der Tip-Lock-Schieber verriegelt sie, wenn das Messer geschlossen ist. Der Taschenclip ist zum Herunterklappen oder Herunterklappen umkehrbar und der Griff ist f\u00fcr die Befestigung eines Tragebandes gebohrt.<\/p>\n<p>Das Leek Blue Gradient ist ein schlankes, leicht zu tragendes Messer mit gutem Aussehen.<\/p>\n<p>Funktion:<br \/>\nFlosse \u2013 Kann f\u00fcr manuelle oder unterst\u00fctzte \u00d6ffnungsmesser verwendet werden. Der \u201eFlipper\u201c ist ein Vorsprung auf der R\u00fcckseite der Klinge, den der Benutzer zur\u00fcckziehen oder umklappen kann, um die Klinge leicht aus dem Griff zu schieben.<br \/>\nSpeedSafe\u00ae \u2013 Hilft Ihnen, jedes SpeedSafe\u00ae-Messer schnell und einfach durch manuelles Dr\u00fccken des Daumens oder Ziehen des Flippers zu \u00f6ffnen; in vielen von Kershaws Bestsellern eingebaut.<br \/>\nEinstecksperre \u2013 Sperrt die Klinge w\u00e4hrend des Gebrauchs im ge\u00f6ffneten Zustand; Eine Seite des \u201eStahleinsatzes\u201c, der Stahlplatte, an der die Griffgewichte befestigt sind, bewegt sich in Position hinter der Klinge, um die \u00d6ffnung zu sichern.<br \/>\nReversibel \u2013 Vorgebohrte L\u00f6cher im Griff erm\u00f6glichen es dem Benutzer, die Position der Spitze oder der Seite, auf der das Messer getragen wird, zu \u00e4ndern.<br \/>\nHergestellt in den USA \u2013 Wenn Sie dies auf einem der Messer sehen, bedeutet das, dass es in der Produktionsst\u00e4tte in Tualatin, Oregon, von den erfahrenen Messermachern von Kershaw hergestellt wurde.<\/p>\n<p>Spezifikationen<br \/>\nKlingenl\u00e4nge: 7,5 cm<br \/>\nGesamtl\u00e4nge: 17,5 cm<br \/>\nKlingenmaterial: CPM-MagnaCut<br \/>\nKlingenstil: Wharncliffe<br \/>\nKlingenschliff: Hohl<br \/>\nOberfl\u00e4chenbehandlung der Klinge: Stonewash<br \/>\nGriffmaterial: Blau\/schwarzes Aluminium mit \u00dcbergang<br \/>\nVerriegelungsmechanismus: Liner Lock<br \/>\nTaschenclip: (Tip-Up\/Down, Rechts-\/Links-Tragefunktion)<br \/>\nGewicht: 3,00 Unzen.<br \/>\nDesigner: Ken Onion<br \/>\nHergestellt in den USA<\/p>\n","protected":false},"excerpt":{"rendered":"<p><strong>Suchen Sie ein Messer, das nicht im Gras verloren geht?  <\/strong><\/p>\n<p><strong>Kostenloser Transport.<\/strong><\/p>\n","protected":false},"featured_media":315019,"comment_status":"open","ping_status":"closed","template":"","meta":[],"pwb-brand":[3772],"product_brand":[],"product_cat":[3285,3303],"product_tag":[],"class_list":{"0":"post-315062","1":"product","2":"type-product","3":"status-publish","4":"has-post-thumbnail","6":"pwb-brand-kershaw-de","7":"product_cat-messer","8":"product_cat-schliesmesser","10":"first","11":"instock","12":"taxable","13":"shipping-taxable","14":"purchasable","15":"product-type-simple"},"brands":[{"id":3772,"name":"Kershaw","slug":"kershaw-de"}],"_links":{"self":[{"href":"https:\/\/www.moskito.cz\/de\/wp-json\/wp\/v2\/product\/315062","targetHints":{"allow":["GET"]}}],"collection":[{"href":"https:\/\/www.moskito.cz\/de\/wp-json\/wp\/v2\/product"}],"about":[{"href":"https:\/\/www.moskito.cz\/de\/wp-json\/wp\/v2\/types\/product"}],"replies":[{"embeddable":true,"href":"https:\/\/www.moskito.cz\/de\/wp-json\/wp\/v2\/comments?post=315062"}],"wp:featuredmedia":[{"embeddable":true,"href":"https:\/\/www.moskito.cz\/de\/wp-json\/wp\/v2\/media\/315019"}],"wp:attachment":[{"href":"https:\/\/www.moskito.cz\/de\/wp-json\/wp\/v2\/media?parent=315062"}],"wp:term":[{"taxonomy":"pwb-brand","embeddable":true,"href":"https:\/\/www.moskito.cz\/de\/wp-json\/wp\/v2\/pwb-brand?post=315062"},{"taxonomy":"product_brand","embeddable":true,"href":"https:\/\/www.moskito.cz\/de\/wp-json\/wp\/v2\/product_brand?post=315062"},{"taxonomy":"product_cat","embeddable":true,"href":"https:\/\/www.moskito.cz\/de\/wp-json\/wp\/v2\/product_cat?post=315062"},{"taxonomy":"product_tag","embeddable":true,"href":"https:\/\/www.moskito.cz\/de\/wp-json\/wp\/v2\/product_tag?post=315062"}],"curies":[{"name":"wp","href":"https:\/\/api.w.org\/{rel}","templated":true}]}}