{"id":315256,"date":"2024-03-09T15:43:00","date_gmt":"2024-03-09T14:45:37","guid":{"rendered":"https:\/\/www.moskito.cz\/produkt\/schiessmesser-microtech-utx-85-hellhound-stonewash-719-10vis\/"},"modified":"2025-07-21T00:00:02","modified_gmt":"2025-07-20T23:00:02","slug":"schiessmesser-microtech-utx-85-hellhound-stonewash-719-10vis","status":"publish","type":"product","link":"https:\/\/www.moskito.cz\/de\/produkt\/schiessmesser-microtech-utx-85-hellhound-stonewash-719-10vis\/","title":{"rendered":"Schie\u00dfmesser Microtech UTX-85 Hellhound Stonewash 719-10VIS"},"content":{"rendered":"<p>Schie\u00dfmesser <strong>Microtech<\/strong> UTX-85 Hellhound Stonewash 719-10VIS<\/p>\n<p>Mit 85 % Ultratech\u00ae-Gr\u00f6\u00dfe ist der UTX-85\u2122 so konzipiert, dass er perfekt in der Hand liegt, was ihn zu einer gro\u00dfartigen Wahl f\u00fcr den t\u00e4glichen Gebrauch macht. Der Ausl\u00f6semechanismus ist einfacher zu bedienen als bei einem Ultratech\u00ae in voller Gr\u00f6\u00dfe und eignet sich daher ideal f\u00fcr kleinere oder empfindliche H\u00e4nde. Der UTX-85\u2122 verf\u00fcgt weiterhin \u00fcber einen voll funktionsf\u00e4higen Glasbrecher sowie alle Ultratech\u00ae-Funktionen in Originalgr\u00f6\u00dfe.<\/p>\n<p>Klingenl\u00e4nge: 8 cm<\/p>\n<p>Klingenstahl: M390<\/p>\n<p>Gesamtl\u00e4nge: 19 cm<\/p>\n<p>Griffmaterial: Premium-Flugzeugaluminium 6061 T6<\/p>\n<p>Gewicht: 3,1 Unzen<\/p>\n<p>Grifffarbe: Lila<\/p>\n","protected":false},"excerpt":{"rendered":"<p><strong>Im Laufe der Jahre hat Microtech\u00ae Knives Messer mit Leidenschaft und K\u00f6nnen gef\u00fcllt, um nahezu Kunstwerke zu schaffen, die den Gipfel der Funktionalit\u00e4t darstellen. Alle Teile werden in den USA hergestellt.<\/strong><br \/>\n<strong>Alle Microtech-Messer haben eine lebenslange Garantie (mindestens 80.000 Zyklen, \u00d6ffnen und Schlie\u00dfen).<\/strong><\/p>\n<p><strong>Kostenloser Transport.<\/strong><\/p>\n","protected":false},"featured_media":315238,"comment_status":"open","ping_status":"closed","template":"","meta":[],"pwb-brand":[3278],"product_brand":[],"product_cat":[3343,3285],"product_tag":[3669],"class_list":{"0":"post-315256","1":"product","2":"type-product","3":"status-publish","4":"has-post-thumbnail","6":"pwb-brand-microtech-de","7":"product_cat-schiesmesser","8":"product_cat-messer","9":"product_tag-b2b-de","11":"first","12":"instock","13":"taxable","14":"shipping-taxable","15":"purchasable","16":"product-type-simple"},"brands":[{"id":3278,"name":"Microtech","slug":"microtech-de"}],"_links":{"self":[{"href":"https:\/\/www.moskito.cz\/de\/wp-json\/wp\/v2\/product\/315256","targetHints":{"allow":["GET"]}}],"collection":[{"href":"https:\/\/www.moskito.cz\/de\/wp-json\/wp\/v2\/product"}],"about":[{"href":"https:\/\/www.moskito.cz\/de\/wp-json\/wp\/v2\/types\/product"}],"replies":[{"embeddable":true,"href":"https:\/\/www.moskito.cz\/de\/wp-json\/wp\/v2\/comments?post=315256"}],"wp:featuredmedia":[{"embeddable":true,"href":"https:\/\/www.moskito.cz\/de\/wp-json\/wp\/v2\/media\/315238"}],"wp:attachment":[{"href":"https:\/\/www.moskito.cz\/de\/wp-json\/wp\/v2\/media?parent=315256"}],"wp:term":[{"taxonomy":"pwb-brand","embeddable":true,"href":"https:\/\/www.moskito.cz\/de\/wp-json\/wp\/v2\/pwb-brand?post=315256"},{"taxonomy":"product_brand","embeddable":true,"href":"https:\/\/www.moskito.cz\/de\/wp-json\/wp\/v2\/product_brand?post=315256"},{"taxonomy":"product_cat","embeddable":true,"href":"https:\/\/www.moskito.cz\/de\/wp-json\/wp\/v2\/product_cat?post=315256"},{"taxonomy":"product_tag","embeddable":true,"href":"https:\/\/www.moskito.cz\/de\/wp-json\/wp\/v2\/product_tag?post=315256"}],"curies":[{"name":"wp","href":"https:\/\/api.w.org\/{rel}","templated":true}]}}