{"id":315263,"date":"2024-03-09T15:22:42","date_gmt":"2024-03-09T14:22:42","guid":{"rendered":"https:\/\/www.moskito.cz\/produkt\/multitool-extrema-ratio-tk-tool-2-0-stonewashed\/"},"modified":"2025-09-11T14:37:50","modified_gmt":"2025-09-11T13:37:50","slug":"multitool-extrema-ratio-tk-tool-2-0-stonewashed","status":"publish","type":"product","link":"https:\/\/www.moskito.cz\/de\/produkt\/multitool-extrema-ratio-tk-tool-2-0-stonewashed\/","title":{"rendered":"Multitool Extrema Ratio TK Tool 2.0 Stonewashed"},"content":{"rendered":"<p>Multitool <strong>Extrema Ratio<\/strong> TK Tool 2.0 Stonewashed<\/p>\n<p><strong><span>TK Tool 2.0 Stone Washed,<\/span><\/strong> <span>ein Multifunktionswerkzeug<\/span> <span>von<\/span> <strong><span>Extrema Ratio,<\/span><\/strong> <span>das zusammen mit<\/span> <span>dem Milit\u00e4r<\/span> entwickelt wurde <span>  Profis. Solide  <\/span><span>Multifunktionswerkzeug<\/span><span>  Ausgestattet mit grundlegenden Funktionen und Werkzeugen, die auf dem Schlachtfeld notwendig sind. Die geringe Gr\u00f6\u00dfe erleichtert den Transport und die Verwendung bei allt\u00e4glichen Aufgaben.<\/span><\/p>\n<p><span>Hergestellt aus langlebigem, hochkobalthaltigem<\/span> <strong><span>N690-<\/span><\/strong> Edelstahl <span>mit einer H\u00e4rte von<\/span> <strong><span>58 HRC<\/span><\/strong> <span>, hergestellt im \u00f6sterreichischen<\/span> <strong><span>Stahlwerk B\u00f6hler-Uddeholm.<\/span><\/strong> <span>Die Oberfl\u00e4che des Multifunktionswerkzeugs ist mit einer entspiegelten Stonewashed-Schicht ausgestattet, die kleinere Kratzer kaschiert<\/span> <strong><span>.<\/span><\/strong><\/p>\n<p><strong><span>Funktionen und Tools:<\/span><\/strong><br \/>\n<span>1. Spezialspitze zum Einstellen und Kalibrieren von Schusswaffenzielger\u00e4ten.<\/span><br \/>\n<span>2. Gro\u00dfer Schlitzschraubendreher f\u00fcr<\/span> <strong><span>8\/10 mm Schrauben<\/span><\/strong> <span>und zum Aufhebeln bzw. Aufhebeln.<\/span><br \/>\n<span>3.<\/span> <strong><span>Marineschl\u00fcssel\/Sch\u00e4kel mit<\/span><\/strong> ovalem Loch in der Mitte <span>zum<\/span> <strong><span>L\u00f6sen\/Festziehen der Sch\u00e4kel.<\/span><\/strong><br \/>\n4. <strong><span>8-mm<\/span><\/strong> <span>-Inbusschl\u00fcssel<\/span> . <span><strong>5. 10 mm<\/strong><\/span><br \/>\n<span>Sechskantschl\u00fcssel . 6. zwei L\u00f6cher zur Befestigung von Paracord.<\/span><\/p>\n<p><strong><span>Spezifikationen:<\/span><\/strong><br \/>\n<span>Produktnummer: 04.4000.0050\/SW<\/span><br \/>\n<span>Name: TK Tool 2.0 Stone Washed<\/span><br \/>\n<span>Stahlsorte: B\u00f6hler N690<\/span><br \/>\n<span>H\u00e4rte: 58 HRC<\/span><br \/>\n<span>Dicke: 4,0 mm \/ 0,16 Zoll<\/span><br \/>\n<span>Gesamtl\u00e4nge: 100,0 mm \/ 3,9 Zoll<\/span><br \/>\n<span>Gewicht: 56,0 g<\/span><br \/>\n<span>Hersteller: Extreme Ratio, Italien<\/span><\/p>\n<p>&nbsp;<\/p>\n","protected":false},"excerpt":{"rendered":"<p>Extrema Ratio mit Sitz in Prato, Italien, entwirft und produziert seit 1997 leistungsstarke Kampf-, Milit\u00e4r-, K\u00fcchen-, Jagd- und taktische Messer und genie\u00dft einen Ruf f\u00fcr \u00fcberlegene Qualit\u00e4t, die in der Milit\u00e4r- und taktischen Messerbranche ihresgleichen sucht.<\/p>\n","protected":false},"featured_media":315213,"comment_status":"open","ping_status":"closed","template":"","meta":[],"pwb-brand":[3539],"product_brand":[],"product_cat":[3340],"product_tag":[3669],"class_list":{"0":"post-315263","1":"product","2":"type-product","3":"status-publish","4":"has-post-thumbnail","6":"pwb-brand-extrema-verhaltnis","7":"product_cat-multi-tool-de","8":"product_tag-b2b-de","10":"first","11":"outofstock","12":"taxable","13":"shipping-taxable","14":"purchasable","15":"product-type-simple"},"brands":[{"id":3539,"name":"Extrema-Verh\u00e4ltnis","slug":"extrema-verhaltnis"}],"_links":{"self":[{"href":"https:\/\/www.moskito.cz\/de\/wp-json\/wp\/v2\/product\/315263","targetHints":{"allow":["GET"]}}],"collection":[{"href":"https:\/\/www.moskito.cz\/de\/wp-json\/wp\/v2\/product"}],"about":[{"href":"https:\/\/www.moskito.cz\/de\/wp-json\/wp\/v2\/types\/product"}],"replies":[{"embeddable":true,"href":"https:\/\/www.moskito.cz\/de\/wp-json\/wp\/v2\/comments?post=315263"}],"wp:featuredmedia":[{"embeddable":true,"href":"https:\/\/www.moskito.cz\/de\/wp-json\/wp\/v2\/media\/315213"}],"wp:attachment":[{"href":"https:\/\/www.moskito.cz\/de\/wp-json\/wp\/v2\/media?parent=315263"}],"wp:term":[{"taxonomy":"pwb-brand","embeddable":true,"href":"https:\/\/www.moskito.cz\/de\/wp-json\/wp\/v2\/pwb-brand?post=315263"},{"taxonomy":"product_brand","embeddable":true,"href":"https:\/\/www.moskito.cz\/de\/wp-json\/wp\/v2\/product_brand?post=315263"},{"taxonomy":"product_cat","embeddable":true,"href":"https:\/\/www.moskito.cz\/de\/wp-json\/wp\/v2\/product_cat?post=315263"},{"taxonomy":"product_tag","embeddable":true,"href":"https:\/\/www.moskito.cz\/de\/wp-json\/wp\/v2\/product_tag?post=315263"}],"curies":[{"name":"wp","href":"https:\/\/api.w.org\/{rel}","templated":true}]}}