{"id":315351,"date":"2024-03-09T16:05:47","date_gmt":"2024-03-09T15:08:11","guid":{"rendered":"https:\/\/www.moskito.cz\/produkt\/feststehendes-messer-extrema-ratio-ermes-operativo-04-1000-0443-blk-op\/"},"modified":"2025-05-07T11:03:23","modified_gmt":"2025-05-07T10:03:23","slug":"feststehendes-messer-extrema-ratio-ermes-operativo-04-1000-0443-blk-op","status":"publish","type":"product","link":"https:\/\/www.moskito.cz\/de\/produkt\/feststehendes-messer-extrema-ratio-ermes-operativo-04-1000-0443-blk-op\/","title":{"rendered":"Feststehendes Messer EXTREMA RATIO ERMES OPERATIVO 04.1000.0443\/BLK-OP"},"content":{"rendered":"<p>Feststehendes Messer <strong>EXTREMA RATIO<\/strong> ERMES OPERATIVO 04.1000.0443\/BLK-OP<\/p>\n<p><strong>ERMES<\/strong> ist ein Gedenkmesser, das in Zusammenarbeit mit dem Helicopter Regiment for Special Operations (REOS) entwickelt wurde, das Teil des Luftkommandos der italienischen Armee ist. REOS ist eine Einsatzhubschraubereinheit der Spezialeinheit, die aus speziell ausgebildetem Personal besteht, das speziell f\u00fcr die Unterst\u00fctzung milit\u00e4rischer Aktivit\u00e4ten in jedem Einsatzkontext ausgebildet und ausger\u00fcstet ist. Die stilisierten Klingensch\u00fctzer stellen die Fl\u00fcgel dar, die im heraldischen Wappen des Departements vorkommen. Es ist in zwei Versionen erh\u00e4ltlich: \u201eERMES ORDINANZA\u201c mit satinierter Klinge und \u201eERMES OPERATIVE\u201c ABS-Geh\u00e4use mit polierter Klinge. Der verwendete Stahl ist der zuverl\u00e4ssige B\u00f6lher N690Co, w\u00e4rmebehandelt auf 58 HRC. F\u00fcr den Griff wurde das mit Glasfaser verst\u00e4rkte Polyamid-Polymer FRN (Fiber Reinforced Nylon) gew\u00e4hlt. Das Hybrid-Holster aus Kydex und Stoff ist mit einem Gurtband oder einer Gurtbandbefestigung mit dem MOLLE-Schnittstellensystem ausgestattet.<\/p>\n<p>Klingenmaterial: N690<br \/>\nGriffmaterial: FRN, Nylon<br \/>\nGeh\u00e4usematerial: Nylon, Kydex<br \/>\nKlingenl\u00e4nge: 14 cm<br \/>\nGesamtl\u00e4nge: 25,6 cm<br \/>\nKlingenst\u00e4rke: 0,63 cm<br \/>\nGewicht: 229 g<br \/>\nKlingentyp: Dolch<br \/>\nVerwendung: Taktisch<\/p>\n<p>&nbsp;<\/p>\n","protected":false},"excerpt":{"rendered":"<p><strong>Extrema Ratio mit Sitz in Prato, Italien, entwirft und produziert seit 1997 leistungsstarke Kampf-, Milit\u00e4r-, K\u00fcchen-, Jagd- und taktische Messer und genie\u00dft einen Ruf f\u00fcr \u00fcberlegene Qualit\u00e4t, die in der Milit\u00e4r- und taktischen Messerbranche ihresgleichen sucht. Kostenloser Transport.<\/strong><\/p>\n","protected":false},"featured_media":315269,"comment_status":"open","ping_status":"closed","template":"","meta":[],"pwb-brand":[3539],"product_brand":[],"product_cat":[3287,3285],"product_tag":[3669],"class_list":{"0":"post-315351","1":"product","2":"type-product","3":"status-publish","4":"has-post-thumbnail","6":"pwb-brand-extrema-verhaltnis","7":"product_cat-solide-messer","8":"product_cat-messer","9":"product_tag-b2b-de","11":"first","12":"instock","13":"taxable","14":"shipping-taxable","15":"purchasable","16":"product-type-simple"},"brands":[{"id":3539,"name":"Extrema-Verh\u00e4ltnis","slug":"extrema-verhaltnis"}],"_links":{"self":[{"href":"https:\/\/www.moskito.cz\/de\/wp-json\/wp\/v2\/product\/315351","targetHints":{"allow":["GET"]}}],"collection":[{"href":"https:\/\/www.moskito.cz\/de\/wp-json\/wp\/v2\/product"}],"about":[{"href":"https:\/\/www.moskito.cz\/de\/wp-json\/wp\/v2\/types\/product"}],"replies":[{"embeddable":true,"href":"https:\/\/www.moskito.cz\/de\/wp-json\/wp\/v2\/comments?post=315351"}],"wp:featuredmedia":[{"embeddable":true,"href":"https:\/\/www.moskito.cz\/de\/wp-json\/wp\/v2\/media\/315269"}],"wp:attachment":[{"href":"https:\/\/www.moskito.cz\/de\/wp-json\/wp\/v2\/media?parent=315351"}],"wp:term":[{"taxonomy":"pwb-brand","embeddable":true,"href":"https:\/\/www.moskito.cz\/de\/wp-json\/wp\/v2\/pwb-brand?post=315351"},{"taxonomy":"product_brand","embeddable":true,"href":"https:\/\/www.moskito.cz\/de\/wp-json\/wp\/v2\/product_brand?post=315351"},{"taxonomy":"product_cat","embeddable":true,"href":"https:\/\/www.moskito.cz\/de\/wp-json\/wp\/v2\/product_cat?post=315351"},{"taxonomy":"product_tag","embeddable":true,"href":"https:\/\/www.moskito.cz\/de\/wp-json\/wp\/v2\/product_tag?post=315351"}],"curies":[{"name":"wp","href":"https:\/\/api.w.org\/{rel}","templated":true}]}}