{"id":315392,"date":"2024-03-09T19:20:24","date_gmt":"2024-03-09T18:23:34","guid":{"rendered":"https:\/\/www.moskito.cz\/produkt\/schliessendes-tauchmesser-extrema-ratio-bf2-v-stonewashed-04-1000-0147-sw\/"},"modified":"2025-05-07T11:03:25","modified_gmt":"2025-05-07T10:03:25","slug":"schliessendes-tauchmesser-extrema-ratio-bf2-v-stonewashed-04-1000-0147-sw","status":"publish","type":"product","link":"https:\/\/www.moskito.cz\/de\/produkt\/schliessendes-tauchmesser-extrema-ratio-bf2-v-stonewashed-04-1000-0147-sw\/","title":{"rendered":"Schlie\u00dfendes Tauchmesser Extrema Ratio BF2 V STONEWASHED 04.1000.0147\/SW"},"content":{"rendered":"<p>Schlie\u00dfendes Tauchmesser <strong>Extrema Ratio<\/strong> BF2 V STONEWASHED 04.1000.0147\/SW<\/p>\n<p>Dieses Messer wurde bis ins kleinste Detail f\u00fcr den prim\u00e4ren Einsatz im Meeresumfeld konzipiert und perfektioniert. Die Klinge hat eine flache Kante, die ein symmetrisches Schneiden mit breiterer Auflage erm\u00f6glicht. Die Spitze hingegen ist dank der Tanto-Version dick und langlebig, was eine gr\u00f6\u00dfere Penetration und einen saubereren und pr\u00e4ziseren Schnitt erm\u00f6glicht. Das Stone-Wash-Finishing-Verfahren erleichtert die Lokalisierung in der Meeresumwelt. Die Griffstruktur aus eloxiertem, korrosionsbest\u00e4ndigem Aluminium verf\u00fcgt \u00fcber ein konzentrisches Kreisfr\u00e4sdesign sowie Relief- und rutschfeste Perforationen, um das Sp\u00fclen mit Salzgehalt zu erleichtern. In der Mitte des Griffs befindet sich ein kleiner Schlitz, der das Festziehen oder L\u00f6sen der kleinen Schlaufen erm\u00f6glicht. Der BF2 V verf\u00fcgt \u00fcber einen doppelseitigen Clip; Einstellschraubenanschlag zum Schlie\u00dfen und \u00d6ffnen der Klinge; Kn\u00f6chelbindeknoten 70 mm. mit Befestigungsmechanismus; repariere es. Die Pr\u00e4sentation von BF2 V fand auf dem Schulschiff Amerigo Vespucci statt.<\/p>\n<p>GEWICHT G.: 140<br \/>\nGEWICHT OZ.: 4,9<br \/>\nKLINGENL\u00c4NGE: 6,6 cm<br \/>\nGESAMTL\u00c4NGE: 19 cm<br \/>\nKLINGENST\u00c4RKE (MM): 0,3 cm<br \/>\nKLINGENMATERIAL: B\u00d6HLER N690 STAHL (58HRC)<br \/>\nKLINGENFINISH: STONE WASHED<br \/>\nMESSERSCHLEIFEN: FLACHKANTE<br \/>\nGRIFFMATERIAL: ELOXIERTES ANTIKORRODALES ALUMINIUM<br \/>\nSCHRAUBENDREHER \/ KNOTENENTFERNER-MATERIAL: EDELSTAHL<\/p>\n","protected":false},"excerpt":{"rendered":"<p><strong>Extrema Ratio mit Sitz in Prato, Italien, entwirft und produziert seit 1997 leistungsstarke Kampf-, Milit\u00e4r-, K\u00fcchen-, Jagd- und taktische Messer und genie\u00dft einen Ruf f\u00fcr \u00fcberlegene Qualit\u00e4t, die in der Milit\u00e4r- und taktischen Messerbranche ihresgleichen sucht. Kostenloser Transport.<\/strong><\/p>\n","protected":false},"featured_media":315357,"comment_status":"open","ping_status":"closed","template":"","meta":[],"pwb-brand":[3539],"product_brand":[],"product_cat":[3285,3303],"product_tag":[3669],"class_list":{"0":"post-315392","1":"product","2":"type-product","3":"status-publish","4":"has-post-thumbnail","6":"pwb-brand-extrema-verhaltnis","7":"product_cat-messer","8":"product_cat-schliesmesser","9":"product_tag-b2b-de","11":"first","12":"instock","13":"taxable","14":"shipping-taxable","15":"purchasable","16":"product-type-simple"},"brands":[{"id":3539,"name":"Extrema-Verh\u00e4ltnis","slug":"extrema-verhaltnis"}],"_links":{"self":[{"href":"https:\/\/www.moskito.cz\/de\/wp-json\/wp\/v2\/product\/315392","targetHints":{"allow":["GET"]}}],"collection":[{"href":"https:\/\/www.moskito.cz\/de\/wp-json\/wp\/v2\/product"}],"about":[{"href":"https:\/\/www.moskito.cz\/de\/wp-json\/wp\/v2\/types\/product"}],"replies":[{"embeddable":true,"href":"https:\/\/www.moskito.cz\/de\/wp-json\/wp\/v2\/comments?post=315392"}],"wp:featuredmedia":[{"embeddable":true,"href":"https:\/\/www.moskito.cz\/de\/wp-json\/wp\/v2\/media\/315357"}],"wp:attachment":[{"href":"https:\/\/www.moskito.cz\/de\/wp-json\/wp\/v2\/media?parent=315392"}],"wp:term":[{"taxonomy":"pwb-brand","embeddable":true,"href":"https:\/\/www.moskito.cz\/de\/wp-json\/wp\/v2\/pwb-brand?post=315392"},{"taxonomy":"product_brand","embeddable":true,"href":"https:\/\/www.moskito.cz\/de\/wp-json\/wp\/v2\/product_brand?post=315392"},{"taxonomy":"product_cat","embeddable":true,"href":"https:\/\/www.moskito.cz\/de\/wp-json\/wp\/v2\/product_cat?post=315392"},{"taxonomy":"product_tag","embeddable":true,"href":"https:\/\/www.moskito.cz\/de\/wp-json\/wp\/v2\/product_tag?post=315392"}],"curies":[{"name":"wp","href":"https:\/\/api.w.org\/{rel}","templated":true}]}}