{"id":315450,"date":"2024-03-09T20:02:43","date_gmt":"2024-03-09T19:03:34","guid":{"rendered":"https:\/\/www.moskito.cz\/produkt\/feststehendes-messer-extrema-ratio-satre-expeditions-04-1000-0222-exp\/"},"modified":"2025-05-07T11:03:26","modified_gmt":"2025-05-07T10:03:26","slug":"feststehendes-messer-extrema-ratio-satre-expeditions-04-1000-0222-exp","status":"publish","type":"product","link":"https:\/\/www.moskito.cz\/de\/produkt\/feststehendes-messer-extrema-ratio-satre-expeditions-04-1000-0222-exp\/","title":{"rendered":"Feststehendes Messer EXTREMA RATIO SATRE EXPEDITIONS 04.1000.0222\/EXP"},"content":{"rendered":"<p>Feststehendes Messer <strong>EXTREMA RATIO<\/strong> SATRE EXPEDITIONS 04.1000.0222\/EXP<\/p>\n<p>Die Expedition-Serie ist eine neue Reihe von Tools, die f\u00fcr Vermessungsprofis entwickelt wurden.<\/p>\n<p><strong>Die Messer der Expedition-<\/strong> Serie bieten die gleiche Leistung, Zuverl\u00e4ssigkeit und hohe Qualit\u00e4t wie alle taktischen Werkzeuge, die Extrema Ratio an Spezialeinheiten des Milit\u00e4rs und der Strafverfolgungsbeh\u00f6rden liefert.<\/p>\n<p>Das Satre Expeditions ist, wie das ihm zugrunde liegende Modell Satre, ein kleines, leichtes und \u00e4u\u00dferst langlebiges Messer mit feststehender Klinge. Aufgrund seiner Eigenschaften wird es in den unterschiedlichsten Bereichen und Anwendungen oder als Bestandteil eines EDC-Kits (Every Day Carry) eingesetzt.<\/p>\n<p>Es wurde in Zusammenarbeit mit Daniele Dal Canto, Master Advanced-Lehrer, entwickelt. Im Neck Knife-Modus mit 550 Paracord kann es um den Hals gehalten werden, indem man das Messer vertikal mit dem Griff nach unten h\u00e4lt.<\/p>\n<p>Metall\u00f6sen an der vorgeformten Kydex-Scheide erm\u00f6glichen die Befestigung sowohl eines Seils als auch einer Zubeh\u00f6rhalterung. Optional ist unter www.extremaratio.com das ULTICLIP-System erh\u00e4ltlich, mit dem Sie das Holster nicht nur am G\u00fcrtel, sondern auch an Taschen, Hosen, Jacken, Hemden und T-Shirts befestigen k\u00f6nnen.<\/p>\n<p>Mit dem ULTICLIP kann das Messer sowohl horizontal als auch vertikal positioniert werden, sodass es sowohl von Linksh\u00e4ndern als auch von Rechtsh\u00e4ndern verwendet werden kann.<\/p>\n<p>Die skelettierte Struktur mit durchgehendem Erl erm\u00f6glicht eine individuelle Gestaltung des Messers mit Paracord als Griffabdeckung.<\/p>\n<p>Satre Expedition verwendet auf 58 HRC w\u00e4rmebehandelten B\u00f6hler N690-Stahl mit MIL-C-13924-Bl\u00e4uung und Stone-Wash-Finish (Dark Stone-Finish). Wird mit einem vorgeformten Kydex-Holster in W\u00fcstenfarbe geliefert, der am Firesteel befestigt werden kann, um Feuer zu machen (im Lieferumfang enthalten).<\/p>\n<p>G. GEWICHT: 78<br \/>\nGEWICHT OZ.: 2,75<br \/>\nKLINGENL\u00c4NGE: 7 cm<br \/>\nKLINGENL\u00c4NGE (IN): 2,75<br \/>\nGESAMTL\u00c4NGE: 16,3 cm<br \/>\nGESAMTL\u00c4NGE (IN): 6,42<br \/>\nKLINGENST\u00c4RKE (MM): 0,5 cm<br \/>\nKLINGENST\u00c4RKE (V): 0,19<br \/>\nKLINGENMATERIAL: B\u00d6HLER N690 STAHL (58HRC)<br \/>\nKLINGENFINISH: DUNKLER STEIN<br \/>\nMESSERSCHLEIFEN: FLACHKANTE<br \/>\nGRIFFMATERIAL: B\u00d6HLER N690 STAHL (58HRC)<\/p>\n<p>&nbsp;<\/p>\n<p><iframe title=\"Extrema Ratio Expeditions Series\" width=\"800\" height=\"450\" src=\"https:\/\/www.youtube.com\/embed\/zzT5fOpMNQU?feature=oembed\" frameborder=\"0\" allow=\"accelerometer; autoplay; clipboard-write; encrypted-media; gyroscope; picture-in-picture; web-share\" allowfullscreen><\/iframe><\/p>\n<p>&nbsp;<\/p>\n","protected":false},"excerpt":{"rendered":"<p><strong>Extrema Ratio mit Sitz in Prato, Italien, entwirft und produziert seit 1997 leistungsstarke Kampf-, Milit\u00e4r-, K\u00fcchen-, Jagd- und taktische Messer und genie\u00dft einen Ruf f\u00fcr \u00fcberlegene Qualit\u00e4t, die in der Milit\u00e4r- und taktischen Messerbranche ihresgleichen sucht. Kostenloser Transport.<\/strong><\/p>\n","protected":false},"featured_media":315398,"comment_status":"open","ping_status":"closed","template":"","meta":[],"pwb-brand":[3539],"product_brand":[],"product_cat":[3285,3287],"product_tag":[3669],"class_list":{"0":"post-315450","1":"product","2":"type-product","3":"status-publish","4":"has-post-thumbnail","6":"pwb-brand-extrema-verhaltnis","7":"product_cat-messer","8":"product_cat-solide-messer","9":"product_tag-b2b-de","11":"first","12":"instock","13":"taxable","14":"shipping-taxable","15":"purchasable","16":"product-type-simple"},"brands":[{"id":3539,"name":"Extrema-Verh\u00e4ltnis","slug":"extrema-verhaltnis"}],"_links":{"self":[{"href":"https:\/\/www.moskito.cz\/de\/wp-json\/wp\/v2\/product\/315450","targetHints":{"allow":["GET"]}}],"collection":[{"href":"https:\/\/www.moskito.cz\/de\/wp-json\/wp\/v2\/product"}],"about":[{"href":"https:\/\/www.moskito.cz\/de\/wp-json\/wp\/v2\/types\/product"}],"replies":[{"embeddable":true,"href":"https:\/\/www.moskito.cz\/de\/wp-json\/wp\/v2\/comments?post=315450"}],"wp:featuredmedia":[{"embeddable":true,"href":"https:\/\/www.moskito.cz\/de\/wp-json\/wp\/v2\/media\/315398"}],"wp:attachment":[{"href":"https:\/\/www.moskito.cz\/de\/wp-json\/wp\/v2\/media?parent=315450"}],"wp:term":[{"taxonomy":"pwb-brand","embeddable":true,"href":"https:\/\/www.moskito.cz\/de\/wp-json\/wp\/v2\/pwb-brand?post=315450"},{"taxonomy":"product_brand","embeddable":true,"href":"https:\/\/www.moskito.cz\/de\/wp-json\/wp\/v2\/product_brand?post=315450"},{"taxonomy":"product_cat","embeddable":true,"href":"https:\/\/www.moskito.cz\/de\/wp-json\/wp\/v2\/product_cat?post=315450"},{"taxonomy":"product_tag","embeddable":true,"href":"https:\/\/www.moskito.cz\/de\/wp-json\/wp\/v2\/product_tag?post=315450"}],"curies":[{"name":"wp","href":"https:\/\/api.w.org\/{rel}","templated":true}]}}