{"id":315541,"date":"2024-03-10T09:49:22","date_gmt":"2024-03-10T08:51:25","guid":{"rendered":"https:\/\/www.moskito.cz\/produkt\/microtech-dirac-cerakote-tan-225-3cta-schiessmesser\/"},"modified":"2025-05-07T11:03:29","modified_gmt":"2025-05-07T10:03:29","slug":"microtech-dirac-cerakote-tan-225-3cta-schiessmesser","status":"publish","type":"product","link":"https:\/\/www.moskito.cz\/de\/produkt\/microtech-dirac-cerakote-tan-225-3cta-schiessmesser\/","title":{"rendered":"Microtech Dirac Cerakote Tan 225-3CTA Schie\u00dfmesser"},"content":{"rendered":"<p><strong>Microtech<\/strong> Dirac Cerakote Tan 225-3CTA Schie\u00dfmesser<\/p>\n<p><strong>Das Dirac<\/strong> ist <strong>Microtechs<\/strong> erstes Double-Action-Messer mit einem Cover-Firing-Schieber. Das \u00e4u\u00dferst ergonomische Geh\u00e4use zeichnet sich durch geschwungene HALO-\u00e4hnliche Linien aus, die im Vergleich zu anderen Griffen ein etwas anderes Gef\u00fchl vermitteln. Sie haben dieses spezielle OTF-Design erforscht und ihre charakteristischen Mikrotechnologien mit ultrahoher Toleranz wie propriet\u00e4re Hardware, innovative interne Mechanismen und Glasbrecher verwendet. Mit einer Gesamtl\u00e4nge von 7,25 Zoll ist das Dirac genau das Richtige f\u00fcr ein Alltagsmesser.<\/p>\n<p>Klingenstahl: M390<\/p>\n<p>Gesamtl\u00e4nge: 22 cm<\/p>\n<p>Klingenl\u00e4nge: 8,6 cm<\/p>\n<p>Griffmaterial: 6061 T6 Aluminium<\/p>\n<p>Gewicht: 2,37 Unzen<\/p>\n<p><iframe title=\"Microtech Combat Troodon Torture Test\" width=\"800\" height=\"450\" src=\"https:\/\/www.youtube.com\/embed\/xE9TeOFYEjg?feature=oembed\" frameborder=\"0\" allow=\"accelerometer; autoplay; clipboard-write; encrypted-media; gyroscope; picture-in-picture; web-share\" allowfullscreen><\/iframe><\/p>\n<p>&nbsp;<\/p>\n","protected":false},"excerpt":{"rendered":"<p>Im Laufe der Jahre hat <strong>Microtech\u00ae Knives<\/strong> Messer mit Leidenschaft und K\u00f6nnen gef\u00fcllt, um nahezu Kunstwerke zu schaffen, die den Gipfel der Funktionalit\u00e4t darstellen. Alle Teile werden in den USA hergestellt.<br \/>\n<strong>F\u00fcr alle Microtech-Messer gilt eine lebenslange Garantie.<\/strong><\/p>\n<p><strong>Kostenloser Versand.<\/strong><\/p>\n","protected":false},"featured_media":315505,"comment_status":"open","ping_status":"closed","template":"","meta":[],"pwb-brand":[3278],"product_brand":[],"product_cat":[3285,3343],"product_tag":[3669],"class_list":{"0":"post-315541","1":"product","2":"type-product","3":"status-publish","4":"has-post-thumbnail","6":"pwb-brand-microtech-de","7":"product_cat-messer","8":"product_cat-schiesmesser","9":"product_tag-b2b-de","11":"first","12":"outofstock","13":"taxable","14":"shipping-taxable","15":"purchasable","16":"product-type-simple"},"brands":[{"id":3278,"name":"Microtech","slug":"microtech-de"}],"_links":{"self":[{"href":"https:\/\/www.moskito.cz\/de\/wp-json\/wp\/v2\/product\/315541","targetHints":{"allow":["GET"]}}],"collection":[{"href":"https:\/\/www.moskito.cz\/de\/wp-json\/wp\/v2\/product"}],"about":[{"href":"https:\/\/www.moskito.cz\/de\/wp-json\/wp\/v2\/types\/product"}],"replies":[{"embeddable":true,"href":"https:\/\/www.moskito.cz\/de\/wp-json\/wp\/v2\/comments?post=315541"}],"wp:featuredmedia":[{"embeddable":true,"href":"https:\/\/www.moskito.cz\/de\/wp-json\/wp\/v2\/media\/315505"}],"wp:attachment":[{"href":"https:\/\/www.moskito.cz\/de\/wp-json\/wp\/v2\/media?parent=315541"}],"wp:term":[{"taxonomy":"pwb-brand","embeddable":true,"href":"https:\/\/www.moskito.cz\/de\/wp-json\/wp\/v2\/pwb-brand?post=315541"},{"taxonomy":"product_brand","embeddable":true,"href":"https:\/\/www.moskito.cz\/de\/wp-json\/wp\/v2\/product_brand?post=315541"},{"taxonomy":"product_cat","embeddable":true,"href":"https:\/\/www.moskito.cz\/de\/wp-json\/wp\/v2\/product_cat?post=315541"},{"taxonomy":"product_tag","embeddable":true,"href":"https:\/\/www.moskito.cz\/de\/wp-json\/wp\/v2\/product_tag?post=315541"}],"curies":[{"name":"wp","href":"https:\/\/api.w.org\/{rel}","templated":true}]}}