{"id":315606,"date":"2024-03-10T15:38:30","date_gmt":"2024-03-10T14:40:37","guid":{"rendered":"https:\/\/www.moskito.cz\/produkt\/kershaw-launch-15-7950-messer\/"},"modified":"2025-05-07T11:03:30","modified_gmt":"2025-05-07T10:03:30","slug":"kershaw-launch-15-7950-messer","status":"publish","type":"product","link":"https:\/\/www.moskito.cz\/de\/produkt\/kershaw-launch-15-7950-messer\/","title":{"rendered":"Kershaw Launch 15 7950 Messer"},"content":{"rendered":"<p><strong>Kershaw<\/strong> Launch 15 7950 Messer<\/p>\n<p>Entdecken Sie eine Reihe von Innovationen in <strong>Launch 15<\/strong> . Der vollwertige Verkaufsautomat \u00f6ffnet sich per Knopfdruck. Beim Schneiden bricht die Klinge nicht nur durch, sondern nutzt auch die Vorteile von CPM MagnaCut. Dieser Premium-Klingenstahl punktet mit Schnitthaltigkeit, Z\u00e4higkeit, Verschlei\u00dffestigkeit und Korrosionsbest\u00e4ndigkeit. Noch besser: Der Launch 15 verf\u00fcgt \u00fcber einen Micarta-Canvas-Einsatz auf beiden Seiten des Aluminiumgriffs. F\u00fcr einen kompletten Look gibt es sogar einen d\u00fcnnen Micarta-Backspacer. Sie tragen jedes Feature mit einem umkehrbaren Deep-Carry-Clip in Ihrer Tasche. Mit seiner atemberaubenden \u00c4sthetik und der erstklassigen Klinge strebt das Launch 15 nach den Sternen.<\/p>\n<p>Funktion<br \/>\nHergestellt in den USA; Klinge mit bajonettartiger Speerspitze<br \/>\nReinigen Sie den Aluminiumgriff. Micarta-Canvas-Einsatz auf beiden Seiten des Griffs und der R\u00fcckseite<br \/>\nDer Premium-Pulvermetallurgiestahl CPM-MagnaCut zeichnet sich durch Schnitthaltigkeit, Korrosionsbest\u00e4ndigkeit, Verschlei\u00dffestigkeit und Z\u00e4higkeit aus<br \/>\nBlackWash-Finish hilft, Kratzer durch Gebrauch zu verbergen<br \/>\nEin flacher Knopf erschwert ein versehentliches Ausl\u00f6sen der Klinge<br \/>\nDer tiefe Taschenclip ist leicht umkehrbar und kann links\/rechts getragen werden<\/p>\n<p>Spezifikationen:<br \/>\nKlingenl\u00e4nge: 8,9 cm<br \/>\nGesamtl\u00e4nge: 21,3 cm<br \/>\nKlingenmaterial: CPM-MagnaCut Edelstahl<br \/>\nKlingenst\u00e4rke: 0,3 cm<br \/>\nKlingenstil: Speerspitze<br \/>\nKlingenoberfl\u00e4che: BlackWash<br \/>\nGriffmaterial: Schwarz eloxiertes Aluminium 6061-T6 mit Canvas-Micarta-Eins\u00e4tzen<br \/>\nGriffst\u00e4rke: 1,27 cm<br \/>\nVerriegelungsmechanismus: Knopf<br \/>\nTaschenclip: doppelseitiger Deep Carry<br \/>\nGewicht: 3,10 Unzen. (88g)<br \/>\nHergestellt in den USA<\/p>\n<p><iframe title=\"Kershaw Launch 15 - Model 7950\" width=\"800\" height=\"450\" src=\"https:\/\/www.youtube.com\/embed\/aV9HKeIZK7s?feature=oembed\" frameborder=\"0\" allow=\"accelerometer; autoplay; clipboard-write; encrypted-media; gyroscope; picture-in-picture; web-share\" allowfullscreen><\/iframe><\/p>\n<p>&nbsp;<\/p>\n","protected":false},"excerpt":{"rendered":"<p><strong>Entdecken Sie eine Vielzahl von Innovationen in Launch 15, dem Spielautomaten in Originalgr\u00f6\u00dfe.<\/strong><\/p>\n<p>Kostenloser Transport.<\/p>\n","protected":false},"featured_media":315555,"comment_status":"open","ping_status":"closed","template":"","meta":[],"pwb-brand":[3772],"product_brand":[],"product_cat":[3285,3343],"product_tag":[],"class_list":{"0":"post-315606","1":"product","2":"type-product","3":"status-publish","4":"has-post-thumbnail","6":"pwb-brand-kershaw-de","7":"product_cat-messer","8":"product_cat-schiesmesser","10":"first","11":"outofstock","12":"taxable","13":"shipping-taxable","14":"purchasable","15":"product-type-simple"},"brands":[{"id":3772,"name":"Kershaw","slug":"kershaw-de"}],"_links":{"self":[{"href":"https:\/\/www.moskito.cz\/de\/wp-json\/wp\/v2\/product\/315606","targetHints":{"allow":["GET"]}}],"collection":[{"href":"https:\/\/www.moskito.cz\/de\/wp-json\/wp\/v2\/product"}],"about":[{"href":"https:\/\/www.moskito.cz\/de\/wp-json\/wp\/v2\/types\/product"}],"replies":[{"embeddable":true,"href":"https:\/\/www.moskito.cz\/de\/wp-json\/wp\/v2\/comments?post=315606"}],"wp:featuredmedia":[{"embeddable":true,"href":"https:\/\/www.moskito.cz\/de\/wp-json\/wp\/v2\/media\/315555"}],"wp:attachment":[{"href":"https:\/\/www.moskito.cz\/de\/wp-json\/wp\/v2\/media?parent=315606"}],"wp:term":[{"taxonomy":"pwb-brand","embeddable":true,"href":"https:\/\/www.moskito.cz\/de\/wp-json\/wp\/v2\/pwb-brand?post=315606"},{"taxonomy":"product_brand","embeddable":true,"href":"https:\/\/www.moskito.cz\/de\/wp-json\/wp\/v2\/product_brand?post=315606"},{"taxonomy":"product_cat","embeddable":true,"href":"https:\/\/www.moskito.cz\/de\/wp-json\/wp\/v2\/product_cat?post=315606"},{"taxonomy":"product_tag","embeddable":true,"href":"https:\/\/www.moskito.cz\/de\/wp-json\/wp\/v2\/product_tag?post=315606"}],"curies":[{"name":"wp","href":"https:\/\/api.w.org\/{rel}","templated":true}]}}