{"id":315769,"date":"2024-03-10T21:21:20","date_gmt":"2024-03-11T08:23:20","guid":{"rendered":"https:\/\/www.moskito.cz\/produkt\/schiessmesser-microtech-hawk-karambit-266-1t\/"},"modified":"2025-05-07T11:03:36","modified_gmt":"2025-05-07T10:03:36","slug":"schiessmesser-microtech-hawk-karambit-266-1t","status":"publish","type":"product","link":"https:\/\/www.moskito.cz\/de\/produkt\/schiessmesser-microtech-hawk-karambit-266-1t\/","title":{"rendered":"Schie\u00dfmesser Microtech Hawk Karambit 266-1T"},"content":{"rendered":"<p>Schie\u00dfmesser <strong>Microtech<\/strong> Hawk Karambit 266-1T<\/p>\n<p>2019 erlebte das klassische Hawk-Druckknopf-Automatikmesser eine Wiedergeburt. Dieses urspr\u00fcnglich 1996 auf den Markt gebrachte Messer stellt eine klassische Komponente mit aktualisierten \u00e4sthetischen Merkmalen neu dar, die f\u00fcr eine glattere Oberfl\u00e4che und erh\u00f6hte Funktionalit\u00e4t \u00fcberarbeitet wurden. Jetzt ist der Hawk vollst\u00e4ndig als taktisches Pinkie-Ring-Karambit realisiert. Es verf\u00fcgt immer noch \u00fcber die gleiche effiziente Hawkbill-Klinge und den gleichen automatischen Schussmechanismus, die es zu einer robusten taktischen Komponente machen. Hervorragende Ergonomie, ein Hartmetall-Glasbrecher und Treten genau dort, wo Sie es brauchen \u2013 im vorderen und hinteren Griff \u2013 sind auf den ersten Blick erkennbar. Aber es sind das unglaubliche R\u00fcckendesign, die engen Toleranzen und die \u00fcberlegene Aktion, die man nicht sieht, die den Unterschied ausmachen. Dieses Messer ist einfach umwerfend und f\u00e4ngt das ber\u00fchmte Hawk-Design perfekt ein.<\/p>\n<p>Spezifikationen<br \/>\nKlingenl\u00e4nge: 10 cm<br \/>\nL\u00e4nge geschlossen: 12,5 cm<br \/>\nGesamtl\u00e4nge: 25 cm<br \/>\nKlingenmaterial: M390<br \/>\nKlingenstil: Karambit<br \/>\nKlingenschliff: Flach<br \/>\nKlingenfinish: Schwarz<br \/>\nGriffmaterial: Schwarzes Aluminium 6061-T6 mit strukturierten Eins\u00e4tzen<br \/>\nGriffst\u00e4rke: 0,53 Zoll<br \/>\nVerriegelungsmechanismus: Knopf<br \/>\nTaschenclip: Edelstahl (herausklappbar, rechtsh\u00e4ndig zu tragen)<br \/>\nGewicht: 5,2 Unzen.<br \/>\nDesigner: Tony Marfione<br \/>\nHergestellt in den USA<\/p>\n<p><iframe title=\"Microtech Combat Troodon Torture Test\" width=\"800\" height=\"450\" src=\"https:\/\/www.youtube.com\/embed\/xE9TeOFYEjg?feature=oembed\" frameborder=\"0\" allow=\"accelerometer; autoplay; clipboard-write; encrypted-media; gyroscope; picture-in-picture; web-share\" allowfullscreen><\/iframe><\/p>\n<p>&nbsp;<\/p>\n","protected":false},"excerpt":{"rendered":"<p><strong>Im Laufe der Jahre hat Microtech\u00ae Knives Messer mit Leidenschaft und K\u00f6nnen gef\u00fcllt, um nahezu Kunstwerke zu schaffen, die den Gipfel der Funktionalit\u00e4t darstellen. Alle Teile werden in den USA hergestellt.<\/strong><br \/>\n<strong>F\u00fcr alle Microtech-Messer gilt eine lebenslange Garantie.<\/strong><\/p>\n<p><strong>Kostenloser Transport.<\/strong><\/p>\n","protected":false},"featured_media":315717,"comment_status":"open","ping_status":"closed","template":"","meta":[],"pwb-brand":[3278],"product_brand":[],"product_cat":[3285,3343],"product_tag":[3669],"class_list":{"0":"post-315769","1":"product","2":"type-product","3":"status-publish","4":"has-post-thumbnail","6":"pwb-brand-microtech-de","7":"product_cat-messer","8":"product_cat-schiesmesser","9":"product_tag-b2b-de","11":"first","12":"instock","13":"taxable","14":"shipping-taxable","15":"purchasable","16":"product-type-simple"},"brands":[{"id":3278,"name":"Microtech","slug":"microtech-de"}],"_links":{"self":[{"href":"https:\/\/www.moskito.cz\/de\/wp-json\/wp\/v2\/product\/315769","targetHints":{"allow":["GET"]}}],"collection":[{"href":"https:\/\/www.moskito.cz\/de\/wp-json\/wp\/v2\/product"}],"about":[{"href":"https:\/\/www.moskito.cz\/de\/wp-json\/wp\/v2\/types\/product"}],"replies":[{"embeddable":true,"href":"https:\/\/www.moskito.cz\/de\/wp-json\/wp\/v2\/comments?post=315769"}],"wp:featuredmedia":[{"embeddable":true,"href":"https:\/\/www.moskito.cz\/de\/wp-json\/wp\/v2\/media\/315717"}],"wp:attachment":[{"href":"https:\/\/www.moskito.cz\/de\/wp-json\/wp\/v2\/media?parent=315769"}],"wp:term":[{"taxonomy":"pwb-brand","embeddable":true,"href":"https:\/\/www.moskito.cz\/de\/wp-json\/wp\/v2\/pwb-brand?post=315769"},{"taxonomy":"product_brand","embeddable":true,"href":"https:\/\/www.moskito.cz\/de\/wp-json\/wp\/v2\/product_brand?post=315769"},{"taxonomy":"product_cat","embeddable":true,"href":"https:\/\/www.moskito.cz\/de\/wp-json\/wp\/v2\/product_cat?post=315769"},{"taxonomy":"product_tag","embeddable":true,"href":"https:\/\/www.moskito.cz\/de\/wp-json\/wp\/v2\/product_tag?post=315769"}],"curies":[{"name":"wp","href":"https:\/\/api.w.org\/{rel}","templated":true}]}}