{"id":315828,"date":"2024-03-11T16:46:49","date_gmt":"2024-03-11T15:56:06","guid":{"rendered":"https:\/\/www.moskito.cz\/produkt\/schiessmesser-microtech-stitch-manual-apocalyptic-169rl-11apflgtbk\/"},"modified":"2025-05-07T11:03:37","modified_gmt":"2025-05-07T10:03:37","slug":"schiessmesser-microtech-stitch-manual-apocalyptic-169rl-11apflgtbk","status":"publish","type":"product","link":"https:\/\/www.moskito.cz\/de\/produkt\/schiessmesser-microtech-stitch-manual-apocalyptic-169rl-11apflgtbk\/","title":{"rendered":"Schie\u00dfmesser Microtech Stitch Manual Apocalyptic 169RL-11APFLGTBK"},"content":{"rendered":"<p>Schie\u00dfmesser <strong>Microtech<\/strong> Stitch Manual Apocalyptic 169RL-11APFLGTBK<\/p>\n<p><strong>Das 2023 auf den Markt gebrachte Stitch<\/strong> RAM-LOK deb\u00fctierte mit dem MSI (Microtech Standard Issue) als erstes Microtech-Holz, das \u00fcber die fantastische RAM-LOK-Technologie verf\u00fcgt. Dieses robuste Crossbar-Schloss verf\u00fcgt \u00fcber das charakteristische Stufenmuster von Microtech, das durch die Ultratech-Serie von Steuerschaltern bekannt wurde. Der gro\u00dfe Klingenausschnitt bietet viel Platz f\u00fcr einen Mittelfinger-R\u00fcckschwung sowie eine standardm\u00e4\u00dfige langsame Daumen\u00f6ffnung mit oder ohne Handschuhe. Wenn Ihnen beides nicht gef\u00e4llt, ziehen Sie einfach am RAM-LOK und die Klinge \u00f6ffnet sich mit einer einfachen Bewegung aus dem Handgelenk. Die G10-Griffe sind glatt und leicht klebrig und bieten sowohl im Standard- als auch im Reverse-Griff gro\u00dfe Griffm\u00f6glichkeiten. Robust, langlebig und hergestellt in den USA; Wir wissen, dass MSI schnell zum Liebling der Fans aller Mitglieder der Messer-Community werden wird.<\/p>\n<p>Der Microtech Stitch ist eine wundersch\u00f6ne taktische Zusammenarbeit zwischen Tony Marfione und Sebastijan Berenji, auch bekannt als Borka. Es nimmt Sebastijans erstaunliches Stitch-Design und kombiniert es mit Tonys erstaunlicher Er\u00f6ffnungsmechanik, um eine der erstaunlichsten Produktionskollaborationen aller Zeiten zu schaffen. Die 3,625-Zoll-Speerspitzenklinge verf\u00fcgt \u00fcber einen flachen Boden sowie Finger- und Daumenrillen f\u00fcr besseren Halt bei feineren Schneidaufgaben.<br \/>\nSpezifikationen<\/p>\n<p>Klingenl\u00e4nge: 9 cm<br \/>\nL\u00e4nge geschlossen: 12,5 cm<br \/>\nGesamtl\u00e4nge: 21 cm<br \/>\nKlingenstahl: B\u00f6hler M390MK Edelstahl<br \/>\nKlingenstil: Speerspitze<br \/>\nKlingenschliff: Flach<br \/>\nKlingenfinish: Apokalyptisch<br \/>\nGriffmaterial: Schwarzes gerilltes G10<br \/>\nEinsatzmaterial: Edelstahl<br \/>\nVerriegelungsmechanismus: RAM-LOK<br \/>\nTaschenclip: Edelstahl (klappbar, rechtsh\u00e4ndig zu tragen)<br \/>\nGewicht: 5,22 Unzen.<br \/>\nDesigner: Sebastijan Berenji und Tony Marfione<br \/>\nHergestellt in den USA<\/p>\n<p>&nbsp;<\/p>\n<p><iframe title=\"Microtech Combat Troodon Torture Test\" width=\"800\" height=\"450\" src=\"https:\/\/www.youtube.com\/embed\/xE9TeOFYEjg?feature=oembed\" frameborder=\"0\" allow=\"accelerometer; autoplay; clipboard-write; encrypted-media; gyroscope; picture-in-picture; web-share\" allowfullscreen><\/iframe><\/p>\n<p>&nbsp;<\/p>\n","protected":false},"excerpt":{"rendered":"<div class=\"elementor-element elementor-element-bbb542b elementor-widget elementor-widget-woocommerce-product-short-description\" data-id=\"bbb542b\" data-element_type=\"widget\" data-widget_type=\"woocommerce-product-short-description.default\">\n<div class=\"elementor-widget-container\">\n<div class=\"woocommerce-product-details__short-description\">\n<p><strong>Im Laufe der Jahre hat Microtech\u00ae Knives Messer mit Leidenschaft und K\u00f6nnen gef\u00fcllt, um nahezu Kunstwerke zu schaffen, die den Gipfel der Funktionalit\u00e4t darstellen. Alle Teile werden in den USA hergestellt.<\/strong><br \/>\n<strong>F\u00fcr alle Microtech-Messer gilt eine lebenslange Garantie.<\/strong><\/p>\n<p><strong>Kostenloser Transport.<\/strong><\/p>\n<\/div>\n<\/div>\n<\/div>\n","protected":false},"featured_media":315778,"comment_status":"open","ping_status":"closed","template":"","meta":[],"pwb-brand":[3278],"product_brand":[],"product_cat":[3285,3303],"product_tag":[3669],"class_list":{"0":"post-315828","1":"product","2":"type-product","3":"status-publish","4":"has-post-thumbnail","6":"pwb-brand-microtech-de","7":"product_cat-messer","8":"product_cat-schliesmesser","9":"product_tag-b2b-de","11":"first","12":"instock","13":"taxable","14":"shipping-taxable","15":"purchasable","16":"product-type-simple"},"brands":[{"id":3278,"name":"Microtech","slug":"microtech-de"}],"_links":{"self":[{"href":"https:\/\/www.moskito.cz\/de\/wp-json\/wp\/v2\/product\/315828","targetHints":{"allow":["GET"]}}],"collection":[{"href":"https:\/\/www.moskito.cz\/de\/wp-json\/wp\/v2\/product"}],"about":[{"href":"https:\/\/www.moskito.cz\/de\/wp-json\/wp\/v2\/types\/product"}],"replies":[{"embeddable":true,"href":"https:\/\/www.moskito.cz\/de\/wp-json\/wp\/v2\/comments?post=315828"}],"wp:featuredmedia":[{"embeddable":true,"href":"https:\/\/www.moskito.cz\/de\/wp-json\/wp\/v2\/media\/315778"}],"wp:attachment":[{"href":"https:\/\/www.moskito.cz\/de\/wp-json\/wp\/v2\/media?parent=315828"}],"wp:term":[{"taxonomy":"pwb-brand","embeddable":true,"href":"https:\/\/www.moskito.cz\/de\/wp-json\/wp\/v2\/pwb-brand?post=315828"},{"taxonomy":"product_brand","embeddable":true,"href":"https:\/\/www.moskito.cz\/de\/wp-json\/wp\/v2\/product_brand?post=315828"},{"taxonomy":"product_cat","embeddable":true,"href":"https:\/\/www.moskito.cz\/de\/wp-json\/wp\/v2\/product_cat?post=315828"},{"taxonomy":"product_tag","embeddable":true,"href":"https:\/\/www.moskito.cz\/de\/wp-json\/wp\/v2\/product_tag?post=315828"}],"curies":[{"name":"wp","href":"https:\/\/api.w.org\/{rel}","templated":true}]}}