{"id":316011,"date":"2024-03-11T21:14:38","date_gmt":"2024-03-11T20:17:06","guid":{"rendered":"https:\/\/www.moskito.cz\/produkt\/microtech-makora-signature-series-206-3ts-schiessmesser\/"},"modified":"2025-05-07T11:03:42","modified_gmt":"2025-05-07T10:03:42","slug":"microtech-makora-signature-series-206-3ts-schiessmesser","status":"publish","type":"product","link":"https:\/\/www.moskito.cz\/de\/produkt\/microtech-makora-signature-series-206-3ts-schiessmesser\/","title":{"rendered":"Microtech Makora Signature Series 206-3TS Schie\u00dfmesser"},"content":{"rendered":"<p><strong>Microtech<\/strong> Makora Signature Series 206-3TS Schie\u00dfmesser<\/p>\n<p><strong>Microtech Makora<\/strong> D\/E Schwarzer taktischer Griff mit schwarzen Eins\u00e4tzen. Griff Schwarzer taktischer, vollst\u00e4ndig ger\u00e4ndelter innerer Nickel-Bor-Signature-Serie 206-3TS<\/p>\n<p><strong>Makora<\/strong> Refresh ist ein Design, das urspr\u00fcnglich aus dem Ultratech-Design hervorgegangen ist. Es hat insgesamt eine <strong>Ultratech-<\/strong> Form mit einer zus\u00e4tzlichen Spitze oben am Griff und dem Vorteil eines Griffeinsatzes. Zu den weiteren Verbesserungen der neuen Makora-Reihe geh\u00f6ren Rillen an der Basis der Klinge, \u00d6ffnungen an der Unterseite des Geh\u00e4uses und mit Nickel-Bor beschichtete Innenteile. Diese Verbesserungen machen die Aktion unglaublich reibungslos und zuverl\u00e4ssig und erleichtern auch die Wartung ein wenig.<\/p>\n<p>Dieses unverwechselbare Serienmodell verf\u00fcgt \u00fcber einen schwarzen taktischen Griff aus eloxiertem Aluminium mit Griffeinsatz. Schwarze zweischneidige taktische Dolchklinge aus M390-Edelstahl. Schwarzes Design und schwarzer Taschenclip mit Signaturserie und Makora-Logos. Der Taschenclip verf\u00fcgt au\u00dferdem \u00fcber Modellinformationen, Seriennummer und Herstellungsdatum. Inneres Nickel-Bor. Das Modell der Signature-Serie wird Sie nicht entt\u00e4uschen!<\/p>\n<p>Klingenmaterial: M390<br \/>\nGriffmaterial: Aluminium<br \/>\nSicherheit: Schiebeverriegelung<br \/>\nKlingenl\u00e4nge: 8,4 cm<br \/>\nGesamtl\u00e4nge: 21,5 cm<br \/>\nL\u00e4nge des gefalteten Messers: 13 cm<br \/>\nKlingenst\u00e4rke: 0,3 cm<br \/>\nGewicht: 94 g<br \/>\nKlingentyp: Doppelschneidiger Dolch<br \/>\nVerwendung: Taktisch, EDC \u2013 Alltagskleidung<br \/>\nEinh\u00e4ndiges \u00d6ffnen: ja<br \/>\nMessertyp: Pop-up, OTF<br \/>\n\u00d6ffnungstyp: Daumenschieber<br \/>\nSchnalle: ja<br \/>\nSchleifart: Flach<br \/>\nHersteller: Microtech<br \/>\nHerkunftsland: USA<\/p>\n<p>&nbsp;<\/p>\n<p><iframe title=\"Microtech Combat Troodon Torture Test\" width=\"800\" height=\"450\" src=\"https:\/\/www.youtube.com\/embed\/xE9TeOFYEjg?feature=oembed\" frameborder=\"0\" allow=\"accelerometer; autoplay; clipboard-write; encrypted-media; gyroscope; picture-in-picture; web-share\" allowfullscreen><\/iframe><\/p>\n<p>&nbsp;<\/p>\n","protected":false},"excerpt":{"rendered":"<p><strong>Im Laufe der Jahre hat Microtech\u00ae Knives Messer mit Leidenschaft und K\u00f6nnen gef\u00fcllt, um nahezu Kunstwerke zu schaffen, die den Gipfel der Funktionalit\u00e4t darstellen. Alle Teile werden in den USA hergestellt.<\/strong><br \/>\n<strong>F\u00fcr alle Microtech-Messer gilt eine lebenslange Garantie.<\/strong><\/p>\n<p><strong>Kostenloser Versand.<\/strong><\/p>\n","protected":false},"featured_media":315961,"comment_status":"open","ping_status":"closed","template":"","meta":[],"pwb-brand":[3278],"product_brand":[],"product_cat":[3285,3343],"product_tag":[3669],"class_list":{"0":"post-316011","1":"product","2":"type-product","3":"status-publish","4":"has-post-thumbnail","6":"pwb-brand-microtech-de","7":"product_cat-messer","8":"product_cat-schiesmesser","9":"product_tag-b2b-de","11":"first","12":"outofstock","13":"taxable","14":"shipping-taxable","15":"purchasable","16":"product-type-simple"},"brands":[{"id":3278,"name":"Microtech","slug":"microtech-de"}],"_links":{"self":[{"href":"https:\/\/www.moskito.cz\/de\/wp-json\/wp\/v2\/product\/316011","targetHints":{"allow":["GET"]}}],"collection":[{"href":"https:\/\/www.moskito.cz\/de\/wp-json\/wp\/v2\/product"}],"about":[{"href":"https:\/\/www.moskito.cz\/de\/wp-json\/wp\/v2\/types\/product"}],"replies":[{"embeddable":true,"href":"https:\/\/www.moskito.cz\/de\/wp-json\/wp\/v2\/comments?post=316011"}],"wp:featuredmedia":[{"embeddable":true,"href":"https:\/\/www.moskito.cz\/de\/wp-json\/wp\/v2\/media\/315961"}],"wp:attachment":[{"href":"https:\/\/www.moskito.cz\/de\/wp-json\/wp\/v2\/media?parent=316011"}],"wp:term":[{"taxonomy":"pwb-brand","embeddable":true,"href":"https:\/\/www.moskito.cz\/de\/wp-json\/wp\/v2\/pwb-brand?post=316011"},{"taxonomy":"product_brand","embeddable":true,"href":"https:\/\/www.moskito.cz\/de\/wp-json\/wp\/v2\/product_brand?post=316011"},{"taxonomy":"product_cat","embeddable":true,"href":"https:\/\/www.moskito.cz\/de\/wp-json\/wp\/v2\/product_cat?post=316011"},{"taxonomy":"product_tag","embeddable":true,"href":"https:\/\/www.moskito.cz\/de\/wp-json\/wp\/v2\/product_tag?post=316011"}],"curies":[{"name":"wp","href":"https:\/\/api.w.org\/{rel}","templated":true}]}}